{"id":1817,"date":"2020-08-24T02:50:56","date_gmt":"2020-08-24T02:50:56","guid":{"rendered":"https:\/\/www.jode.at\/services\/"},"modified":"2022-11-08T13:00:55","modified_gmt":"2022-11-08T13:00:55","slug":"services","status":"publish","type":"page","link":"https:\/\/www.jode.at\/en\/services\/","title":{"rendered":"Services"},"content":{"rendered":"<div class=\"wp-block-cover alignfull uag-hide-mob\" style=\"min-height:470px;aspect-ratio:unset;\"><span aria-hidden=\"true\" class=\"wp-block-cover__background has-background-dim-10 has-background-dim\" style=\"background-color:#2c4c65\"><\/span><img loading=\"lazy\" decoding=\"async\" width=\"1920\" height=\"471\" class=\"wp-block-cover__image-background wp-image-5565\" alt=\"\" src=\"https:\/\/www.jode.at\/wp-content\/uploads\/2022\/10\/cupfer-platte.webp\" data-object-fit=\"cover\" srcset=\"https:\/\/www.jode.at\/wp-content\/uploads\/2022\/10\/cupfer-platte.webp 1920w, https:\/\/www.jode.at\/wp-content\/uploads\/2022\/10\/cupfer-platte-300x74.webp 300w, https:\/\/www.jode.at\/wp-content\/uploads\/2022\/10\/cupfer-platte-1024x251.webp 1024w, https:\/\/www.jode.at\/wp-content\/uploads\/2022\/10\/cupfer-platte-768x188.webp 768w, https:\/\/www.jode.at\/wp-content\/uploads\/2022\/10\/cupfer-platte-1536x377.webp 1536w, https:\/\/www.jode.at\/wp-content\/uploads\/2022\/10\/cupfer-platte-18x4.webp 18w\" sizes=\"auto, (max-width: 1920px) 100vw, 1920px\" \/><div class=\"wp-block-cover__inner-container is-layout-flow wp-block-cover-is-layout-flow\">\n<h1 class=\"has-ast-global-color-5-color has-text-color wp-block-heading\" id=\"services\">Services<\/h1>\n<\/div><\/div>\n\n\n\n<div class=\"wp-block-cover alignwide uag-hide-desktop uag-hide-tab\" style=\"min-height:370px;aspect-ratio:unset;\"><span aria-hidden=\"true\" class=\"wp-block-cover__background has-background-dim-10 has-background-dim\" style=\"background-color:#2c4c65\"><\/span><img loading=\"lazy\" decoding=\"async\" width=\"1920\" height=\"1080\" class=\"wp-block-cover__image-background wp-image-5644\" alt=\"\" src=\"https:\/\/www.jode.at\/wp-content\/uploads\/2022\/10\/leif-christoph-gottwald-uRmOHG_apMw-unsplash.webp\" data-object-fit=\"cover\" srcset=\"https:\/\/www.jode.at\/wp-content\/uploads\/2022\/10\/leif-christoph-gottwald-uRmOHG_apMw-unsplash.webp 1920w, https:\/\/www.jode.at\/wp-content\/uploads\/2022\/10\/leif-christoph-gottwald-uRmOHG_apMw-unsplash-300x169.webp 300w, https:\/\/www.jode.at\/wp-content\/uploads\/2022\/10\/leif-christoph-gottwald-uRmOHG_apMw-unsplash-1024x576.webp 1024w, https:\/\/www.jode.at\/wp-content\/uploads\/2022\/10\/leif-christoph-gottwald-uRmOHG_apMw-unsplash-768x432.webp 768w, https:\/\/www.jode.at\/wp-content\/uploads\/2022\/10\/leif-christoph-gottwald-uRmOHG_apMw-unsplash-1536x864.webp 1536w, https:\/\/www.jode.at\/wp-content\/uploads\/2022\/10\/leif-christoph-gottwald-uRmOHG_apMw-unsplash-18x10.webp 18w\" sizes=\"auto, (max-width: 1920px) 100vw, 1920px\" \/><div class=\"wp-block-cover__inner-container is-layout-flow wp-block-cover-is-layout-flow\">\n<div style=\"height:45px\" aria-hidden=\"true\" class=\"wp-block-spacer\"><\/div>\n\n\n\n<div class=\"wp-block-essential-blocks-advanced-heading\"><div class=\"eb-parent-wrapper eb-parent-eb-advance-heading-5abuj6f\"><div class=\"eb-advance-heading-wrapper eb-advance-heading-5abuj6f button-1\" data-id=\"eb-advance-heading-5abuj6f\"><h2 class=\"eb-ah-title\">Services<\/h2><\/div><\/div><\/div>\n<\/div><\/div>\n\n\n\n<div class=\"inherit-container-width wp-block-group alignfull is-layout-constrained wp-block-group-is-layout-constrained\">\n<div style=\"height:39px\" aria-hidden=\"true\" class=\"wp-block-spacer\"><\/div>\n\n\n\n<h3 class=\"has-text-color wp-block-heading\" id=\"wie-wir-mehrwert-schaffen\" style=\"color:#2c4c65;text-transform:none\">How we add value<\/h3>\n\n\n\n<p>We source raw materials from smelters, mines and primary &amp; secondary products and meet the consumption needs of smelters, automotive industry and other industrial consumers. We supply our customers, including manufacturers, end users and government agencies, with the resources they need.<\/p>\n\n\n\n<div style=\"height:24px\" aria-hidden=\"true\" class=\"wp-block-spacer\"><\/div>\n<\/div>\n\n\n\n<div class=\"wp-block-columns is-layout-flex wp-container-core-columns-is-layout-c6bc58be wp-block-columns-is-layout-flex\" style=\"padding-top:0px;padding-right:0px;padding-bottom:0px;padding-left:0px\">\n<div class=\"wp-block-column is-layout-flow wp-block-column-is-layout-flow\">\n<h5 class=\"has-vivid-red-color has-text-color wp-block-heading\" id=\"01\">01.<\/h5>\n\n\n\n<h5 class=\"wp-block-heading\" id=\"vermarktung-von-rohstoffen-1\">Marketing of raw materials<\/h5>\n\n\n\n<p>We offer our customers a variety of primary and secondary products for their finished goods. Our global supplier network is an important factor in this.&nbsp;<\/p>\n<\/div>\n\n\n\n<div class=\"wp-block-column is-layout-flow wp-block-column-is-layout-flow\">\n<h5 class=\"has-vivid-red-color has-text-color wp-block-heading\" id=\"02\">02.<\/h5>\n\n\n\n<h5 class=\"wp-block-heading\" id=\"logistik\">Logistics<\/h5>\n\n\n\n<p>Our chartering specialists are involved in every process, making the movement of goods easier for our customers.<\/p>\n<\/div>\n\n\n\n<div class=\"wp-block-column is-layout-flow wp-block-column-is-layout-flow\">\n<h5 class=\"has-vivid-red-color has-text-color wp-block-heading\" id=\"03\">03.<\/h5>\n\n\n\n<h5 class=\"wp-block-heading\" id=\"recycling\">Recycling<\/h5>\n\n\n\n<p>JODE, in addition to sourcing and marketing primary raw materials, also places a high value on recycling secondary raw materials. We see waste as the key to consistency.<\/p>\n<\/div>\n\n\n\n<div class=\"wp-block-column is-layout-flow wp-block-column-is-layout-flow\">\n<h5 class=\"has-vivid-red-color has-text-color wp-block-heading\" id=\"04\">04.<\/h5>\n\n\n\n<h5 class=\"wp-block-heading\" id=\"consulting\">Consulting<\/h5>\n\n\n\n<p>We show our customers how, with JODE's decades of industry experience, they can turn any strategic hurdle into a realizable advantage.&nbsp;<\/p>\n<\/div>\n<\/div>\n\n\n\n<div class=\"inherit-container-width wp-block-group alignfull has-background is-layout-constrained wp-block-group-is-layout-constrained\" style=\"background:linear-gradient(180deg,rgb(255,255,255) 0%,rgb(244,248,253) 100%)\">\n<div class=\"wp-block-columns is-layout-flex wp-container-core-columns-is-layout-28f84493 wp-block-columns-is-layout-flex\">\n<div class=\"wp-block-column is-layout-flow wp-block-column-is-layout-flow\">\n<figure class=\"wp-block-image size-full\"><img loading=\"lazy\" decoding=\"async\" width=\"900\" height=\"595\" src=\"https:\/\/www.jode.at\/wp-content\/uploads\/2022\/10\/marcin-jozwiak-oh0DITWoHi4-unsplash-scaled-1.webp\" alt=\"\" class=\"wp-image-5552\" srcset=\"https:\/\/www.jode.at\/wp-content\/uploads\/2022\/10\/marcin-jozwiak-oh0DITWoHi4-unsplash-scaled-1.webp 900w, https:\/\/www.jode.at\/wp-content\/uploads\/2022\/10\/marcin-jozwiak-oh0DITWoHi4-unsplash-scaled-1-300x198.webp 300w, https:\/\/www.jode.at\/wp-content\/uploads\/2022\/10\/marcin-jozwiak-oh0DITWoHi4-unsplash-scaled-1-768x508.webp 768w, https:\/\/www.jode.at\/wp-content\/uploads\/2022\/10\/marcin-jozwiak-oh0DITWoHi4-unsplash-scaled-1-18x12.webp 18w\" sizes=\"auto, (max-width: 900px) 100vw, 900px\" \/><figcaption class=\"wp-element-caption\">Our own fleet of vehicles ensures the punctual delivery of your goods.<\/figcaption><\/figure>\n<\/div>\n\n\n\n<div class=\"wp-block-column is-layout-flow wp-block-column-is-layout-flow\">\n<figure class=\"wp-block-image size-full\"><img loading=\"lazy\" decoding=\"async\" width=\"900\" height=\"595\" src=\"https:\/\/www.jode.at\/wp-content\/uploads\/2022\/10\/jode-truck-trasport-neu.webp\" alt=\"\" class=\"wp-image-5684\" srcset=\"https:\/\/www.jode.at\/wp-content\/uploads\/2022\/10\/jode-truck-trasport-neu.webp 900w, https:\/\/www.jode.at\/wp-content\/uploads\/2022\/10\/jode-truck-trasport-neu-300x198.webp 300w, https:\/\/www.jode.at\/wp-content\/uploads\/2022\/10\/jode-truck-trasport-neu-768x508.webp 768w, https:\/\/www.jode.at\/wp-content\/uploads\/2022\/10\/jode-truck-trasport-neu-18x12.webp 18w\" sizes=\"auto, (max-width: 900px) 100vw, 900px\" \/><figcaption class=\"wp-element-caption\">Consistent standards and responsible work across a broad spectrum.<\/figcaption><\/figure>\n<\/div>\n<\/div>\n<\/div>\n\n\n\n<div class=\"inherit-container-width wp-block-group alignfull has-background is-layout-constrained wp-block-group-is-layout-constrained\" style=\"background-color:#f4f8fd\">\n<h3 class=\"has-text-color wp-block-heading\" id=\"waren-und-guter\" style=\"color:#2c4c65;text-transform:none\">Goods and commodities<\/h3>\n\n\n\n<p>JODE offers a variety goods and commodities for the consumption of customers.&nbsp;&nbsp;<\/p>\n\n\n\n<div class=\"wp-block-columns is-layout-flex wp-container-core-columns-is-layout-28f84493 wp-block-columns-is-layout-flex\">\n<div class=\"wp-block-column is-layout-flow wp-block-column-is-layout-flow\">\n<figure class=\"wp-block-image size-full is-resized\"><img decoding=\"async\" src=\"https:\/\/www.jode.at\/wp-content\/uploads\/2022\/10\/Frame-6.png\" alt=\"\" class=\"wp-image-2702\" width=\"60\" srcset=\"https:\/\/www.jode.at\/wp-content\/uploads\/2022\/10\/Frame-6.png 80w, https:\/\/www.jode.at\/wp-content\/uploads\/2022\/10\/Frame-6-14x12.png 14w\" sizes=\"(max-width: 80px) 100vw, 80px\" \/><\/figure>\n\n\n\n<h5 class=\"wp-block-heading\" id=\"aluminiumprofile\">Aluminum profiles<\/h5>\n\n\n\n<p>Whether standard profiles, Bosch profiles, item profiles - we offer aluminum profiles for every purpose.<\/p>\n<\/div>\n\n\n\n<div class=\"wp-block-column is-layout-flow wp-block-column-is-layout-flow\">\n<figure class=\"wp-block-image size-full is-resized\"><img loading=\"lazy\" decoding=\"async\" src=\"https:\/\/www.jode.at\/wp-content\/uploads\/2022\/10\/Group-16.png\" alt=\"\" class=\"wp-image-2708\" width=\"53\" height=\"41\" srcset=\"https:\/\/www.jode.at\/wp-content\/uploads\/2022\/10\/Group-16.png 80w, https:\/\/www.jode.at\/wp-content\/uploads\/2022\/10\/Group-16-15x12.png 15w\" sizes=\"auto, (max-width: 53px) 100vw, 53px\" \/><\/figure>\n\n\n\n<h5 class=\"wp-block-heading\" id=\"automotive-teile\">Automotive parts<\/h5>\n\n\n\n<p>We supply our customers with customized automotive parts for the production of new motor vehicles.<\/p>\n<\/div>\n\n\n\n<div class=\"wp-block-column is-layout-flow wp-block-column-is-layout-flow\">\n<figure class=\"wp-block-image size-full is-resized\"><img decoding=\"async\" src=\"https:\/\/www.jode.at\/wp-content\/uploads\/2022\/10\/Frame-1-1.png\" alt=\"\" class=\"wp-image-2711\" width=\"40\" srcset=\"https:\/\/www.jode.at\/wp-content\/uploads\/2022\/10\/Frame-1-1.png 80w, https:\/\/www.jode.at\/wp-content\/uploads\/2022\/10\/Frame-1-1-150x150.png 150w, https:\/\/www.jode.at\/wp-content\/uploads\/2022\/10\/Frame-1-1-12x12.png 12w, https:\/\/www.jode.at\/wp-content\/uploads\/2022\/10\/Frame-1-1-600x600.png 600w, https:\/\/www.jode.at\/wp-content\/uploads\/2022\/10\/Frame-1-1-700x700.png 700w\" sizes=\"(max-width: 80px) 100vw, 80px\" \/><\/figure>\n\n\n\n<h5 class=\"wp-block-heading\" id=\"agrar-1\">Agricultural<\/h5>\n\n\n\n<p>We support agricultural companies with our agricultural products, and have become indispensable as a reliable partner.<\/p>\n<\/div>\n\n\n\n<div class=\"wp-block-column is-layout-flow wp-block-column-is-layout-flow\">\n<figure class=\"wp-block-image size-full is-resized\"><img decoding=\"async\" src=\"https:\/\/www.jode.at\/wp-content\/uploads\/2022\/10\/Frame-2-2.png\" alt=\"\" class=\"wp-image-2704\" width=\"50\" srcset=\"https:\/\/www.jode.at\/wp-content\/uploads\/2022\/10\/Frame-2-2.png 90w, https:\/\/www.jode.at\/wp-content\/uploads\/2022\/10\/Frame-2-2-15x12.png 15w\" sizes=\"(max-width: 90px) 100vw, 90px\" \/><\/figure>\n\n\n\n<h5 class=\"wp-block-heading\" id=\"billets-und-ingots\">Billets and Ingots<\/h5>\n\n\n\n<p>Aluminum melted products such as billets and ingots are among the most widely used products we market.<\/p>\n<\/div>\n<\/div>\n\n\n\n<div class=\"wp-block-columns is-layout-flex wp-container-core-columns-is-layout-28f84493 wp-block-columns-is-layout-flex\">\n<div class=\"wp-block-column is-layout-flow wp-block-column-is-layout-flow\">\n<figure class=\"wp-block-image size-full is-resized\"><img loading=\"lazy\" decoding=\"async\" src=\"https:\/\/www.jode.at\/wp-content\/uploads\/2022\/10\/Group-17.png\" alt=\"\" class=\"wp-image-2713\" width=\"44\" height=\"42\" srcset=\"https:\/\/www.jode.at\/wp-content\/uploads\/2022\/10\/Group-17.png 80w, https:\/\/www.jode.at\/wp-content\/uploads\/2022\/10\/Group-17-12x12.png 12w\" sizes=\"auto, (max-width: 44px) 100vw, 44px\" \/><\/figure>\n\n\n\n<h5 class=\"wp-block-heading\" id=\"holz\">Wood<\/h5>\n\n\n\n<p>We sell unprocessed wood and its products such as wood chips or pellets to our customers.<\/p>\n<\/div>\n\n\n\n<div class=\"wp-block-column is-layout-flow wp-block-column-is-layout-flow\">\n<figure class=\"wp-block-image size-full is-resized\"><img decoding=\"async\" src=\"https:\/\/www.jode.at\/wp-content\/uploads\/2022\/10\/cupfer-stab.png\" alt=\"\" class=\"wp-image-3693\" width=\"50\" srcset=\"https:\/\/www.jode.at\/wp-content\/uploads\/2022\/10\/cupfer-stab.png 102w, https:\/\/www.jode.at\/wp-content\/uploads\/2022\/10\/cupfer-stab-14x12.png 14w\" sizes=\"(max-width: 102px) 100vw, 102px\" \/><\/figure>\n\n\n\n<h5 class=\"wp-block-heading\" id=\"kupferkathoden\">Copper cathodes<\/h5>\n\n\n\n<p>High-quality copper products such as cathodes require an appropriate level of knowledge, which we offer to our customers.<\/p>\n<\/div>\n\n\n\n<div class=\"wp-block-column is-layout-flow wp-block-column-is-layout-flow\">\n<figure class=\"wp-block-image size-full is-resized\"><img loading=\"lazy\" decoding=\"async\" src=\"https:\/\/www.jode.at\/wp-content\/uploads\/2022\/10\/euro-paletten.png\" alt=\"\" class=\"wp-image-2714\" width=\"73\" height=\"39\" srcset=\"https:\/\/www.jode.at\/wp-content\/uploads\/2022\/10\/euro-paletten.png 100w, https:\/\/www.jode.at\/wp-content\/uploads\/2022\/10\/euro-paletten-18x10.png 18w\" sizes=\"auto, (max-width: 73px) 100vw, 73px\" \/><\/figure>\n\n\n\n<h5 class=\"wp-block-heading\" id=\"verpackungsmaterial\">Packaging Material<\/h5>\n\n\n\n<p>We supply logistic groups and production of consumer goods with packaging materials such as pallets, lattice boxes and stacking frames.<\/p>\n<\/div>\n\n\n\n<div class=\"wp-block-column is-layout-flow wp-block-column-is-layout-flow\">\n<figure class=\"wp-block-image size-full is-resized\"><img decoding=\"async\" src=\"https:\/\/www.jode.at\/wp-content\/uploads\/2022\/10\/pet-icon.png\" alt=\"\" class=\"wp-image-3711\" width=\"40\" srcset=\"https:\/\/www.jode.at\/wp-content\/uploads\/2022\/10\/pet-icon.png 100w, https:\/\/www.jode.at\/wp-content\/uploads\/2022\/10\/pet-icon-12x12.png 12w\" sizes=\"(max-width: 100px) 100vw, 100px\" \/><\/figure>\n\n\n\n<h5 class=\"wp-block-heading\" id=\"pet\">PET<\/h5>\n\n\n\n<p>Polyethylene terephthalate - PET bottles, granules and blanks are part of our wide range.<\/p>\n<\/div>\n<\/div>\n<\/div>\n\n\n\n<div style=\"height:60px\" aria-hidden=\"true\" class=\"wp-block-spacer\"><\/div>\n\n\n\n<h4 class=\"has-text-color wp-block-heading\" id=\"gesundes-wachstum-ist-grundlegend\" style=\"color:#2c4c65;padding-left:45px\">Healthy Growth is Fundamental<\/h4>\n\n\n\n<div class=\"wp-block-columns is-layout-flex wp-container-core-columns-is-layout-28f84493 wp-block-columns-is-layout-flex\">\n<div class=\"wp-block-column is-layout-flow wp-block-column-is-layout-flow\" style=\"flex-basis:33.33%\">\n<figure class=\"wp-block-image size-full\"><img loading=\"lazy\" decoding=\"async\" width=\"900\" height=\"595\" src=\"https:\/\/www.jode.at\/wp-content\/uploads\/2022\/10\/shiff-frachter.webp\" alt=\"\" class=\"wp-image-5567\" srcset=\"https:\/\/www.jode.at\/wp-content\/uploads\/2022\/10\/shiff-frachter.webp 900w, https:\/\/www.jode.at\/wp-content\/uploads\/2022\/10\/shiff-frachter-300x198.webp 300w, https:\/\/www.jode.at\/wp-content\/uploads\/2022\/10\/shiff-frachter-768x508.webp 768w, https:\/\/www.jode.at\/wp-content\/uploads\/2022\/10\/shiff-frachter-18x12.webp 18w\" sizes=\"auto, (max-width: 900px) 100vw, 900px\" \/><\/figure>\n<\/div>\n\n\n\n<div class=\"wp-block-column is-layout-flow wp-block-column-is-layout-flow\" style=\"flex-basis:66.66%\">\n<p>We invest in infrastructure, warehousing and transportation around the world to deliver resources on time to our customers where they are needed.&nbsp;<br>Scaling of the group and strategically significant alliances in industries provide JODE with the ability to realize investments and financing in a cost-effective manner. We create and complement local infrastructure and develop multimodal logistics to streamline and simplify supply chains.<\/p>\n<\/div>\n<\/div>\n\n\n\n<div class=\"wp-block-cover alignfull has-parallax\" style=\"min-height:335px;aspect-ratio:unset;\"><span aria-hidden=\"true\" class=\"wp-block-cover__background has-background-dim-100 has-background-dim\" style=\"background-color:#2c4c65\"><\/span><div role=\"img\" class=\"wp-block-cover__image-background wp-image-1769 has-parallax\" style=\"background-position:50% 50%;background-image:url(https:\/\/www.jode.at\/wp-content\/uploads\/2020\/08\/CTA-bg-1.jpg)\"><\/div><div class=\"wp-block-cover__inner-container is-layout-flow wp-block-cover-is-layout-flow\">\n<h3 class=\"has-text-align-center has-ast-global-color-5-color has-text-color wp-block-heading\" id=\"globales-denken-mit-dem-ansatz-der-regionalen-umsetzung-steht-bei-uns-fur-wachstum\" style=\"text-transform:none\">Globales Denken mit dem Ansatz der regionalen Umsetzung steht bei uns f\u00fcr Wachstum<\/h3>\n\n\n\n<p class=\"has-text-align-center\">We are a company with decades of experience on a national and also international level.<\/p>\n\n\n\n<div class=\"wp-block-buttons is-horizontal is-content-justification-center is-layout-flex wp-container-core-buttons-is-layout-03627597 wp-block-buttons-is-layout-flex\">\n<div class=\"wp-block-button\"><a class=\"wp-block-button__link wp-element-button\" href=\"https:\/\/www.jode.at\/en\/kontakt\/\">Contact us<\/a><\/div>\n<\/div>\n<\/div><\/div>","protected":false},"excerpt":{"rendered":"<p>Wie wir Mehrwert schaffen Wir beziehen Rohstoffe von Schmelzwerken, Bergwerken und Prim\u00e4r- &amp; Sekund\u00e4rerzeugnisse und decken den Verbrauchsbedarf von Schmelzwerken, Automobilindustrie und anderen Industrieverbrauchern. Unsere Kunden, darunter Hersteller, Endverbraucher und auch staatliche Beh\u00f6rden, werden von uns mit den von Ihnen ben\u00f6tigten Ressourcen versorgt. 01. Vermarktung von Rohstoffen Wir bieten unseren Kunden eine Vielfalt an Prim\u00e4r- &hellip;<\/p>\n<p class=\"read-more\"> <a class=\"\" href=\"https:\/\/www.jode.at\/en\/services\/\"> <span class=\"screen-reader-text\">Services<\/span> Read More \u00bb<\/a><\/p>","protected":false},"author":1,"featured_media":0,"parent":0,"menu_order":0,"comment_status":"closed","ping_status":"closed","template":"","meta":{"tpgb_global_settings":"","_eb_attr":"EB Garamond","_gspb_post_css":"","_uag_custom_page_level_css":"","ub_ctt_via":"","site-sidebar-layout":"no-sidebar","site-content-layout":"plain-container","ast-global-header-display":"","ast-main-header-display":"","ast-hfb-above-header-display":"","ast-hfb-below-header-display":"","ast-hfb-mobile-header-display":"","site-post-title":"disabled","ast-breadcrumbs-content":"","ast-featured-img":"disabled","footer-sml-layout":"","theme-transparent-header-meta":"enabled","adv-header-id-meta":"","stick-header-meta":"","header-above-stick-meta":"","header-main-stick-meta":"","header-below-stick-meta":"","footnotes":""},"class_list":["post-1817","page","type-page","status-publish","hentry"],"aioseo_notices":[],"featured_image_src":null,"tpgb_featured_images":null,"tpgb_post_meta_info":{"get_date":"August 24, 2020","author_name":"Elena","author_url":"https:\/\/www.jode.at\/en\/author\/elena-stelle-vis-commail-com\/","author_email":"elena.stelle.vis.com@gmail.com","author_website":"https:\/\/www.jode.at","author_description":"","author_facebook":"","author_twitter":"","author_instagram":"","author_role":["administrator"],"author_firstname":"Elena","author_lastname":"Stelle","user_login":"elena.stelle.vis.com@mail.com","author_avatar":"<img alt='' src='https:\/\/secure.gravatar.com\/avatar\/756d2434b26cfa01a838c539baedc2d01f02b0f787451ead21686a7f8f98f50f?s=200&#038;d=mm&#038;r=g' srcset='https:\/\/secure.gravatar.com\/avatar\/756d2434b26cfa01a838c539baedc2d01f02b0f787451ead21686a7f8f98f50f?s=400&#038;d=mm&#038;r=g 2x' class='avatar avatar-200 photo' height='200' width='200' loading='lazy' decoding='async'\/>","author_avatar_url":"https:\/\/secure.gravatar.com\/avatar\/756d2434b26cfa01a838c539baedc2d01f02b0f787451ead21686a7f8f98f50f?s=96&d=mm&r=g","comment_count":0,"post_likes":0,"post_views":0},"tpgb_post_category":[],"uagb_featured_image_src":{"full":false,"thumbnail":false,"medium":false,"medium_large":false,"large":false,"1536x1536":false,"2048x2048":false,"trp-custom-language-flag":false,"tp-image-grid":false},"uagb_author_info":{"display_name":"Elena","author_link":"https:\/\/www.jode.at\/en\/author\/elena-stelle-vis-commail-com\/"},"uagb_comment_info":0,"uagb_excerpt":"Wie wir Mehrwert schaffen Wir beziehen Rohstoffe von Schmelzwerken, Bergwerken und Prim\u00e4r- &amp; Sekund\u00e4rerzeugnisse und decken den Verbrauchsbedarf von Schmelzwerken, Automobilindustrie und anderen Industrieverbrauchern. Unsere Kunden, darunter Hersteller, Endverbraucher und auch staatliche Beh\u00f6rden, werden von uns mit den von Ihnen ben\u00f6tigten Ressourcen versorgt. 01. Vermarktung von Rohstoffen Wir bieten unseren Kunden eine Vielfalt an Prim\u00e4r-&hellip;","_links":{"self":[{"href":"https:\/\/www.jode.at\/en\/wp-json\/wp\/v2\/pages\/1817","targetHints":{"allow":["GET"]}}],"collection":[{"href":"https:\/\/www.jode.at\/en\/wp-json\/wp\/v2\/pages"}],"about":[{"href":"https:\/\/www.jode.at\/en\/wp-json\/wp\/v2\/types\/page"}],"author":[{"embeddable":true,"href":"https:\/\/www.jode.at\/en\/wp-json\/wp\/v2\/users\/1"}],"replies":[{"embeddable":true,"href":"https:\/\/www.jode.at\/en\/wp-json\/wp\/v2\/comments?post=1817"}],"version-history":[{"count":83,"href":"https:\/\/www.jode.at\/en\/wp-json\/wp\/v2\/pages\/1817\/revisions"}],"predecessor-version":[{"id":5716,"href":"https:\/\/www.jode.at\/en\/wp-json\/wp\/v2\/pages\/1817\/revisions\/5716"}],"wp:attachment":[{"href":"https:\/\/www.jode.at\/en\/wp-json\/wp\/v2\/media?parent=1817"}],"curies":[{"name":"wp","href":"https:\/\/api.w.org\/{rel}","templated":true}]}}