{"id":1818,"date":"2020-08-24T02:50:56","date_gmt":"2020-08-24T02:50:56","guid":{"rendered":"https:\/\/www.jode.at\/projects\/"},"modified":"2022-11-08T12:35:14","modified_gmt":"2022-11-08T12:35:14","slug":"lademittel","status":"publish","type":"page","link":"https:\/\/www.jode.at\/en\/lademittel\/","title":{"rendered":"Loading Equipment"},"content":{"rendered":"<div class=\"wp-block-cover alignfull is-light has-parallax uag-hide-mob\" style=\"min-height:470px;aspect-ratio:unset;\"><span aria-hidden=\"true\" class=\"wp-block-cover__background has-ast-global-color-0-background-color has-background-dim-20 has-background-dim\"><\/span><div role=\"img\" class=\"wp-block-cover__image-background wp-image-3035 has-parallax\" style=\"background-position:50% 50%;background-image:url(https:\/\/www.jode.at\/wp-content\/uploads\/2022\/10\/marco-meyer-eAAjKAGEKmI-unsplash-scaled.jpg)\"><\/div><div class=\"wp-block-cover__inner-container is-layout-flow wp-block-cover-is-layout-flow\">\n<h1 class=\"has-ast-global-color-5-color has-text-color wp-block-heading\" id=\"lademittel\">Loading Equipment<\/h1>\n<\/div><\/div>\n\n\n\n<div class=\"wp-block-cover alignfull is-light has-parallax uag-hide-desktop uag-hide-tab\" style=\"min-height:370px;aspect-ratio:unset;\"><span aria-hidden=\"true\" class=\"wp-block-cover__background has-ast-global-color-0-background-color has-background-dim-20 has-background-dim\"><\/span><div role=\"img\" class=\"wp-block-cover__image-background wp-image-3035 has-parallax\" style=\"background-position:50% 50%;background-image:url(https:\/\/www.jode.at\/wp-content\/uploads\/2022\/10\/marco-meyer-eAAjKAGEKmI-unsplash-scaled.jpg)\"><\/div><div class=\"wp-block-cover__inner-container is-layout-flow wp-block-cover-is-layout-flow\">\n<div style=\"height:45px\" aria-hidden=\"true\" class=\"wp-block-spacer\"><\/div>\n\n\n\n<div class=\"wp-block-essential-blocks-advanced-heading\"><div class=\"eb-parent-wrapper eb-parent-eb-advance-heading-weqbe21\"><div class=\"eb-advance-heading-wrapper eb-advance-heading-weqbe21 button-1\" data-id=\"eb-advance-heading-weqbe21\"><h2 class=\"eb-ah-title\">Loading Equipment<\/h2><\/div><\/div><\/div>\n<\/div><\/div>\n\n\n\n<div style=\"height:62px\" aria-hidden=\"true\" class=\"wp-block-spacer\"><\/div>\n\n\n\n<div class=\"inherit-container-width wp-block-group alignfull has-background is-layout-constrained wp-block-group-is-layout-constrained\" style=\"background:linear-gradient(180deg,rgb(255,255,255) 0%,rgb(244,248,253) 100%)\">\n<h4 class=\"has-text-color wp-block-heading\" id=\"ein-wichtiger-bestandteil-der-wirtschaft\" style=\"color:#2c4c65;text-transform:none\">An important component of the economy<\/h4>\n\n\n\n<div class=\"wp-block-columns is-layout-flex wp-container-core-columns-is-layout-28f84493 wp-block-columns-is-layout-flex\">\n<div class=\"wp-block-column is-layout-flow wp-block-column-is-layout-flow\" style=\"flex-basis:33.33%\">\n<figure class=\"wp-block-image size-full\"><img loading=\"lazy\" decoding=\"async\" width=\"900\" height=\"595\" src=\"https:\/\/www.jode.at\/wp-content\/uploads\/2022\/10\/euro-paletten-jode.webp\" alt=\"\" class=\"wp-image-5575\" srcset=\"https:\/\/www.jode.at\/wp-content\/uploads\/2022\/10\/euro-paletten-jode.webp 900w, https:\/\/www.jode.at\/wp-content\/uploads\/2022\/10\/euro-paletten-jode-300x198.webp 300w, https:\/\/www.jode.at\/wp-content\/uploads\/2022\/10\/euro-paletten-jode-768x508.webp 768w, https:\/\/www.jode.at\/wp-content\/uploads\/2022\/10\/euro-paletten-jode-18x12.webp 18w\" sizes=\"auto, (max-width: 900px) 100vw, 900px\" \/><\/figure>\n<\/div>\n\n\n\n<div class=\"wp-block-column is-layout-flow wp-block-column-is-layout-flow\" style=\"flex-basis:66.66%\">\n<div style=\"height:35px\" aria-hidden=\"true\" class=\"wp-block-spacer\"><\/div>\n\n\n\n<p>Wood is one of the most important and versatile raw materials on earth. Due to the innumerable occurrences of this natural resource, wood is one of the greenest instruments of the world economy. JODE considers this resource with great care and ensures that wood, one of the most important raw materials in the world, is preserved for the future. Therefore, we attach great importance to recycling, recovery and sustainability.<\/p>\n<\/div>\n<\/div>\n<\/div>\n\n\n\n<div style=\"height:60px\" aria-hidden=\"true\" class=\"wp-block-spacer\"><\/div>\n\n\n\n<h4 class=\"wp-block-heading\" id=\"jode-mit-blick-auf-die-vorkommnisse\" style=\"text-transform:none\">JODE with a view on the deposits<\/h4>\n\n\n\n<div style=\"height:25px\" aria-hidden=\"true\" class=\"wp-block-spacer\"><\/div>\n\n\n\n<p>The Euro pallet - sustainable, resilient and indispensable for the entire global economy. For over 10 years, the EPAL pallet has become the international standard when it comes to exporting goods and commodities. Over 500 million of these pallets are currently in use around the world, and it is also a reusable product made of wood, which is good for the environment. Whether food or metal products are transported or raw materials or products are stored in high-bay warehouses - the Euro pallet is essential. According to the European Union, for export outside the EU, treatment according to the IPPC standard ISPM 15 is a prerequisite.<\/p>\n\n\n\n<p>Since 2022, when it comes to the subject of Euro pallets, the company JODE is indispensable.&nbsp;<br>With over 3 warehouses spread across Europe and countless distribution partners, JODE is one of the top leading suppliers of pallets in Europe. Thanks to our fast and healthy growth, we are regularly working on additional locations and expanding those. In addition to the many storage areas, in the near future there will be an in-house licensed pallet production, which should bring the already existing annual contingent into the 7-digit range.<\/p>\n\n\n\n<p>What makes JODE so special in connection with pallets and also all other raw materials is the availability and the absolute flexibility. We are constantly working on expanding our capacities, constantly gaining new distribution partners and constantly pushing the limits of our logistics possibilities.&nbsp;<\/p>\n\n\n\n<div style=\"height:52px\" aria-hidden=\"true\" class=\"wp-block-spacer\"><\/div>\n\n\n\n<h4 class=\"wp-block-heading\" id=\"spezifikationen-von-europaletten\" style=\"text-transform:none\">Specifications of Europallets<\/h4>\n\n\n\n<div style=\"height:20px\" aria-hidden=\"true\" class=\"wp-block-spacer\"><\/div>\n\n\n\n<div class=\"wp-block-greenshift-blocks-tabs gspb-tabs gspb_tabs-id-gsbp-2fe60a4b-63d6 gstabs-tabs\" data-autoplay=\"false\" data-autoplaytime=\"4\"><div class=\"t-btn-container\"><div class=\"t-btn active\"><div class=\"tabtitlelabel\">New<\/div><\/div><div class=\"t-btn\"><div class=\"tabtitlelabel\">Class A <\/div><\/div><div class=\"t-btn\"><div class=\"tabtitlelabel\">Class B<\/div><\/div><div class=\"t-btn\"><div class=\"tabtitlelabel\">Class C<\/div><\/div><\/div><div class=\"t-panel-container\"><div style=\"overflow:hidden\" class=\"gswipertabs\"><div class=\"swiper-wrapper\">\n<div aria-labelledby=\"gspb-tab-item-btn-gsbp-2fe60a4b-63d6-0\" id=\"gspb-tab-item-content-gsbp-2fe60a4b-63d6-0\" role=\"tabpanel\" tabindex=\"0\" class=\"t-panel swiper-slide active\"><div class=\"wp-block-greenshift-blocks-tab\">\n<ul class=\"wp-block-list\">\n<li>EUR-EPAL ISPM 15\/IPPC<\/li>\n\n\n\n<li>Chamber dried<\/li>\n\n\n\n<li>800 x 1200 x 144 mm<\/li>\n\n\n\n<li>Guaranteed nominal load: 1.500 Kg<\/li>\n\n\n\n<li>Max. 15% residual moisture - MFH suitable<\/li>\n<\/ul>\n<\/div><\/div>\n\n\n\n<div aria-labelledby=\"gspb-tab-item-btn-gsbp-2fe60a4b-63d6-1\" id=\"gspb-tab-item-content-gsbp-2fe60a4b-63d6-1\" role=\"tabpanel\" tabindex=\"0\" class=\"t-panel swiper-slide\"><div class=\"wp-block-greenshift-blocks-tab\">\n<ul class=\"wp-block-list\">\n<li>Wood color light &amp; clean<\/li>\n\n\n\n<li>Food grade<\/li>\n\n\n\n<li>Pallet has already been used<\/li>\n\n\n\n<li>ISPM 15\/IPPC not guaranteed<\/li>\n\n\n\n<li>Max. 15% residual moisture<\/li>\n\n\n\n<li>MFH suitable<\/li>\n<\/ul>\n<\/div><\/div>\n\n\n\n<div aria-labelledby=\"gspb-tab-item-btn-gsbp-2fe60a4b-63d6-2\" id=\"gspb-tab-item-content-gsbp-2fe60a4b-63d6-2\" role=\"tabpanel\" tabindex=\"0\" class=\"t-panel swiper-slide\"><div class=\"wp-block-greenshift-blocks-tab\">\n<ul class=\"wp-block-list\">\n<li>Wood color dark<\/li>\n\n\n\n<li>In the amount mixture of light\/dark possible<\/li>\n\n\n\n<li>Pallet has already been used<\/li>\n\n\n\n<li>ISPM 15\/IPPC not guaranteed<\/li>\n\n\n\n<li>Max. 15% residual moisture<\/li>\n\n\n\n<li>MFH suitable<\/li>\n<\/ul>\n<\/div><\/div>\n\n\n\n<div aria-labelledby=\"gspb-tab-item-btn-gsbp-2fe60a4b-63d6-3\" id=\"gspb-tab-item-content-gsbp-2fe60a4b-63d6-3\" role=\"tabpanel\" tabindex=\"0\" class=\"t-panel swiper-slide\"><div class=\"wp-block-greenshift-blocks-tab\">\n<ul class=\"wp-block-list\">\n<li>Wood color dark<\/li>\n\n\n\n<li>Pallet has already been used<\/li>\n\n\n\n<li>ISPM 15\/IPPC not guaranteed<\/li>\n\n\n\n<li>MFH suitable<\/li>\n\n\n\n<li>Ready for use for storage and transport<\/li>\n<\/ul>\n<\/div><\/div>\n<\/div><\/div><\/div><\/div>\n\n\n\n<div class=\"wp-block-columns is-layout-flex wp-container-core-columns-is-layout-28f84493 wp-block-columns-is-layout-flex\">\n<div class=\"wp-block-column is-layout-flow wp-block-column-is-layout-flow\" style=\"flex-basis:33.33%\">\n<figure class=\"wp-block-image size-full\"><img loading=\"lazy\" decoding=\"async\" width=\"900\" height=\"594\" src=\"https:\/\/www.jode.at\/wp-content\/uploads\/2022\/10\/europaletten-hero.webp\" alt=\"\" class=\"wp-image-5621\" srcset=\"https:\/\/www.jode.at\/wp-content\/uploads\/2022\/10\/europaletten-hero.webp 900w, https:\/\/www.jode.at\/wp-content\/uploads\/2022\/10\/europaletten-hero-300x198.webp 300w, https:\/\/www.jode.at\/wp-content\/uploads\/2022\/10\/europaletten-hero-768x507.webp 768w, https:\/\/www.jode.at\/wp-content\/uploads\/2022\/10\/europaletten-hero-18x12.webp 18w\" sizes=\"auto, (max-width: 900px) 100vw, 900px\" \/><\/figure>\n<\/div>\n\n\n\n<div class=\"wp-block-column is-layout-flow wp-block-column-is-layout-flow\" style=\"flex-basis:66.66%\">\n<div style=\"height:8px\" aria-hidden=\"true\" class=\"wp-block-spacer\"><\/div>\n\n\n\n<p>Among the quality classifications, the following pallet classes belong to the open pallet exchange pool. <\/p>\n\n\n\n<ul class=\"wp-block-list\">\n<li>Neue \/ Europaletten<\/li>\n\n\n\n<li>1. Wahl \/ Klasse A Europaletten<\/li>\n\n\n\n<li>2. Wahl \/ Klasse B Europaletten<\/li>\n\n\n\n<li>3.&nbsp;Wahl \/ Klasse C Europaletten<\/li>\n<\/ul>\n<\/div>\n<\/div>\n\n\n\n<div class=\"wp-block-cover alignfull has-parallax\" style=\"min-height:335px;aspect-ratio:unset;\"><span aria-hidden=\"true\" class=\"wp-block-cover__background has-background-dim-40 has-background-dim\" style=\"background-color:#2c4c65\"><\/span><div role=\"img\" class=\"wp-block-cover__image-background wp-image-5622 has-parallax\" style=\"background-position:50% 50%;background-image:url(https:\/\/www.jode.at\/wp-content\/uploads\/2022\/10\/wald-weg-baume.webp)\"><\/div><div class=\"wp-block-cover__inner-container is-layout-flow wp-block-cover-is-layout-flow\">\n<h3 class=\"has-text-align-center has-ast-global-color-5-color has-text-color wp-block-heading\" id=\"stetig-wird-daran-gearbeitet-unsere-kapazitaten-zu-erweitern\" style=\"text-transform:none\">We are constantly working on expanding our capacities...\u00a0<\/h3>\n\n\n\n<p class=\"has-text-align-center has-ast-global-color-5-color has-text-color\">Constantly attracting new distribution partners and pushing the limits of logistics capabilities further and further.&nbsp;<\/p>\n\n\n\n<div class=\"wp-block-buttons is-content-justification-center is-layout-flex wp-container-core-buttons-is-layout-a89b3969 wp-block-buttons-is-layout-flex\">\n<div class=\"wp-block-button\"><a class=\"wp-block-button__link wp-element-button\">Contact us<\/a><\/div>\n<\/div>\n<\/div><\/div>","protected":false},"excerpt":{"rendered":"<p>Ein wichtiger Bestandteil der Wirtschaft Holz ist einer der wichtigsten und vielseitigsten Rohstoffe der Erde. Aufgrund des unz\u00e4hligen Vorkommens des nat\u00fcrlichen Wertstoffs, ist Holz eines der gr\u00fcnsten Instrumente der Weltwirtschaft. JODE betrachtet diese Ressource mit gro\u00dfer Achtsamkeit und sorgt daf\u00fcr das Holz, eines der wichtigsten Rohstoffe der Welt, auch f\u00fcr die Zukunft noch erhalten bleibt. &hellip;<\/p>\n<p class=\"read-more\"> <a class=\"\" href=\"https:\/\/www.jode.at\/en\/lademittel\/\"> <span class=\"screen-reader-text\">Loading Equipment<\/span> Read More \u00bb<\/a><\/p>","protected":false},"author":1,"featured_media":0,"parent":0,"menu_order":0,"comment_status":"closed","ping_status":"closed","template":"","meta":{"tpgb_global_settings":"","_eb_attr":"EB Garamond,EB Garamond","_gspb_post_css":"@import url(https:\/\/fonts.googleapis.com\/css?family=Roboto|Roboto:500);@keyframes gcwidthleftright{0%{width:0%}to{width:100%}}@keyframes gcslidefromtop{0%{transform:translateY(-10px);opacity:0}to{transform:translateY(0);opacity:1}}.gspb-tabs *{box-sizing:border-box!important}.t-btn-container{display:flex;flex-direction:row;width:100%;align-items:center;margin-bottom:-1px;flex-wrap:wrap}.t-btn-container .t-btn{background-origin:border-box;list-style:none;display:inline-flex;align-items:center;margin:0;padding:11px 24px;cursor:pointer;position:relative;transition:all .4s ease-in-out;font-size:20px}.t-btn-container .t-btn .tabsubtitle{font-size:70%;opacity:.7}.gstabs-tabs .t-btn-container .t-btn{border:1px solid transparent;border-top-width:2px}.gstabs-tabs .t-btn-container .t-btn.active{border-color:rgba(206,206,206,.4);border-bottom-color:#fff;background-color:#fff;color:#333}.t-panel-container .t-panel{opacity:0;overflow:hidden;display:none}.t-panel-container .t-panel.active{opacity:1;display:block!important}.t-panel-container{margin-bottom:25px;overflow:hidden;padding:30px}.gstabs-tabs .t-panel-container{border:1px solid rgba(206,206,206,.4);background-color:#fff}.t-btn-container ul{margin:0!important;padding:0!important}.gstabs-underline .t-btn-container .t-btn:after{position:absolute;bottom:0;left:0;content:'';height:3px;width:0;transition:width .5s,left .5s,right .5s}.gstabs-underline .t-btn-container .t-btn.active:after{width:100%;left:0;right:0}.gstabs-pills .t-btn-container .t-btn{margin:0 10px;border:1px solid transparent}.gstabs-vertical{display:flex}.gstabs-vertical .t-btn-container{display:block;width:150px}.gstabs-vertical .t-btn-container .t-btn{margin-bottom:10px;width:150px;border:1px solid transparent}.gstabs-vertical .t-panel-container{flex-grow:1}.t-btn-container .t-btn .gs-image{flex-grow:inherit;margin:0 10px 0 0}.t-btn-container .t-btn img{margin:0;height:25px;min-width:auto}@media (max-width:575.98px){body .tabscroll .t-btn-container{overflow-x:scroll;flex-wrap:nowrap;scroll-behavior:smooth;scroll-snap-type:x mandatory;width:100%!important;white-space:nowrap;display:block;padding-bottom:15px}.tabscroll .t-btn-container .t-btn{scroll-snap-align:start;white-space:nowrap;width:auto!important;margin-right:10px}.tabscroll .t-btn-container .t-btn.active{box-shadow:none!important}.gstabs-vertical{display:block!important}.gstabs-vertical .t-panel-container{margin-top:25px}.t-btn-container .t-btn{font-size:15px}}.t-panel-container p:last-of-type{margin-bottom:0}.gspb_tabs-id-gsbp-2fe60a4b-63d6 .t-btn-container .t-btn,.gspb_tabs-id-gsbp-2fe60a4b-63d6 .t-btn-container .t-btn .wp-block{font-weight:500;font-family:Roboto,sans-serif;color:#2c4c65}.gspb_tabs-id-gsbp-2fe60a4b-63d6 .t-btn-container .t-btn:hover,.gspb_tabs-id-gsbp-2fe60a4b-63d6 .t-btn-container .t-btn:hover .wp-block{color:#bc2a2e}.gspb_tabs-id-gsbp-2fe60a4b-63d6 .t-btn-container{justify-content:left}.gspb_tabs-id-gsbp-2fe60a4b-63d6 .t-btn-container .t-btn.active{color:#2c4c65;border-top-color:#bc2a2e}","_uag_custom_page_level_css":"","ub_ctt_via":"","site-sidebar-layout":"no-sidebar","site-content-layout":"plain-container","ast-global-header-display":"","ast-main-header-display":"","ast-hfb-above-header-display":"","ast-hfb-below-header-display":"","ast-hfb-mobile-header-display":"","site-post-title":"disabled","ast-breadcrumbs-content":"","ast-featured-img":"disabled","footer-sml-layout":"","theme-transparent-header-meta":"enabled","adv-header-id-meta":"","stick-header-meta":"","header-above-stick-meta":"","header-main-stick-meta":"","header-below-stick-meta":"","footnotes":""},"class_list":["post-1818","page","type-page","status-publish","hentry"],"aioseo_notices":[],"featured_image_src":null,"tpgb_featured_images":null,"tpgb_post_meta_info":{"get_date":"August 24, 2020","author_name":"Elena","author_url":"https:\/\/www.jode.at\/en\/author\/elena-stelle-vis-commail-com\/","author_email":"elena.stelle.vis.com@gmail.com","author_website":"https:\/\/www.jode.at","author_description":"","author_facebook":"","author_twitter":"","author_instagram":"","author_role":["administrator"],"author_firstname":"Elena","author_lastname":"Stelle","user_login":"elena.stelle.vis.com@mail.com","author_avatar":"<img alt='' src='https:\/\/secure.gravatar.com\/avatar\/756d2434b26cfa01a838c539baedc2d01f02b0f787451ead21686a7f8f98f50f?s=200&#038;d=mm&#038;r=g' srcset='https:\/\/secure.gravatar.com\/avatar\/756d2434b26cfa01a838c539baedc2d01f02b0f787451ead21686a7f8f98f50f?s=400&#038;d=mm&#038;r=g 2x' class='avatar avatar-200 photo' height='200' width='200' loading='lazy' decoding='async'\/>","author_avatar_url":"https:\/\/secure.gravatar.com\/avatar\/756d2434b26cfa01a838c539baedc2d01f02b0f787451ead21686a7f8f98f50f?s=96&d=mm&r=g","comment_count":0,"post_likes":0,"post_views":0},"tpgb_post_category":[],"uagb_featured_image_src":{"full":false,"thumbnail":false,"medium":false,"medium_large":false,"large":false,"1536x1536":false,"2048x2048":false,"trp-custom-language-flag":false,"tp-image-grid":false},"uagb_author_info":{"display_name":"Elena","author_link":"https:\/\/www.jode.at\/en\/author\/elena-stelle-vis-commail-com\/"},"uagb_comment_info":0,"uagb_excerpt":"Ein wichtiger Bestandteil der Wirtschaft Holz ist einer der wichtigsten und vielseitigsten Rohstoffe der Erde. Aufgrund des unz\u00e4hligen Vorkommens des nat\u00fcrlichen Wertstoffs, ist Holz eines der gr\u00fcnsten Instrumente der Weltwirtschaft. JODE betrachtet diese Ressource mit gro\u00dfer Achtsamkeit und sorgt daf\u00fcr das Holz, eines der wichtigsten Rohstoffe der Welt, auch f\u00fcr die Zukunft noch erhalten bleibt.&hellip;","_links":{"self":[{"href":"https:\/\/www.jode.at\/en\/wp-json\/wp\/v2\/pages\/1818","targetHints":{"allow":["GET"]}}],"collection":[{"href":"https:\/\/www.jode.at\/en\/wp-json\/wp\/v2\/pages"}],"about":[{"href":"https:\/\/www.jode.at\/en\/wp-json\/wp\/v2\/types\/page"}],"author":[{"embeddable":true,"href":"https:\/\/www.jode.at\/en\/wp-json\/wp\/v2\/users\/1"}],"replies":[{"embeddable":true,"href":"https:\/\/www.jode.at\/en\/wp-json\/wp\/v2\/comments?post=1818"}],"version-history":[{"count":72,"href":"https:\/\/www.jode.at\/en\/wp-json\/wp\/v2\/pages\/1818\/revisions"}],"predecessor-version":[{"id":5713,"href":"https:\/\/www.jode.at\/en\/wp-json\/wp\/v2\/pages\/1818\/revisions\/5713"}],"wp:attachment":[{"href":"https:\/\/www.jode.at\/en\/wp-json\/wp\/v2\/media?parent=1818"}],"curies":[{"name":"wp","href":"https:\/\/api.w.org\/{rel}","templated":true}]}}