{"id":1819,"date":"2020-08-24T02:50:56","date_gmt":"2020-08-24T02:50:56","guid":{"rendered":"https:\/\/www.jode.at\/contact-us\/"},"modified":"2022-10-30T13:22:16","modified_gmt":"2022-10-30T13:22:16","slug":"kontakt","status":"publish","type":"page","link":"https:\/\/www.jode.at\/en\/kontakt\/","title":{"rendered":"Contact"},"content":{"rendered":"<div class=\"wp-block-cover alignfull has-parallax uag-hide-mob\" style=\"min-height:470px;aspect-ratio:unset;\"><span aria-hidden=\"true\" class=\"wp-block-cover__background has-background-dim-20 has-background-dim\" style=\"background-color:#2c4c65\"><\/span><div role=\"img\" class=\"wp-block-cover__image-background wp-image-5665 has-parallax\" style=\"background-position:50% 50%;background-image:url(https:\/\/www.jode.at\/wp-content\/uploads\/2022\/10\/strasse-kontakte.webp)\"><\/div><div class=\"wp-block-cover__inner-container is-layout-flow wp-block-cover-is-layout-flow\">\n<h1 class=\"has-ast-global-color-5-color has-text-color wp-block-heading\" id=\"kontakt\" style=\"text-transform:none\">Contact<\/h1>\n<\/div><\/div>\n\n\n\n<div class=\"wp-block-cover alignfull has-parallax uag-hide-desktop uag-hide-tab\" style=\"min-height:370px;aspect-ratio:unset;\"><span aria-hidden=\"true\" class=\"wp-block-cover__background has-background-dim-20 has-background-dim\" style=\"background-color:#2c4c65\"><\/span><div role=\"img\" class=\"wp-block-cover__image-background wp-image-5665 has-parallax\" style=\"background-position:50% 50%;background-image:url(https:\/\/www.jode.at\/wp-content\/uploads\/2022\/10\/strasse-kontakte.webp)\"><\/div><div class=\"wp-block-cover__inner-container is-layout-flow wp-block-cover-is-layout-flow\">\n<div style=\"height:50px\" aria-hidden=\"true\" class=\"wp-block-spacer\"><\/div>\n\n\n\n<div class=\"wp-block-essential-blocks-advanced-heading\"><div class=\"eb-parent-wrapper eb-parent-eb-advance-heading-4tz8k1y\"><div class=\"eb-advance-heading-wrapper eb-advance-heading-4tz8k1y button-1\" data-id=\"eb-advance-heading-4tz8k1y\"><h2 class=\"eb-ah-title\">Contact<\/h2><\/div><\/div><\/div>\n<\/div><\/div>\n\n\n\n<div class=\"inherit-container-width wp-block-group alignfull has-background is-layout-constrained wp-block-group-is-layout-constrained\" style=\"background-color:#f4f8fd\">\n<h3 class=\"has-text-color wp-block-heading\" id=\"kontakt-aufnehmen\" style=\"color:#2c4c65\">Contact us<\/h3>\n\n\n\n<p>At JODE, we set ambitious goals and drive at high speed. But we also create spaces where personalities grow. The result is careers with a shortcut towards responsibility.<\/p>\n\n\n\n<p>Do you have questions or are you looking for the right contact person? We look forward to hearing from you and will be happy to advise you on all topics.<\/p>\n<\/div>\n\n\n\n<div class=\"inherit-container-width wp-block-group alignfull has-background is-layout-constrained wp-block-group-is-layout-constrained\" style=\"background-color:#fcfcfc\">\n<div class=\"wp-block-columns has-ast-global-color-5-background-color has-background uag-hide-mob is-layout-flex wp-container-core-columns-is-layout-28f84493 wp-block-columns-is-layout-flex\">\n<div class=\"wp-block-column has-border-color has-ast-global-color-5-border-color is-layout-flow wp-block-column-is-layout-flow\" style=\"padding-top:0px;padding-right:0px;padding-bottom:0px;padding-left:0px\">\n<div style=\"height:12px\" aria-hidden=\"true\" class=\"wp-block-spacer\"><\/div>\n\n\n<div class=\"wpforms-container\" id=\"wpforms-2733\"><form id=\"wpforms-form-2733\" class=\"wpforms-validate wpforms-form wpforms-ajax-form\" data-formid=\"2733\" method=\"post\" enctype=\"multipart\/form-data\" action=\"\/en\/wp-json\/wp\/v2\/pages\/1819\" data-token=\"5505a9999adb2737a3f0d6553abcaac0\" data-token-time=\"1776588335\" data-trp-original-action=\"\/en\/wp-json\/wp\/v2\/pages\/1819\"><noscript class=\"wpforms-error-noscript\">Please enable JavaScript in your browser to complete this form.<\/noscript><div class=\"wpforms-field-container\"><div id=\"wpforms-2733-field_0-container\" class=\"wpforms-field wpforms-field-name\" data-field-id=\"0\"><label class=\"wpforms-field-label\" for=\"wpforms-2733-field_0\">First Name <span class=\"wpforms-required-label\">*<\/span><\/label><div class=\"wpforms-field-row wpforms-field-large\"><div class=\"wpforms-field-row-block wpforms-first wpforms-one-half\"><input type=\"text\" id=\"wpforms-2733-field_0\" class=\"wpforms-field-name-first wpforms-field-required\" name=\"wpforms[fields][0][first]\" value=\"Name\" placeholder=\"First Name\" required><label for=\"wpforms-2733-field_0\" class=\"wpforms-field-sublabel after wpforms-sublabel-hide\">First<\/label><\/div><div class=\"wpforms-field-row-block wpforms-one-half\"><input type=\"text\" id=\"wpforms-2733-field_0-last\" class=\"wpforms-field-name-last wpforms-field-required\" name=\"wpforms[fields][0][last]\" value=\"Nachname\" placeholder=\"Last name\" required><label for=\"wpforms-2733-field_0-last\" class=\"wpforms-field-sublabel after wpforms-sublabel-hide\">Last<\/label><\/div><\/div><\/div><div id=\"wpforms-2733-field_1-container\" class=\"wpforms-field wpforms-field-email\" data-field-id=\"1\"><label class=\"wpforms-field-label\" for=\"wpforms-2733-field_1\">Email address <span class=\"wpforms-required-label\">*<\/span><\/label><input type=\"email\" id=\"wpforms-2733-field_1\" class=\"wpforms-field-large wpforms-field-required\" name=\"wpforms[fields][1]\" placeholder=\"max.musterman@gmail.com\" spellcheck=\"false\" required><\/div><div id=\"wpforms-2733-field_2-container\" class=\"wpforms-field wpforms-field-textarea\" data-field-id=\"2\"><label class=\"wpforms-field-label\" for=\"wpforms-2733-field_2\">Comment or message<\/label><textarea id=\"wpforms-2733-field_2\" class=\"wpforms-field-medium\" name=\"wpforms[fields][2]\" placeholder=\"Write down your request and we will get back to you soon. \" ><\/textarea><\/div><div id=\"wpforms-2733-field_7-container\" class=\"wpforms-field wpforms-field-checkbox\" data-field-id=\"7\"><label class=\"wpforms-field-label\">Data protection<\/label><ul id=\"wpforms-2733-field_7\"><li class=\"choice-1 depth-1\"><input type=\"checkbox\" id=\"wpforms-2733-field_7_1\" name=\"wpforms[fields][7][]\" value=\"Ich habe die Datenschutzerkl\u00e4rung gelesen und akzeptiere diese. \"  ><label class=\"wpforms-field-label-inline\" for=\"wpforms-2733-field_7_1\">I have read and accept the privacy policy.<\/label><\/li><\/ul><\/div><\/div><!-- .wpforms-field-container --><div class=\"wpforms-submit-container\" ><input type=\"hidden\" name=\"wpforms[id]\" value=\"2733\"><input type=\"hidden\" name=\"page_title\" value=\"\"><input type=\"hidden\" name=\"page_url\" value=\"https:\/\/www.jode.at\/en\/wp-json\/wp\/v2\/pages\/1819\"><button type=\"submit\" name=\"wpforms[submit]\" id=\"wpforms-submit-2733\" class=\"wpforms-submit\" data-alt-text=\"Senden...\" data-submit-text=\"Senden\" aria-live=\"assertive\" value=\"wpforms-submit\">Send<\/button><img loading=\"lazy\" decoding=\"async\" src=\"https:\/\/www.jode.at\/wp-content\/plugins\/wpforms-lite\/assets\/images\/submit-spin.svg\" class=\"wpforms-submit-spinner\" style=\"display: none;\" width=\"26\" height=\"26\" alt=\"Loading\"><\/div><input type=\"hidden\" name=\"trp-form-language\" value=\"en\"\/><\/form><\/div>  <!-- .wpforms-container -->\n<\/div>\n\n\n\n<div class=\"wp-block-column is-layout-flow wp-block-column-is-layout-flow\" style=\"padding-right:20px;padding-left:20px\">\n<div style=\"height:47px\" aria-hidden=\"true\" class=\"wp-block-spacer\"><\/div>\n\n\n\n<div class=\"wp-block-columns is-layout-flex wp-container-core-columns-is-layout-28f84493 wp-block-columns-is-layout-flex\">\n<div class=\"wp-block-column is-layout-flow wp-block-column-is-layout-flow\">\n<h4 class=\"wp-block-heading\" id=\"rufen-sie-uns-an\" style=\"text-transform:none\">Call us<\/h4>\n\n\n\n<p>Phone: +43 5572 203 467<\/p>\n<\/div>\n\n\n\n<div class=\"wp-block-column is-layout-flow wp-block-column-is-layout-flow\">\n<h4 class=\"wp-block-heading\" id=\"adresse\">Address<\/h4>\n\n\n\n<p>Jode e.U , Steinebach 18,&nbsp;<br>6850 Dornbirn, Austria<\/p>\n<\/div>\n<\/div>\n\n\n\n<div class=\"wp-block-columns is-layout-flex wp-container-core-columns-is-layout-28f84493 wp-block-columns-is-layout-flex\">\n<div class=\"wp-block-column is-layout-flow wp-block-column-is-layout-flow\">\n<h4 class=\"wp-block-heading\" id=\"unsere-email\">Our email<\/h4>\n\n\n<p><a href=\"mailto: office@jode.at\"><\/p>\n<p style=\"color:#2C4C65;\">office@jode.at<\/p>\n<p><\/a><\/p>\n<\/div>\n\n\n\n<div class=\"wp-block-column is-layout-flow wp-block-column-is-layout-flow\">\n<h4 class=\"has-text-align-left has-text-color wp-block-heading\" id=\"folgen-sie-uns\" style=\"color:#2c4c65\">Follow us<\/h4>\n\n\n\n<ul class=\"wp-block-social-links alignleft is-nowrap is-layout-flex wp-container-core-social-links-is-layout-6c531013 wp-block-social-links-is-layout-flex\"><li class=\"wp-social-link wp-social-link-linkedin  wp-block-social-link\"><a href=\"https:\/\/www.linkedin.com\/company\/jode-e-u\/about\/\" class=\"wp-block-social-link-anchor\"><svg width=\"24\" height=\"24\" viewbox=\"0 0 24 24\" version=\"1.1\" xmlns=\"http:\/\/www.w3.org\/2000\/svg\" aria-hidden=\"true\" focusable=\"false\"><path d=\"M19.7,3H4.3C3.582,3,3,3.582,3,4.3v15.4C3,20.418,3.582,21,4.3,21h15.4c0.718,0,1.3-0.582,1.3-1.3V4.3 C21,3.582,20.418,3,19.7,3z M8.339,18.338H5.667v-8.59h2.672V18.338z M7.004,8.574c-0.857,0-1.549-0.694-1.549-1.548 c0-0.855,0.691-1.548,1.549-1.548c0.854,0,1.547,0.694,1.547,1.548C8.551,7.881,7.858,8.574,7.004,8.574z M18.339,18.338h-2.669 v-4.177c0-0.996-0.017-2.278-1.387-2.278c-1.389,0-1.601,1.086-1.601,2.206v4.249h-2.667v-8.59h2.559v1.174h0.037 c0.356-0.675,1.227-1.387,2.526-1.387c2.703,0,3.203,1.779,3.203,4.092V18.338z\"><\/path><\/svg><span class=\"wp-block-social-link-label screen-reader-text\">LinkedIn<\/span><\/a><\/li>\n\n<li class=\"wp-social-link wp-social-link-whatsapp  wp-block-social-link\"><a href=\"tel: 43 5572 203 467\" class=\"wp-block-social-link-anchor\"><svg width=\"24\" height=\"24\" viewbox=\"0 0 24 24\" version=\"1.1\" xmlns=\"http:\/\/www.w3.org\/2000\/svg\" aria-hidden=\"true\" focusable=\"false\"><path d=\"M 12.011719 2 C 6.5057187 2 2.0234844 6.478375 2.0214844 11.984375 C 2.0204844 13.744375 2.4814687 15.462563 3.3554688 16.976562 L 2 22 L 7.2324219 20.763672 C 8.6914219 21.559672 10.333859 21.977516 12.005859 21.978516 L 12.009766 21.978516 C 17.514766 21.978516 21.995047 17.499141 21.998047 11.994141 C 22.000047 9.3251406 20.962172 6.8157344 19.076172 4.9277344 C 17.190172 3.0407344 14.683719 2.001 12.011719 2 z M 12.009766 4 C 14.145766 4.001 16.153109 4.8337969 17.662109 6.3417969 C 19.171109 7.8517969 20.000047 9.8581875 19.998047 11.992188 C 19.996047 16.396187 16.413812 19.978516 12.007812 19.978516 C 10.674812 19.977516 9.3544062 19.642812 8.1914062 19.007812 L 7.5175781 18.640625 L 6.7734375 18.816406 L 4.8046875 19.28125 L 5.2851562 17.496094 L 5.5019531 16.695312 L 5.0878906 15.976562 C 4.3898906 14.768562 4.0204844 13.387375 4.0214844 11.984375 C 4.0234844 7.582375 7.6067656 4 12.009766 4 z M 8.4765625 7.375 C 8.3095625 7.375 8.0395469 7.4375 7.8105469 7.6875 C 7.5815469 7.9365 6.9355469 8.5395781 6.9355469 9.7675781 C 6.9355469 10.995578 7.8300781 12.182609 7.9550781 12.349609 C 8.0790781 12.515609 9.68175 15.115234 12.21875 16.115234 C 14.32675 16.946234 14.754891 16.782234 15.212891 16.740234 C 15.670891 16.699234 16.690438 16.137687 16.898438 15.554688 C 17.106437 14.971687 17.106922 14.470187 17.044922 14.367188 C 16.982922 14.263188 16.816406 14.201172 16.566406 14.076172 C 16.317406 13.951172 15.090328 13.348625 14.861328 13.265625 C 14.632328 13.182625 14.464828 13.140625 14.298828 13.390625 C 14.132828 13.640625 13.655766 14.201187 13.509766 14.367188 C 13.363766 14.534188 13.21875 14.556641 12.96875 14.431641 C 12.71875 14.305641 11.914938 14.041406 10.960938 13.191406 C 10.218937 12.530406 9.7182656 11.714844 9.5722656 11.464844 C 9.4272656 11.215844 9.5585938 11.079078 9.6835938 10.955078 C 9.7955938 10.843078 9.9316406 10.663578 10.056641 10.517578 C 10.180641 10.371578 10.223641 10.267562 10.306641 10.101562 C 10.389641 9.9355625 10.347156 9.7890625 10.285156 9.6640625 C 10.223156 9.5390625 9.737625 8.3065 9.515625 7.8125 C 9.328625 7.3975 9.131125 7.3878594 8.953125 7.3808594 C 8.808125 7.3748594 8.6425625 7.375 8.4765625 7.375 z\"><\/path><\/svg><span class=\"wp-block-social-link-label screen-reader-text\">WhatsApp<\/span><\/a><\/li>\n\n<li class=\"wp-social-link wp-social-link-skype  wp-block-social-link\"><a href=\"tel: 43 5572 203 467\" class=\"wp-block-social-link-anchor\"><svg width=\"24\" height=\"24\" viewbox=\"0 0 24 24\" version=\"1.1\" xmlns=\"http:\/\/www.w3.org\/2000\/svg\" aria-hidden=\"true\" focusable=\"false\"><path d=\"M10.113,2.699c0.033-0.006,0.067-0.013,0.1-0.02c0.033,0.017,0.066,0.033,0.098,0.051L10.113,2.699z M2.72,10.223 c-0.006,0.034-0.011,0.069-0.017,0.103c0.018,0.032,0.033,0.064,0.051,0.095L2.72,10.223z M21.275,13.771 c0.007-0.035,0.011-0.071,0.018-0.106c-0.018-0.031-0.033-0.064-0.052-0.095L21.275,13.771z M13.563,21.199 c0.032,0.019,0.065,0.035,0.096,0.053c0.036-0.006,0.071-0.011,0.105-0.017L13.563,21.199z M22,16.386 c0,1.494-0.581,2.898-1.637,3.953c-1.056,1.057-2.459,1.637-3.953,1.637c-0.967,0-1.914-0.251-2.75-0.725 c0.036-0.006,0.071-0.011,0.105-0.017l-0.202-0.035c0.032,0.019,0.065,0.035,0.096,0.053c-0.543,0.096-1.099,0.147-1.654,0.147 c-1.275,0-2.512-0.25-3.676-0.743c-1.125-0.474-2.135-1.156-3.002-2.023c-0.867-0.867-1.548-1.877-2.023-3.002 c-0.493-1.164-0.743-2.401-0.743-3.676c0-0.546,0.049-1.093,0.142-1.628c0.018,0.032,0.033,0.064,0.051,0.095L2.72,10.223 c-0.006,0.034-0.011,0.069-0.017,0.103C2.244,9.5,2,8.566,2,7.615c0-1.493,0.582-2.898,1.637-3.953 c1.056-1.056,2.46-1.638,3.953-1.638c0.915,0,1.818,0.228,2.622,0.655c-0.033,0.007-0.067,0.013-0.1,0.02l0.199,0.031 c-0.032-0.018-0.066-0.034-0.098-0.051c0.002,0,0.003-0.001,0.004-0.001c0.586-0.112,1.187-0.169,1.788-0.169 c1.275,0,2.512,0.249,3.676,0.742c1.124,0.476,2.135,1.156,3.002,2.024c0.868,0.867,1.548,1.877,2.024,3.002 c0.493,1.164,0.743,2.401,0.743,3.676c0,0.575-0.054,1.15-0.157,1.712c-0.018-0.031-0.033-0.064-0.052-0.095l0.034,0.201 c0.007-0.035,0.011-0.071,0.018-0.106C21.754,14.494,22,15.432,22,16.386z M16.817,14.138c0-1.331-0.613-2.743-3.033-3.282 l-2.209-0.49c-0.84-0.192-1.807-0.444-1.807-1.237c0-0.794,0.679-1.348,1.903-1.348c2.468,0,2.243,1.696,3.468,1.696 c0.645,0,1.209-0.379,1.209-1.031c0-1.521-2.435-2.663-4.5-2.663c-2.242,0-4.63,0.952-4.63,3.488c0,1.221,0.436,2.521,2.839,3.123 l2.984,0.745c0.903,0.223,1.129,0.731,1.129,1.189c0,0.762-0.758,1.507-2.129,1.507c-2.679,0-2.307-2.062-3.743-2.062 c-0.645,0-1.113,0.444-1.113,1.078c0,1.236,1.501,2.886,4.856,2.886C15.236,17.737,16.817,16.199,16.817,14.138z\"><\/path><\/svg><span class=\"wp-block-social-link-label screen-reader-text\">Skype<\/span><\/a><\/li>\n\n<\/ul>\n<\/div>\n<\/div>\n<\/div>\n<\/div>\n<\/div>\n\n\n\n<div class=\"wp-block-columns uag-hide-desktop uag-hide-tab is-layout-flex wp-container-core-columns-is-layout-28f84493 wp-block-columns-is-layout-flex\">\n<div class=\"wp-block-column is-layout-flow wp-block-column-is-layout-flow\">\n<div class=\"wp-block-columns is-layout-flex wp-container-core-columns-is-layout-28f84493 wp-block-columns-is-layout-flex\">\n<div class=\"wp-block-column is-layout-flow wp-block-column-is-layout-flow\">\n<h3 class=\"wp-block-heading\" id=\"kontakt-info-1\">Kontakt Info<\/h3>\n\n\n\n<p>Jode e.U , Steinebach 18,&nbsp;6850 Dornbirn, \u00d6sterreich<br>Telefon: +43 5572 203 467, office@jode.at<\/p>\n\n\n\n<div style=\"height:24px\" aria-hidden=\"true\" class=\"wp-block-spacer\"><\/div>\n\n\n<div class=\"wpforms-container\" id=\"wpforms-4628\"><form id=\"wpforms-form-4628\" class=\"wpforms-validate wpforms-form wpforms-ajax-form\" data-formid=\"4628\" method=\"post\" enctype=\"multipart\/form-data\" action=\"\/en\/wp-json\/wp\/v2\/pages\/1819\" data-token=\"59de44fff0c5d5b57be344943a21ec1d\" data-token-time=\"1776588335\" data-trp-original-action=\"\/en\/wp-json\/wp\/v2\/pages\/1819\"><noscript class=\"wpforms-error-noscript\">Please enable JavaScript in your browser to complete this form.<\/noscript><div class=\"wpforms-field-container\"><div id=\"wpforms-4628-field_0-container\" class=\"wpforms-field wpforms-field-name\" data-field-id=\"0\"><label class=\"wpforms-field-label\" for=\"wpforms-4628-field_0\">First Name <span class=\"wpforms-required-label\">*<\/span><\/label><input type=\"text\" id=\"wpforms-4628-field_0\" class=\"wpforms-field-small wpforms-field-required\" name=\"wpforms[fields][0]\" required><\/div><div id=\"wpforms-4628-field_8-container\" class=\"wpforms-field wpforms-field-name\" data-field-id=\"8\"><label class=\"wpforms-field-label\" for=\"wpforms-4628-field_8\">Last name <span class=\"wpforms-required-label\">*<\/span><\/label><input type=\"text\" id=\"wpforms-4628-field_8\" class=\"wpforms-field-small wpforms-field-required\" name=\"wpforms[fields][8]\" required><\/div><div id=\"wpforms-4628-field_1-container\" class=\"wpforms-field wpforms-field-email\" data-field-id=\"1\"><label class=\"wpforms-field-label\" for=\"wpforms-4628-field_1\">Email address <span class=\"wpforms-required-label\">*<\/span><\/label><input type=\"email\" id=\"wpforms-4628-field_1\" class=\"wpforms-field-small wpforms-field-required\" name=\"wpforms[fields][1]\" placeholder=\"max.musterman@gmail.com\" spellcheck=\"false\" required><\/div><div id=\"wpforms-4628-field_2-container\" class=\"wpforms-field wpforms-field-textarea\" data-field-id=\"2\"><label class=\"wpforms-field-label\" for=\"wpforms-4628-field_2\">Comment or message<\/label><textarea id=\"wpforms-4628-field_2\" class=\"wpforms-field-small\" name=\"wpforms[fields][2]\" placeholder=\"Write down your request and we will get back to you soon. \" ><\/textarea><\/div><div id=\"wpforms-4628-field_7-container\" class=\"wpforms-field wpforms-field-checkbox\" data-field-id=\"7\"><label class=\"wpforms-field-label\">Data protection<\/label><ul id=\"wpforms-4628-field_7\"><li class=\"choice-1 depth-1\"><input type=\"checkbox\" id=\"wpforms-4628-field_7_1\" name=\"wpforms[fields][7][]\" value=\"Ich habe die Datenschutzerkl\u00e4rung gelesen und akzeptiere diese. \"  ><label class=\"wpforms-field-label-inline\" for=\"wpforms-4628-field_7_1\">I have read and accept the privacy policy.<\/label><\/li><\/ul><\/div><\/div><!-- .wpforms-field-container --><div class=\"wpforms-submit-container\" ><input type=\"hidden\" name=\"wpforms[id]\" value=\"4628\"><input type=\"hidden\" name=\"page_title\" value=\"\"><input type=\"hidden\" name=\"page_url\" value=\"https:\/\/www.jode.at\/en\/wp-json\/wp\/v2\/pages\/1819\"><button type=\"submit\" name=\"wpforms[submit]\" id=\"wpforms-submit-4628\" class=\"wpforms-submit\" data-alt-text=\"Senden...\" data-submit-text=\"Senden\" aria-live=\"assertive\" value=\"wpforms-submit\">Send<\/button><img loading=\"lazy\" decoding=\"async\" src=\"https:\/\/www.jode.at\/wp-content\/plugins\/wpforms-lite\/assets\/images\/submit-spin.svg\" class=\"wpforms-submit-spinner\" style=\"display: none;\" width=\"26\" height=\"26\" alt=\"Loading\"><\/div><input type=\"hidden\" name=\"trp-form-language\" value=\"en\"\/><\/form><\/div>  <!-- .wpforms-container -->\n<\/div>\n<\/div>\n<\/div>\n<\/div>","protected":false},"excerpt":{"rendered":"<p>Kontakt aufnehmen Bei JODE setzen wir anspruchsvolle Ziele und fahren hohes Tempo. Aber wir schaffen auch R\u00e4ume, in denen Pers\u00f6nlichkeiten wachsen. Das Ergebnis sind Laufbahnen mit einer Abk\u00fcrzung in Richtung Verantwortung. Sie haben Fragen oder sind auf der Suche nach dem richtigen Ansprechpartner? Wir freuen uns auf Ihre Kontaktaufnahme und beraten Sie gerne zu allen &hellip;<\/p>\n<p class=\"read-more\"> <a class=\"\" href=\"https:\/\/www.jode.at\/en\/kontakt\/\"> <span class=\"screen-reader-text\">Contact<\/span> Read More \u00bb<\/a><\/p>","protected":false},"author":1,"featured_media":0,"parent":0,"menu_order":0,"comment_status":"closed","ping_status":"closed","template":"","meta":{"tpgb_global_settings":"","_eb_attr":"EB Garamond","_gspb_post_css":"","_uag_custom_page_level_css":"","ub_ctt_via":"","site-sidebar-layout":"no-sidebar","site-content-layout":"plain-container","ast-global-header-display":"","ast-main-header-display":"","ast-hfb-above-header-display":"","ast-hfb-below-header-display":"","ast-hfb-mobile-header-display":"","site-post-title":"disabled","ast-breadcrumbs-content":"","ast-featured-img":"disabled","footer-sml-layout":"","theme-transparent-header-meta":"enabled","adv-header-id-meta":"","stick-header-meta":"","header-above-stick-meta":"","header-main-stick-meta":"","header-below-stick-meta":"","footnotes":""},"class_list":["post-1819","page","type-page","status-publish","hentry"],"aioseo_notices":[],"featured_image_src":null,"tpgb_featured_images":null,"tpgb_post_meta_info":{"get_date":"August 24, 2020","author_name":"Elena","author_url":"https:\/\/www.jode.at\/en\/author\/elena-stelle-vis-commail-com\/","author_email":"elena.stelle.vis.com@gmail.com","author_website":"https:\/\/www.jode.at","author_description":"","author_facebook":"","author_twitter":"","author_instagram":"","author_role":["administrator"],"author_firstname":"Elena","author_lastname":"Stelle","user_login":"elena.stelle.vis.com@mail.com","author_avatar":"<img alt='' src='https:\/\/secure.gravatar.com\/avatar\/756d2434b26cfa01a838c539baedc2d01f02b0f787451ead21686a7f8f98f50f?s=200&#038;d=mm&#038;r=g' srcset='https:\/\/secure.gravatar.com\/avatar\/756d2434b26cfa01a838c539baedc2d01f02b0f787451ead21686a7f8f98f50f?s=400&#038;d=mm&#038;r=g 2x' class='avatar avatar-200 photo' height='200' width='200' loading='lazy' decoding='async'\/>","author_avatar_url":"https:\/\/secure.gravatar.com\/avatar\/756d2434b26cfa01a838c539baedc2d01f02b0f787451ead21686a7f8f98f50f?s=96&d=mm&r=g","comment_count":0,"post_likes":0,"post_views":0},"tpgb_post_category":[],"uagb_featured_image_src":{"full":false,"thumbnail":false,"medium":false,"medium_large":false,"large":false,"1536x1536":false,"2048x2048":false,"trp-custom-language-flag":false,"tp-image-grid":false},"uagb_author_info":{"display_name":"Elena","author_link":"https:\/\/www.jode.at\/en\/author\/elena-stelle-vis-commail-com\/"},"uagb_comment_info":0,"uagb_excerpt":"Kontakt aufnehmen Bei JODE setzen wir anspruchsvolle Ziele und fahren hohes Tempo. Aber wir schaffen auch R\u00e4ume, in denen Pers\u00f6nlichkeiten wachsen. Das Ergebnis sind Laufbahnen mit einer Abk\u00fcrzung in Richtung Verantwortung. Sie haben Fragen oder sind auf der Suche nach dem richtigen Ansprechpartner? Wir freuen uns auf Ihre Kontaktaufnahme und beraten Sie gerne zu allen&hellip;","_links":{"self":[{"href":"https:\/\/www.jode.at\/en\/wp-json\/wp\/v2\/pages\/1819","targetHints":{"allow":["GET"]}}],"collection":[{"href":"https:\/\/www.jode.at\/en\/wp-json\/wp\/v2\/pages"}],"about":[{"href":"https:\/\/www.jode.at\/en\/wp-json\/wp\/v2\/types\/page"}],"author":[{"embeddable":true,"href":"https:\/\/www.jode.at\/en\/wp-json\/wp\/v2\/users\/1"}],"replies":[{"embeddable":true,"href":"https:\/\/www.jode.at\/en\/wp-json\/wp\/v2\/comments?post=1819"}],"version-history":[{"count":59,"href":"https:\/\/www.jode.at\/en\/wp-json\/wp\/v2\/pages\/1819\/revisions"}],"predecessor-version":[{"id":5667,"href":"https:\/\/www.jode.at\/en\/wp-json\/wp\/v2\/pages\/1819\/revisions\/5667"}],"wp:attachment":[{"href":"https:\/\/www.jode.at\/en\/wp-json\/wp\/v2\/media?parent=1819"}],"curies":[{"name":"wp","href":"https:\/\/api.w.org\/{rel}","templated":true}]}}