{"id":2027,"date":"2020-08-24T02:50:55","date_gmt":"2020-08-24T02:50:55","guid":{"rendered":"https:\/\/www.jode.at\/about\/"},"modified":"2022-10-30T12:22:29","modified_gmt":"2022-10-30T12:22:29","slug":"recycling","status":"publish","type":"page","link":"https:\/\/www.jode.at\/en\/recycling\/","title":{"rendered":"Recycling"},"content":{"rendered":"<div class=\"wp-block-cover alignfull is-light uag-hide-mob\" style=\"min-height:470px;aspect-ratio:unset;\"><span aria-hidden=\"true\" class=\"wp-block-cover__background has-background-dim-30 has-background-dim\" style=\"background-color:#2c4c65\"><\/span><img loading=\"lazy\" decoding=\"async\" width=\"2076\" height=\"430\" class=\"wp-block-cover__image-background wp-image-5603\" alt=\"\" src=\"https:\/\/www.jode.at\/wp-content\/uploads\/2022\/10\/recycling-bottles-2.jpg.webp\" data-object-fit=\"cover\" srcset=\"https:\/\/www.jode.at\/wp-content\/uploads\/2022\/10\/recycling-bottles-2.jpg.webp 2076w, https:\/\/www.jode.at\/wp-content\/uploads\/2022\/10\/recycling-bottles-2.jpg-300x62.webp 300w, https:\/\/www.jode.at\/wp-content\/uploads\/2022\/10\/recycling-bottles-2.jpg-1024x212.webp 1024w, https:\/\/www.jode.at\/wp-content\/uploads\/2022\/10\/recycling-bottles-2.jpg-768x159.webp 768w, https:\/\/www.jode.at\/wp-content\/uploads\/2022\/10\/recycling-bottles-2.jpg-1536x318.webp 1536w, https:\/\/www.jode.at\/wp-content\/uploads\/2022\/10\/recycling-bottles-2.jpg-2048x424.webp 2048w, https:\/\/www.jode.at\/wp-content\/uploads\/2022\/10\/recycling-bottles-2.jpg-18x4.webp 18w\" sizes=\"auto, (max-width: 2076px) 100vw, 2076px\" \/><div class=\"wp-block-cover__inner-container is-layout-flow wp-block-cover-is-layout-flow\">\n<h1 class=\"has-ast-global-color-5-color has-text-color wp-block-heading\" id=\"recycling\">Recycling<\/h1>\n<\/div><\/div>\n\n\n\n<div class=\"wp-block-cover alignfull is-light has-parallax uag-hide-desktop uag-hide-tab\" style=\"min-height:370px;aspect-ratio:unset;\"><span aria-hidden=\"true\" class=\"wp-block-cover__background has-background-dim-30 has-background-dim\" style=\"background-color:#2c4c65\"><\/span><div role=\"img\" class=\"wp-block-cover__image-background wp-image-5604 has-parallax\" style=\"background-position:50% 50%;background-image:url(https:\/\/www.jode.at\/wp-content\/uploads\/2022\/10\/recycling-bottles.webp)\"><\/div><div class=\"wp-block-cover__inner-container is-layout-flow wp-block-cover-is-layout-flow\">\n<div style=\"height:50px\" aria-hidden=\"true\" class=\"wp-block-spacer\"><\/div>\n\n\n\n<div class=\"wp-block-essential-blocks-advanced-heading\"><div class=\"eb-parent-wrapper eb-parent-eb-advance-heading-uptz3qv\"><div class=\"eb-advance-heading-wrapper eb-advance-heading-uptz3qv button-1\" data-id=\"eb-advance-heading-uptz3qv\"><h2 class=\"eb-ah-title\">Recycling<\/h2><\/div><\/div><\/div>\n<\/div><\/div>\n\n\n\n<div style=\"height:68px\" aria-hidden=\"true\" class=\"wp-block-spacer\"><\/div>\n\n\n\n<div class=\"wp-block-columns is-layout-flex wp-container-core-columns-is-layout-c6bc58be wp-block-columns-is-layout-flex\" style=\"padding-top:0px;padding-right:0px;padding-bottom:0px;padding-left:0px\">\n<div class=\"wp-block-column is-layout-flow wp-block-column-is-layout-flow\">\n<div style=\"height:8px\" aria-hidden=\"true\" class=\"wp-block-spacer\"><\/div>\n\n\n\n<h3 class=\"has-text-color wp-block-heading\" id=\"recycling-1\" style=\"color:#2c4c65\">Recycling<\/h3>\n\n\n\n<p>We continuously strive to expand our involvement in the secondary sector including recycling, reprocessing and recovery of valuable materials and resources. We have a responsibility to the environment as a whole and are mindful of the earth's finite biocapacity. Our global network and extensive know-how make this possible and efficient.<br>Not only metals are reintroduced by us into the circular economy, but also plastics, paper and biological waste. We are always developing cooperations with governmental authorities to further promote recycling.<br>Sustainability is a top priority at JODE.<\/p>\n<\/div>\n\n\n\n<div class=\"wp-block-column is-layout-flow wp-block-column-is-layout-flow\">\n<div class=\"wp-block-essential-blocks-advanced-image\"><div class=\"eb-parent-wrapper eb-parent-eb-advanced-image-ut360nz\"><figure class=\"eb-advanced-image-wrapper eb-advanced-image-ut360nz img-style-square caption-style-1 caption-horizontal-center caption-vertical-bottom bottom no-effect\" data-id=\"eb-advanced-image-ut360nz\"><div class=\"image-wrapper\"><img decoding=\"async\" src=\"https:\/\/www.jode.at\/wp-content\/uploads\/2022\/10\/Recycling-Cycle-02.webp\" alt=\"\"\/><\/div><\/figure><\/div><\/div>\n<\/div>\n<\/div>\n\n\n\n<div style=\"height:10px\" aria-hidden=\"true\" class=\"wp-block-spacer\"><\/div>\n\n\n\n<div class=\"inherit-container-width wp-block-group alignfull uag-hide-mob is-layout-constrained wp-block-group-is-layout-constrained\">\n<div class=\"inherit-container-width wp-block-group alignfull has-ast-global-color-5-background-color has-background is-layout-constrained wp-block-group-is-layout-constrained\">\n<div class=\"wp-block-greenshift-blocks-tabs gspb-tabs gspb_tabs-id-gsbp-c9c05ae5-fb60 gstabs-tabs\" data-autoplay=\"false\" data-autoplaytime=\"4\"><div class=\"t-btn-container\"><div class=\"t-btn active\"><div class=\"tabtitlelabel\">Plastics<\/div><\/div><div class=\"t-btn\"><div class=\"tabtitlelabel\">Paper<\/div><\/div><div class=\"t-btn\"><div class=\"tabtitlelabel\">Organic Waste<\/div><\/div><div class=\"t-btn\"><div class=\"tabtitlelabel\">Wood<\/div><\/div><div class=\"t-btn\"><div class=\"tabtitlelabel\">Metals<\/div><\/div><\/div><div class=\"t-panel-container\"><div style=\"overflow:hidden\" class=\"gswipertabs\"><div class=\"swiper-wrapper\">\n<div aria-labelledby=\"gspb-tab-item-btn-gsbp-c9c05ae5-fb60-0\" id=\"gspb-tab-item-content-gsbp-c9c05ae5-fb60-0\" role=\"tabpanel\" tabindex=\"0\" class=\"t-panel swiper-slide active\"><div class=\"wp-block-greenshift-blocks-tab\">\n<ul class=\"wp-block-list\">\n<li>Sorting and recycling of plastic waste<\/li>\n\n\n\n<li>PET bottles currently have the best recyclability. Thanks to highly modern sorting technology, we can return plastic waste to the circular economy as a reusable raw material for tomorrow's production. Furthermore, we avoid landfilling in the natural environment and, in addition to recycling, we recycle plastics for energy recovery.&nbsp;<br><\/li>\n<\/ul>\n<\/div><\/div>\n\n\n\n<div aria-labelledby=\"gspb-tab-item-btn-gsbp-c9c05ae5-fb60-1\" id=\"gspb-tab-item-content-gsbp-c9c05ae5-fb60-1\" role=\"tabpanel\" tabindex=\"0\" class=\"t-panel swiper-slide\"><div class=\"wp-block-greenshift-blocks-tab\">\n<ul class=\"wp-block-list\">\n<li>Your system partner in paper recycling<\/li>\n\n\n\n<li>Thanks to modern technology, paper recycling has been significantly improved. There is hardly any difference between the production of wastepaper and virgin fiber paper. Recycled paper is no longer inferior to commercially available paper. Compared to the production of paper from wood fiber, the processing of recycled paper saves up to 50% energy and about 15-30% water. Our professional team is continuously working to return paper waste to the circular economy.<\/li>\n<\/ul>\n<\/div><\/div>\n\n\n\n<div aria-labelledby=\"gspb-tab-item-btn-gsbp-c9c05ae5-fb60-2\" id=\"gspb-tab-item-content-gsbp-c9c05ae5-fb60-2\" role=\"tabpanel\" tabindex=\"0\" class=\"t-panel swiper-slide\"><div class=\"wp-block-greenshift-blocks-tab\">\n<ul class=\"wp-block-list\">\n<li>Between 80 and 140 cubic meters of biogas are produced per ton of biowaste.<\/li>\n\n\n\n<li>Biowaste can be processed very efficiently and adds value to the production of biogas. Biowaste can also be used to produce a concentrate that acts like a booster for the production of biogas. During the storage process, impurities such as plastics or glass are sorted out of the waste. The actual conversion of biowaste to biogas takes place by means of fermentation processes in biogas plants. The gas produced in this process is used to generate green electricity or heat. JODE is a leading partner for customers in the biogas industry.<\/li>\n<\/ul>\n<\/div><\/div>\n\n\n\n<div aria-labelledby=\"gspb-tab-item-btn-gsbp-c9c05ae5-fb60-3\" id=\"gspb-tab-item-content-gsbp-c9c05ae5-fb60-3\" role=\"tabpanel\" tabindex=\"0\" class=\"t-panel swiper-slide\"><div class=\"wp-block-greenshift-blocks-tab\">\n<ul class=\"wp-block-list\">\n<li>Sustainable wood recycling from JODE<\/li>\n\n\n\n<li>Wood can be recycled up to the third category and returned to the production cycle. Shredded wood can be pressed into particleboard or processed into pellets which are used as fuel for heating. We work closely with wood processors to ensure a high level of reuse.<\/li>\n<\/ul>\n<\/div><\/div>\n\n\n\n<div aria-labelledby=\"gspb-tab-item-btn-gsbp-c9c05ae5-fb60-4\" id=\"gspb-tab-item-content-gsbp-c9c05ae5-fb60-4\" role=\"tabpanel\" tabindex=\"0\" class=\"t-panel swiper-slide\"><div class=\"wp-block-greenshift-blocks-tab\">\n<ul class=\"wp-block-list\">\n<li>Solution provider of metal recycling<\/li>\n\n\n\n<li>JODE is one of the leading companies in Europe when it comes to recycling metals such as FE and NE alloys. Our focus is on secondary products, such as aluminum scrap, copper scrap and other metals that we recycle.&nbsp;<\/li>\n<\/ul>\n<\/div><\/div>\n<\/div><\/div><\/div><\/div>\n<\/div>\n<\/div>\n\n\n\n<div class=\"wp-block-columns has-background uag-hide-desktop uag-hide-tab is-layout-flex wp-container-core-columns-is-layout-f350720d wp-block-columns-is-layout-flex\" style=\"background-color:#f5f8fc;padding-top:20px\">\n<div class=\"wp-block-column has-background is-layout-flow wp-block-column-is-layout-flow\" style=\"background-color:#f5f8fc\">\n<h3 class=\"has-text-color wp-block-heading\" id=\"kunststoff\" style=\"color:#2c4c65;padding-top:0px;padding-right:0px;padding-bottom:0px;padding-left:0px\">Plastics<\/h3>\n\n\n\n<p style=\"padding-top:0px;padding-right:0px;padding-bottom:0px;padding-left:0px\"><strong>Sorting and recycling of plastic waste<\/strong><br>PET bottles currently have the best recyclability. Thanks to highly modern sorting technology, we can return plastic waste to the circular economy as a reusable raw material for tomorrow's production. Furthermore, we avoid landfilling in the natural environment and, in addition to recycling, we recycle plastics for energy recovery.<\/p>\n<\/div>\n<\/div>\n\n\n\n<div style=\"height:20px\" aria-hidden=\"true\" class=\"wp-block-spacer uag-hide-desktop uag-hide-tab\"><\/div>\n\n\n\n<div class=\"wp-block-columns has-background uag-hide-desktop uag-hide-tab is-layout-flex wp-container-core-columns-is-layout-28f84493 wp-block-columns-is-layout-flex\" style=\"background-color:#f5f8fc\">\n<div class=\"wp-block-column has-background is-layout-flow wp-block-column-is-layout-flow\" style=\"background-color:#f5f8fc\">\n<h3 class=\"has-text-color uag-hide-desktop uag-hide-tab wp-block-heading\" id=\"papier\" style=\"color:#2c4c65;padding-top:0px;padding-right:0px;padding-bottom:0px;padding-left:0px;text-transform:none\">Paper<\/h3>\n\n\n\n<p class=\"uag-hide-desktop uag-hide-tab\" style=\"padding-top:0px;padding-right:0px;padding-bottom:0px;padding-left:0px\"><strong>Your system partner in paper recycling<\/strong><br>Thanks to modern technology, paper recycling has been significantly improved. There is hardly any difference between the production of wastepaper and virgin fiber paper. Recycled paper is no longer inferior to commercially available paper. Compared to the production of paper from wood fiber, the processing of recycled paper saves up to 50% energy and about 15-30% water. Our professional team is continuously working to return paper waste to the circular economy.<\/p>\n<\/div>\n<\/div>\n\n\n\n<div style=\"height:20px\" aria-hidden=\"true\" class=\"wp-block-spacer uag-hide-desktop uag-hide-tab\"><\/div>\n\n\n\n<div class=\"wp-block-columns has-background uag-hide-desktop uag-hide-tab is-layout-flex wp-container-core-columns-is-layout-28f84493 wp-block-columns-is-layout-flex\" style=\"background-color:#f5f8fc\">\n<div class=\"wp-block-column has-background is-layout-flow wp-block-column-is-layout-flow\" style=\"background-color:#f5f8fc\">\n<h3 class=\"has-text-color uag-hide-desktop uag-hide-tab wp-block-heading\" id=\"bioabfall\" style=\"color:#2c4c65;padding-left:20px\">Organic Waste<\/h3>\n\n\n\n<p style=\"padding-right:20px;padding-bottom:20px;padding-left:20px\"><strong>Between 80 and 140 cubic meters of biogas are produced per ton of biowaste.<\/strong><br>Biowaste can be processed very efficiently and adds value to the production of biogas. Biowaste can also be used to produce a concentrate that acts like a booster for the production of biogas. During the storage process, impurities such as plastics or glass are sorted out of the waste. The actual conversion of biowaste to biogas takes place by means of fermentation processes in biogas plants. The gas produced in this process is used to generate green electricity or heat. JODE is a leading partner for customers in the biogas industry.<\/p>\n<\/div>\n<\/div>\n\n\n\n<div style=\"height:20px\" aria-hidden=\"true\" class=\"wp-block-spacer uag-hide-desktop uag-hide-tab\"><\/div>\n\n\n\n<div class=\"wp-block-columns has-background uag-hide-desktop uag-hide-tab is-layout-flex wp-container-core-columns-is-layout-28f84493 wp-block-columns-is-layout-flex\" style=\"background-color:#f5f8fc\">\n<div class=\"wp-block-column has-background is-layout-flow wp-block-column-is-layout-flow\" style=\"background-color:#f5f8fc\">\n<h3 class=\"has-text-color uag-hide-desktop uag-hide-tab wp-block-heading\" id=\"holz\" style=\"color:#2c4c65;padding-top:0px;padding-right:0px;padding-bottom:0px;padding-left:0px\">Wood<\/h3>\n\n\n\n<p><strong>Sustainable wood recycling from JODE<\/strong><br>Wood can be recycled up to the third category and returned to the production cycle. Shredded wood can be pressed into particleboard or processed into pellets which are used as fuel for heating. We work closely with wood processors to ensure a high level of reuse.<\/p>\n<\/div>\n<\/div>\n\n\n\n<div style=\"height:20px\" aria-hidden=\"true\" class=\"wp-block-spacer uag-hide-desktop uag-hide-tab\"><\/div>\n\n\n\n<div class=\"wp-block-columns has-background is-layout-flex wp-container-core-columns-is-layout-28f84493 wp-block-columns-is-layout-flex\" style=\"background-color:#f5f8fc\">\n<div class=\"wp-block-column has-background is-layout-flow wp-block-column-is-layout-flow\" style=\"background-color:#f5f8fc\">\n<h3 class=\"has-text-color wp-block-heading\" id=\"metall\" style=\"color:#2c4c65;padding-top:0px;padding-right:0px;padding-bottom:0px;padding-left:0px\">Metals<\/h3>\n\n\n\n<p style=\"padding-top:0px;padding-right:0px;padding-bottom:0px;padding-left:0px\"><strong>Solution provider of metal recycling<\/strong> <br>We offer a wide range of processing and work with state-of-the-art sorting technology to ensure grade purity, to avoid unnecessary material loss and to reintroduce valuable resources into the recycling economy. In our plants, we pay attention to resource-saving and environmentally friendly reprocessing.<\/p>\n<\/div>\n<\/div>\n\n\n\n<div style=\"height:60px\" aria-hidden=\"true\" class=\"wp-block-spacer\"><\/div>\n\n\n\n<div class=\"wp-block-columns is-layout-flex wp-container-core-columns-is-layout-c6bc58be wp-block-columns-is-layout-flex\" style=\"padding-top:0px;padding-right:0px;padding-bottom:0px;padding-left:0px\">\n<div class=\"wp-block-column is-layout-flow wp-block-column-is-layout-flow\" style=\"flex-basis:50%\">\n<figure class=\"wp-block-image size-full\"><img loading=\"lazy\" decoding=\"async\" width=\"900\" height=\"595\" src=\"https:\/\/www.jode.at\/wp-content\/uploads\/2022\/10\/aluminium-dros-2.webp\" alt=\"\" class=\"wp-image-5606\" srcset=\"https:\/\/www.jode.at\/wp-content\/uploads\/2022\/10\/aluminium-dros-2.webp 900w, https:\/\/www.jode.at\/wp-content\/uploads\/2022\/10\/aluminium-dros-2-300x198.webp 300w, https:\/\/www.jode.at\/wp-content\/uploads\/2022\/10\/aluminium-dros-2-768x508.webp 768w, https:\/\/www.jode.at\/wp-content\/uploads\/2022\/10\/aluminium-dros-2-18x12.webp 18w\" sizes=\"auto, (max-width: 900px) 100vw, 900px\" \/><\/figure>\n<\/div>\n\n\n\n<div class=\"wp-block-column is-layout-flow wp-block-column-is-layout-flow\" style=\"flex-basis:66.66%\">\n<div class=\"wp-block-columns is-layout-flex wp-container-core-columns-is-layout-28f84493 wp-block-columns-is-layout-flex\">\n<div class=\"wp-block-column is-layout-flow wp-block-column-is-layout-flow\">\n<h3 class=\"has-text-color wp-block-heading\" id=\"energie\" style=\"color:#2c4c65;padding-top:10px\">Energy<\/h3>\n\n\n\n<p>Due to the high energy consumption in the production and processing of metals and other industrial consumer goods, we pay attention to renewable energy. Aluminum production in particular leaves a carbon footprint five times larger than production that draws electricity from renewable sources. JODE promotes renewable energy sources such as hydropower, wind energy, solutions such as solar, biomass and geothermal energy.&nbsp;<\/p>\n<\/div>\n<\/div>\n<\/div>\n<\/div>\n\n\n\n<div style=\"height:40px\" aria-hidden=\"true\" class=\"wp-block-spacer\"><\/div>\n\n\n\n<div class=\"wp-block-cover alignfull\" style=\"min-height:435px;aspect-ratio:unset;\"><span aria-hidden=\"true\" class=\"wp-block-cover__background has-background-dim-20 has-background-dim\" style=\"background-color:#3c64b1\"><\/span><img loading=\"lazy\" decoding=\"async\" width=\"1920\" height=\"1269\" class=\"wp-block-cover__image-background wp-image-5607\" alt=\"\" src=\"https:\/\/www.jode.at\/wp-content\/uploads\/2022\/10\/climate-change-concept-collage.webp\" style=\"object-position:53% 36%\" data-object-fit=\"cover\" data-object-position=\"53% 36%\" srcset=\"https:\/\/www.jode.at\/wp-content\/uploads\/2022\/10\/climate-change-concept-collage.webp 1920w, https:\/\/www.jode.at\/wp-content\/uploads\/2022\/10\/climate-change-concept-collage-300x198.webp 300w, https:\/\/www.jode.at\/wp-content\/uploads\/2022\/10\/climate-change-concept-collage-1024x677.webp 1024w, https:\/\/www.jode.at\/wp-content\/uploads\/2022\/10\/climate-change-concept-collage-768x508.webp 768w, https:\/\/www.jode.at\/wp-content\/uploads\/2022\/10\/climate-change-concept-collage-1536x1015.webp 1536w, https:\/\/www.jode.at\/wp-content\/uploads\/2022\/10\/climate-change-concept-collage-18x12.webp 18w\" sizes=\"auto, (max-width: 1920px) 100vw, 1920px\" \/><div class=\"wp-block-cover__inner-container is-layout-flow wp-block-cover-is-layout-flow\">\n<h3 class=\"has-text-align-center has-ast-global-color-5-color has-text-color wp-block-heading\" id=\"wir-wollen-neue-wege-finden-um-effektiver-ans-ziel-zu-kommen\" style=\"text-transform:none\"><br>We want to find new ways to reach our goals more effectively.<\/h3>\n\n\n\n<p class=\"has-text-align-center has-ast-global-color-5-color has-text-color\">We are a company with decades of experience<br>on a national and international level.<\/p>\n\n\n\n<div class=\"wp-block-buttons is-content-justification-center is-layout-flex wp-container-core-buttons-is-layout-a89b3969 wp-block-buttons-is-layout-flex\">\n<div class=\"wp-block-button\"><a class=\"wp-block-button__link wp-element-button\" href=\"https:\/\/www.jode.at\/en\/kontakt\/\">Contact us<\/a><\/div>\n<\/div>\n<\/div><\/div>","protected":false},"excerpt":{"rendered":"<p>Recycling Wir bem\u00fchen uns fortlaufend unser Mitwirken im Sekund\u00e4ren Bereich inklusive des Recyclings, Umarbeiten und Verwerten von Wertstoffen und Ressourcen zu erweitern. Wir haben die Verantwortung f\u00fcr die gesamte Umwelt und achten auf die endliche Biokapazit\u00e4t der Erde. Unser globales Netzwerk und umfangreiches Know-how macht dies m\u00f6glich und effizient.Nicht nur Metalle werden von uns in &hellip;<\/p>\n<p class=\"read-more\"> <a class=\"\" href=\"https:\/\/www.jode.at\/en\/recycling\/\"> <span class=\"screen-reader-text\">Recycling<\/span> Read More \u00bb<\/a><\/p>","protected":false},"author":1,"featured_media":0,"parent":0,"menu_order":0,"comment_status":"closed","ping_status":"closed","template":"","meta":{"tpgb_global_settings":"","_eb_attr":"EB Garamond","_gspb_post_css":"@import url(https:\/\/fonts.googleapis.com\/css?family=Roboto|Roboto:500);@keyframes gcwidthleftright{0%{width:0%}to{width:100%}}@keyframes gcslidefromtop{0%{transform:translateY(-10px);opacity:0}to{transform:translateY(0);opacity:1}}.gspb-tabs *{box-sizing:border-box!important}.t-btn-container{display:flex;flex-direction:row;width:100%;align-items:center;margin-bottom:-1px;flex-wrap:wrap}.t-btn-container .t-btn{background-origin:border-box;list-style:none;display:inline-flex;align-items:center;margin:0;padding:11px 24px;cursor:pointer;position:relative;transition:all .4s ease-in-out;font-size:20px}.t-btn-container .t-btn .tabsubtitle{font-size:70%;opacity:.7}.gstabs-tabs .t-btn-container .t-btn{border:1px solid transparent;border-top-width:2px}.gstabs-tabs .t-btn-container .t-btn.active{border-color:rgba(206,206,206,.4);border-bottom-color:#fff;background-color:#fff;color:#333}.t-panel-container .t-panel{opacity:0;overflow:hidden;display:none}.t-panel-container .t-panel.active{opacity:1;display:block!important}.t-panel-container{margin-bottom:25px;overflow:hidden;padding:30px}.gstabs-tabs .t-panel-container{border:1px solid rgba(206,206,206,.4);background-color:#fff}.t-btn-container ul{margin:0!important;padding:0!important}.gstabs-underline .t-btn-container .t-btn:after{position:absolute;bottom:0;left:0;content:'';height:3px;width:0;transition:width .5s,left .5s,right .5s}.gstabs-underline .t-btn-container .t-btn.active:after{width:100%;left:0;right:0}.gstabs-pills .t-btn-container .t-btn{margin:0 10px;border:1px solid transparent}.gstabs-vertical{display:flex}.gstabs-vertical .t-btn-container{display:block;width:150px}.gstabs-vertical .t-btn-container .t-btn{margin-bottom:10px;width:150px;border:1px solid transparent}.gstabs-vertical .t-panel-container{flex-grow:1}.t-btn-container .t-btn .gs-image{flex-grow:inherit;margin:0 10px 0 0}.t-btn-container .t-btn img{margin:0;height:25px;min-width:auto}@media (max-width:575.98px){body .tabscroll .t-btn-container{overflow-x:scroll;flex-wrap:nowrap;scroll-behavior:smooth;scroll-snap-type:x mandatory;width:100%!important;white-space:nowrap;display:block;padding-bottom:15px}.tabscroll .t-btn-container .t-btn{scroll-snap-align:start;white-space:nowrap;width:auto!important;margin-right:10px}.tabscroll .t-btn-container .t-btn.active{box-shadow:none!important}.gstabs-vertical{display:block!important}.gstabs-vertical .t-panel-container{margin-top:25px}.t-btn-container .t-btn{font-size:15px}}.t-panel-container p:last-of-type{margin-bottom:0}@media (max-width:575.98px){body .gspb_tabs-id-gsbp-c9c05ae5-fb60{display:none!important}}@media (min-width:576px) and (max-width:767.98px){body .gspb_tabs-id-gsbp-c9c05ae5-fb60{display:none!important}}.gspb_tabs-id-gsbp-c9c05ae5-fb60 .t-btn-container .t-btn,.gspb_tabs-id-gsbp-c9c05ae5-fb60 .t-btn-container .t-btn .wp-block{font-weight:500;font-family:Roboto,sans-serif;font-size:18px}.gspb_tabs-id-gsbp-c9c05ae5-fb60 .t-btn-container{justify-content:left}.gspb_tabs-id-gsbp-c9c05ae5-fb60 .t-btn-container .t-btn{color:#b6cdf4}.gspb_tabs-id-gsbp-c9c05ae5-fb60 .t-btn-container .t-btn.active{color:#2c4c65;border-top-color:#2c4c65}","_uag_custom_page_level_css":"","ub_ctt_via":"","site-sidebar-layout":"no-sidebar","site-content-layout":"plain-container","ast-global-header-display":"","ast-main-header-display":"","ast-hfb-above-header-display":"","ast-hfb-below-header-display":"","ast-hfb-mobile-header-display":"","site-post-title":"disabled","ast-breadcrumbs-content":"","ast-featured-img":"disabled","footer-sml-layout":"","theme-transparent-header-meta":"enabled","adv-header-id-meta":"","stick-header-meta":"","header-above-stick-meta":"","header-main-stick-meta":"","header-below-stick-meta":"","footnotes":""},"class_list":["post-2027","page","type-page","status-publish","hentry"],"aioseo_notices":[],"featured_image_src":null,"tpgb_featured_images":null,"tpgb_post_meta_info":{"get_date":"August 24, 2020","author_name":"Elena","author_url":"https:\/\/www.jode.at\/en\/author\/elena-stelle-vis-commail-com\/","author_email":"elena.stelle.vis.com@gmail.com","author_website":"https:\/\/www.jode.at","author_description":"","author_facebook":"","author_twitter":"","author_instagram":"","author_role":["administrator"],"author_firstname":"Elena","author_lastname":"Stelle","user_login":"elena.stelle.vis.com@mail.com","author_avatar":"<img alt='' src='https:\/\/secure.gravatar.com\/avatar\/756d2434b26cfa01a838c539baedc2d01f02b0f787451ead21686a7f8f98f50f?s=200&#038;d=mm&#038;r=g' srcset='https:\/\/secure.gravatar.com\/avatar\/756d2434b26cfa01a838c539baedc2d01f02b0f787451ead21686a7f8f98f50f?s=400&#038;d=mm&#038;r=g 2x' class='avatar avatar-200 photo' height='200' width='200' loading='lazy' decoding='async'\/>","author_avatar_url":"https:\/\/secure.gravatar.com\/avatar\/756d2434b26cfa01a838c539baedc2d01f02b0f787451ead21686a7f8f98f50f?s=96&d=mm&r=g","comment_count":0,"post_likes":0,"post_views":0},"tpgb_post_category":[],"uagb_featured_image_src":{"full":false,"thumbnail":false,"medium":false,"medium_large":false,"large":false,"1536x1536":false,"2048x2048":false,"trp-custom-language-flag":false,"tp-image-grid":false},"uagb_author_info":{"display_name":"Elena","author_link":"https:\/\/www.jode.at\/en\/author\/elena-stelle-vis-commail-com\/"},"uagb_comment_info":0,"uagb_excerpt":"Recycling Wir bem\u00fchen uns fortlaufend unser Mitwirken im Sekund\u00e4ren Bereich inklusive des Recyclings, Umarbeiten und Verwerten von Wertstoffen und Ressourcen zu erweitern. Wir haben die Verantwortung f\u00fcr die gesamte Umwelt und achten auf die endliche Biokapazit\u00e4t der Erde. Unser globales Netzwerk und umfangreiches Know-how macht dies m\u00f6glich und effizient.Nicht nur Metalle werden von uns in&hellip;","_links":{"self":[{"href":"https:\/\/www.jode.at\/en\/wp-json\/wp\/v2\/pages\/2027","targetHints":{"allow":["GET"]}}],"collection":[{"href":"https:\/\/www.jode.at\/en\/wp-json\/wp\/v2\/pages"}],"about":[{"href":"https:\/\/www.jode.at\/en\/wp-json\/wp\/v2\/types\/page"}],"author":[{"embeddable":true,"href":"https:\/\/www.jode.at\/en\/wp-json\/wp\/v2\/users\/1"}],"replies":[{"embeddable":true,"href":"https:\/\/www.jode.at\/en\/wp-json\/wp\/v2\/comments?post=2027"}],"version-history":[{"count":126,"href":"https:\/\/www.jode.at\/en\/wp-json\/wp\/v2\/pages\/2027\/revisions"}],"predecessor-version":[{"id":5610,"href":"https:\/\/www.jode.at\/en\/wp-json\/wp\/v2\/pages\/2027\/revisions\/5610"}],"wp:attachment":[{"href":"https:\/\/www.jode.at\/en\/wp-json\/wp\/v2\/media?parent=2027"}],"curies":[{"name":"wp","href":"https:\/\/api.w.org\/{rel}","templated":true}]}}