{"id":3929,"date":"2022-10-15T11:20:12","date_gmt":"2022-10-15T11:20:12","guid":{"rendered":"https:\/\/www.jode.at\/?page_id=3929"},"modified":"2022-10-30T21:45:35","modified_gmt":"2022-10-30T21:45:35","slug":"kultur","status":"publish","type":"page","link":"https:\/\/www.jode.at\/en\/kultur\/","title":{"rendered":"Culture"},"content":{"rendered":"<div class=\"wp-block-cover alignfull is-light uag-hide-mob\" style=\"min-height:470px;aspect-ratio:unset;\"><span aria-hidden=\"true\" class=\"wp-block-cover__background has-background-dim-30 has-background-dim\" style=\"background-color:#2c4c65\"><\/span><img loading=\"lazy\" decoding=\"async\" width=\"1920\" height=\"470\" class=\"wp-block-cover__image-background wp-image-5672\" alt=\"\" src=\"https:\/\/www.jode.at\/wp-content\/uploads\/2022\/10\/ruder-team.webp\" data-object-fit=\"cover\" srcset=\"https:\/\/www.jode.at\/wp-content\/uploads\/2022\/10\/ruder-team.webp 1920w, https:\/\/www.jode.at\/wp-content\/uploads\/2022\/10\/ruder-team-300x73.webp 300w, https:\/\/www.jode.at\/wp-content\/uploads\/2022\/10\/ruder-team-1024x251.webp 1024w, https:\/\/www.jode.at\/wp-content\/uploads\/2022\/10\/ruder-team-768x188.webp 768w, https:\/\/www.jode.at\/wp-content\/uploads\/2022\/10\/ruder-team-1536x376.webp 1536w, https:\/\/www.jode.at\/wp-content\/uploads\/2022\/10\/ruder-team-18x4.webp 18w\" sizes=\"auto, (max-width: 1920px) 100vw, 1920px\" \/><div class=\"wp-block-cover__inner-container is-layout-flow wp-block-cover-is-layout-flow\">\n<h1 class=\"has-ast-global-color-5-color has-text-color wp-block-heading\" id=\"kultur\">Culture<\/h1>\n<\/div><\/div>\n\n\n\n<div class=\"wp-block-cover alignwide is-light uag-hide-desktop uag-hide-tab\" style=\"min-height:370px;aspect-ratio:unset;\"><span aria-hidden=\"true\" class=\"wp-block-cover__background has-background-dim-30 has-background-dim\" style=\"background-color:#2c4c65\"><\/span><img loading=\"lazy\" decoding=\"async\" width=\"900\" height=\"595\" class=\"wp-block-cover__image-background wp-image-5698\" alt=\"\" src=\"https:\/\/www.jode.at\/wp-content\/uploads\/2022\/10\/zusammen-rudern.webp\" data-object-fit=\"cover\" srcset=\"https:\/\/www.jode.at\/wp-content\/uploads\/2022\/10\/zusammen-rudern.webp 900w, https:\/\/www.jode.at\/wp-content\/uploads\/2022\/10\/zusammen-rudern-300x198.webp 300w, https:\/\/www.jode.at\/wp-content\/uploads\/2022\/10\/zusammen-rudern-768x508.webp 768w, https:\/\/www.jode.at\/wp-content\/uploads\/2022\/10\/zusammen-rudern-18x12.webp 18w\" sizes=\"auto, (max-width: 900px) 100vw, 900px\" \/><div class=\"wp-block-cover__inner-container is-layout-flow wp-block-cover-is-layout-flow\">\n<div style=\"height:50px\" aria-hidden=\"true\" class=\"wp-block-spacer\"><\/div>\n\n\n\n<div class=\"wp-block-essential-blocks-advanced-heading\"><div class=\"eb-parent-wrapper eb-parent-eb-advance-heading-bo0vp4m\"><div class=\"eb-advance-heading-wrapper eb-advance-heading-bo0vp4m button-1\" data-id=\"eb-advance-heading-bo0vp4m\"><h2 class=\"eb-ah-title\">Culture<\/h2><\/div><\/div><\/div>\n<\/div><\/div>\n\n\n\n<div style=\"height:60px\" aria-hidden=\"true\" class=\"wp-block-spacer\"><\/div>\n\n\n\n<div class=\"inherit-container-width wp-block-group has-ast-global-color-4-background-color has-background is-layout-constrained wp-container-core-group-is-layout-69de643f wp-block-group-is-layout-constrained\" style=\"padding-top:40px;padding-right:40px;padding-bottom:40px;padding-left:40px\">\n<h4 class=\"has-text-color wp-block-heading\" id=\"wir-leben-unternehmertum\" style=\"color:#2c4c65;text-transform:none\">We Live Entrepreneurship<\/h4>\n\n\n\n<p>JODE provides a place for people to think big and rewards dedicated people who take responsibility for granted. Our employees live and think as entrepreneurs and act as leaders in their field of activity.<\/p>\n\n\n\n<p>At JODE there is recognition and reward in return for a high demand for performance. Support us in the procurement and marketing of raw materials, the handling of logistics routes and become part of our unique corporate culture.<br><\/p>\n<\/div>\n\n\n\n<div style=\"height:60px\" aria-hidden=\"true\" class=\"wp-block-spacer\"><\/div>\n\n\n\n<h4 class=\"wp-block-heading\" id=\"wir-fordern-den-unterschied\" style=\"text-transform:none\">We promote the difference<\/h4>\n\n\n\n<div style=\"height:19px\" aria-hidden=\"true\" class=\"wp-block-spacer\"><\/div>\n\n\n\n<div class=\"wp-block-columns is-layout-flex wp-container-core-columns-is-layout-c6bc58be wp-block-columns-is-layout-flex\" style=\"padding-top:0px;padding-right:0px;padding-bottom:0px;padding-left:0px\">\n<div class=\"wp-block-column is-layout-flow wp-block-column-is-layout-flow\">\n<p>For our company, integrity, respect and diversity are part of our culture. We value every individual of every background and respect regardless of age, religion, nationality, gender and ability. We give all our employees the same opportunity to follow a clear career path. <\/p>\n\n\n\n<p>For JODE, integrity is a fundamental element of our corporate culture and is an important basis for success in all forms of our fields of activity.<\/p>\n<\/div>\n<\/div>\n\n\n\n<div style=\"height:60px\" aria-hidden=\"true\" class=\"wp-block-spacer\"><\/div>\n\n\n\n<h4 class=\"wp-block-heading\" id=\"ein-sicherer-arbeitsplatz\" style=\"text-transform:none\">A secure workplace<\/h4>\n\n\n\n<div style=\"height:19px\" aria-hidden=\"true\" class=\"wp-block-spacer\"><\/div>\n\n\n\n<div class=\"wp-block-columns is-layout-flex wp-container-core-columns-is-layout-c6bc58be wp-block-columns-is-layout-flex\" style=\"padding-top:0px;padding-right:0px;padding-bottom:0px;padding-left:0px\">\n<div class=\"wp-block-column is-layout-flow wp-block-column-is-layout-flow\">\n<p>The health and safety of our employees are considered and respected at all times. We provide a safe workplace where each individual is an important part of our company. JODE pays attention to the most modern work equipment for employees in order to grant a smooth and safe place.<\/p>\n<\/div>\n<\/div>\n\n\n\n<div style=\"height:60px\" aria-hidden=\"true\" class=\"wp-block-spacer\"><\/div>\n\n\n\n<div class=\"wp-block-cover alignfull is-light has-parallax\" style=\"min-height:400px;aspect-ratio:unset;\"><span aria-hidden=\"true\" class=\"wp-block-cover__background has-background-dim-20 has-background-dim\" style=\"background-color:#3c64b1\"><\/span><div role=\"img\" class=\"wp-block-cover__image-background wp-image-5675 has-parallax\" style=\"background-position:50% 50%;background-image:url(https:\/\/www.jode.at\/wp-content\/uploads\/2022\/10\/jode-screen-office-2-scaled.webp)\"><\/div><div class=\"wp-block-cover__inner-container is-layout-flow wp-block-cover-is-layout-flow\">\n<h3 class=\"has-text-align-center has-ast-global-color-5-color has-text-color wp-block-heading\" id=\"wir-wollen-neue-wege-finden-um-effektiver-ans-ziel-zu-kommen\" style=\"text-transform:none\"><br>We want to find new ways to reach our goals more effectively.<\/h3>\n\n\n\n<p class=\"has-text-align-center has-ast-global-color-5-color has-text-color\">We are a company with decades of experience<br>on a national and international level.<\/p>\n\n\n\n<div class=\"wp-block-buttons is-content-justification-center is-layout-flex wp-container-core-buttons-is-layout-a89b3969 wp-block-buttons-is-layout-flex\">\n<div class=\"wp-block-button\"><a class=\"wp-block-button__link wp-element-button\" href=\"https:\/\/www.jode.at\/en\/kontakt\/\">Contact us<\/a><\/div>\n<\/div>\n<\/div><\/div>","protected":false},"excerpt":{"rendered":"<p>Wir leben Unternehmertum JODE bietet Menschen einen Ort f\u00fcr gro\u00dfes Denken und belohnt engagierte Leute die Verantwortung als selbstverst\u00e4ndlich ansehen. Unsere Mitarbeiter leben und denken als Unternehmer und agieren als Leader in Ihrem T\u00e4tigkeitsbereich. Hier herrscht Anerkennung und Belohnung im Gegenzug einer hohen Anforderung an Leistung. Unterst\u00fctzen Sie uns bei der Beschaffung und der Vermarktung &hellip;<\/p>\n<p class=\"read-more\"> <a class=\"\" href=\"https:\/\/www.jode.at\/en\/kultur\/\"> <span class=\"screen-reader-text\">Culture<\/span> Read More \u00bb<\/a><\/p>","protected":false},"author":1,"featured_media":0,"parent":0,"menu_order":0,"comment_status":"closed","ping_status":"closed","template":"","meta":{"tpgb_global_settings":"","_eb_attr":"EB Garamond,EB Garamond","_gspb_post_css":"#gspb_iconBox-id-gsbp-7eaf5f06-42a3 svg{width:72px}body #gspb_iconBox-id-gsbp-7eaf5f06-42a3{align-items:stretch;justify-content:center;display:flex}body #gspb_iconBox-id-gsbp-7eaf5f06-42a3 svg{height:20px!important;width:20px!important;min-width:20px;overflow:visible;fill:var(--gs-colortwo)!important}#gspb_iconBox-id-gsbp-7eaf5f06-42a3 svg path{fill:var(--gs-colortwo)!important}#gspb_iconBox-id-gsbp-7eaf5f06-42a3 svg:hover path,body #gspb_iconBox-id-gsbp-7eaf5f06-42a3 svg:hover{fill:#2184f9!important}","_uag_custom_page_level_css":"","ub_ctt_via":"","site-sidebar-layout":"no-sidebar","site-content-layout":"plain-container","ast-global-header-display":"","ast-main-header-display":"","ast-hfb-above-header-display":"","ast-hfb-below-header-display":"","ast-hfb-mobile-header-display":"","site-post-title":"disabled","ast-breadcrumbs-content":"","ast-featured-img":"disabled","footer-sml-layout":"","theme-transparent-header-meta":"enabled","adv-header-id-meta":"","stick-header-meta":"","header-above-stick-meta":"","header-main-stick-meta":"","header-below-stick-meta":"","footnotes":""},"class_list":["post-3929","page","type-page","status-publish","hentry"],"aioseo_notices":[],"featured_image_src":null,"tpgb_featured_images":null,"tpgb_post_meta_info":{"get_date":"October 15, 2022","author_name":"Elena","author_url":"https:\/\/www.jode.at\/en\/author\/elena-stelle-vis-commail-com\/","author_email":"elena.stelle.vis.com@gmail.com","author_website":"https:\/\/www.jode.at","author_description":"","author_facebook":"","author_twitter":"","author_instagram":"","author_role":["administrator"],"author_firstname":"Elena","author_lastname":"Stelle","user_login":"elena.stelle.vis.com@mail.com","author_avatar":"<img alt='' src='https:\/\/secure.gravatar.com\/avatar\/756d2434b26cfa01a838c539baedc2d01f02b0f787451ead21686a7f8f98f50f?s=200&#038;d=mm&#038;r=g' srcset='https:\/\/secure.gravatar.com\/avatar\/756d2434b26cfa01a838c539baedc2d01f02b0f787451ead21686a7f8f98f50f?s=400&#038;d=mm&#038;r=g 2x' class='avatar avatar-200 photo' height='200' width='200' loading='lazy' decoding='async'\/>","author_avatar_url":"https:\/\/secure.gravatar.com\/avatar\/756d2434b26cfa01a838c539baedc2d01f02b0f787451ead21686a7f8f98f50f?s=96&d=mm&r=g","comment_count":0,"post_likes":0,"post_views":0},"tpgb_post_category":[],"uagb_featured_image_src":{"full":false,"thumbnail":false,"medium":false,"medium_large":false,"large":false,"1536x1536":false,"2048x2048":false,"trp-custom-language-flag":false,"tp-image-grid":false},"uagb_author_info":{"display_name":"Elena","author_link":"https:\/\/www.jode.at\/en\/author\/elena-stelle-vis-commail-com\/"},"uagb_comment_info":0,"uagb_excerpt":"Wir leben Unternehmertum JODE bietet Menschen einen Ort f\u00fcr gro\u00dfes Denken und belohnt engagierte Leute die Verantwortung als selbstverst\u00e4ndlich ansehen. Unsere Mitarbeiter leben und denken als Unternehmer und agieren als Leader in Ihrem T\u00e4tigkeitsbereich. Hier herrscht Anerkennung und Belohnung im Gegenzug einer hohen Anforderung an Leistung. Unterst\u00fctzen Sie uns bei der Beschaffung und der Vermarktung&hellip;","_links":{"self":[{"href":"https:\/\/www.jode.at\/en\/wp-json\/wp\/v2\/pages\/3929","targetHints":{"allow":["GET"]}}],"collection":[{"href":"https:\/\/www.jode.at\/en\/wp-json\/wp\/v2\/pages"}],"about":[{"href":"https:\/\/www.jode.at\/en\/wp-json\/wp\/v2\/types\/page"}],"author":[{"embeddable":true,"href":"https:\/\/www.jode.at\/en\/wp-json\/wp\/v2\/users\/1"}],"replies":[{"embeddable":true,"href":"https:\/\/www.jode.at\/en\/wp-json\/wp\/v2\/comments?post=3929"}],"version-history":[{"count":19,"href":"https:\/\/www.jode.at\/en\/wp-json\/wp\/v2\/pages\/3929\/revisions"}],"predecessor-version":[{"id":5699,"href":"https:\/\/www.jode.at\/en\/wp-json\/wp\/v2\/pages\/3929\/revisions\/5699"}],"wp:attachment":[{"href":"https:\/\/www.jode.at\/en\/wp-json\/wp\/v2\/media?parent=3929"}],"curies":[{"name":"wp","href":"https:\/\/api.w.org\/{rel}","templated":true}]}}