{"id":4750,"date":"2022-10-18T08:41:38","date_gmt":"2022-10-18T08:41:38","guid":{"rendered":"https:\/\/www.jode.at\/?page_id=4750"},"modified":"2022-10-30T13:00:38","modified_gmt":"2022-10-30T13:00:38","slug":"aluminium","status":"publish","type":"page","link":"https:\/\/www.jode.at\/en\/aluminium\/","title":{"rendered":"Aluminum"},"content":{"rendered":"<div class=\"wp-block-cover alignfull is-light has-parallax uag-hide-mob\" style=\"min-height:470px;aspect-ratio:unset;\"><span aria-hidden=\"true\" class=\"wp-block-cover__background has-background-dim-30 has-background-dim\" style=\"background-color:#2c4c65\"><\/span><div role=\"img\" class=\"wp-block-cover__image-background wp-image-5630 has-parallax\" style=\"background-position:50% 50%;background-image:url(https:\/\/www.jode.at\/wp-content\/uploads\/2022\/10\/banner-aluminium-beweglich.webp)\"><\/div><div class=\"wp-block-cover__inner-container is-layout-flow wp-block-cover-is-layout-flow\">\n<h1 class=\"has-ast-global-color-5-color has-text-color wp-block-heading\" id=\"aluminium-1\">Aluminum<\/h1>\n<\/div><\/div>\n\n\n\n<div class=\"wp-block-cover alignfull is-light has-parallax uag-hide-desktop uag-hide-tab\" style=\"min-height:370px;aspect-ratio:unset;\"><span aria-hidden=\"true\" class=\"wp-block-cover__background has-background-dim-30 has-background-dim\" style=\"background-color:#2c4c65\"><\/span><div role=\"img\" class=\"wp-block-cover__image-background wp-image-5630 has-parallax\" style=\"background-position:50% 50%;background-image:url(https:\/\/www.jode.at\/wp-content\/uploads\/2022\/10\/banner-aluminium-beweglich.webp)\"><\/div><div class=\"wp-block-cover__inner-container is-layout-flow wp-block-cover-is-layout-flow\">\n<div style=\"height:50px\" aria-hidden=\"true\" class=\"wp-block-spacer\"><\/div>\n\n\n\n<div class=\"wp-block-essential-blocks-advanced-heading\"><div class=\"eb-parent-wrapper eb-parent-eb-advance-heading-0p85tez\"><div class=\"eb-advance-heading-wrapper eb-advance-heading-0p85tez button-1\" data-id=\"eb-advance-heading-0p85tez\"><h2 class=\"eb-ah-title\">Aluminum<\/h2><\/div><\/div><\/div>\n<\/div><\/div>\n\n\n\n<div style=\"height:62px\" aria-hidden=\"true\" class=\"wp-block-spacer\"><\/div>\n\n\n\n<div class=\"wp-block-columns has-background is-layout-flex wp-container-core-columns-is-layout-f93fcc32 wp-block-columns-is-layout-flex\" style=\"background-color:#ecf0f7;padding-top:20px;padding-right:20px;padding-bottom:20px;padding-left:20px\">\n<div class=\"wp-block-column is-layout-flow wp-block-column-is-layout-flow\">\n<h4 class=\"has-text-color wp-block-heading\" id=\"unsere-aluminium-erzeugnisse\" style=\"color:#2c4c65\">Our Aluminium Products<\/h4>\n\n\n\n<p>We pay attention to the use of clean and renewable energy in aluminium production and enable a low carbon footprint. Discover our main products consisting of primary aluminium, aluminium profiles, sheets, billets, ingots and slabs to products such as aluminium wire.<\/p>\n<\/div>\n<\/div>\n\n\n\n<div style=\"height:60px\" aria-hidden=\"true\" class=\"wp-block-spacer\"><\/div>\n\n\n\n<div class=\"wp-block-columns is-layout-flex wp-container-core-columns-is-layout-28f84493 wp-block-columns-is-layout-flex\">\n<div class=\"wp-block-column has-background is-layout-flow wp-block-column-is-layout-flow\" style=\"background-color:#ecf0f7\">\n<div class=\"wp-block-essential-blocks-advanced-image\"><div class=\"eb-parent-wrapper eb-parent-eb-advanced-image-wckthyg\"><figure class=\"eb-advanced-image-wrapper eb-advanced-image-wckthyg img-style-square caption-style-1 caption-horizontal-center caption-vertical-bottom bottom zoom-in\" data-id=\"eb-advanced-image-wckthyg\"><div class=\"image-wrapper\"><img decoding=\"async\" src=\"https:\/\/www.jode.at\/wp-content\/uploads\/2022\/10\/aluminium-profile.webp\" alt=\"\"\/><figcaption>Aluminum profile for window, door, bathroom box<\/figcaption><\/div><\/figure><\/div><\/div>\n\n\n\n<h4 class=\"wp-block-heading\" id=\"aluminiumprofile\" style=\"padding-top:0px;padding-right:0px;padding-bottom:0px;padding-left:20px\">Aluminum profiles<\/h4>\n\n\n\n<p style=\"padding-right:20px;padding-bottom:40px;padding-left:20px\">We supply our customers with standard profiles, system profiles, Bosch and article profiles. A wide range of diameters and lengths for individual applications in areas such as automotive, construction and mechanical engineering. We offer aluminium in various alloys for a wide range of uses.<\/p>\n<\/div>\n\n\n\n<div class=\"wp-block-column has-background is-layout-flow wp-block-column-is-layout-flow\" style=\"background-color:#ecf0f7\">\n<div class=\"wp-block-essential-blocks-advanced-image\"><div class=\"eb-parent-wrapper eb-parent-eb-advanced-image-n3umvb6\"><figure class=\"eb-advanced-image-wrapper eb-advanced-image-n3umvb6 img-style-square caption-style-1 caption-horizontal-center caption-vertical-bottom bottom zoom-in\" data-id=\"eb-advanced-image-n3umvb6\"><div class=\"image-wrapper\"><img decoding=\"async\" src=\"https:\/\/www.jode.at\/wp-content\/uploads\/2022\/10\/aluminium-bleche.webp\" alt=\"\"\/><figcaption>Aluminum profile for window, door, bathroom box<\/figcaption><\/div><\/figure><\/div><\/div>\n\n\n\n<h4 class=\"wp-block-heading\" id=\"aluminiumbleche\" style=\"padding-right:20px;padding-bottom:20px;padding-left:20px\">Aluminium Sheets<\/h4>\n\n\n\n<p style=\"padding-right:20px;padding-bottom:40px;padding-left:20px\">We offer durable aluminium sheets made of various alloys for a wide range of industrial purposes. The most important areas of application for aluminium sheets are: Automotive construction, facade cladding, air conditioning technology and floor sheets.<\/p>\n<\/div>\n\n\n\n<div class=\"wp-block-column has-background is-layout-flow wp-block-column-is-layout-flow\" style=\"background-color:#ecf0f7\">\n<div class=\"wp-block-essential-blocks-advanced-image\"><div class=\"eb-parent-wrapper eb-parent-eb-advanced-image-vnm9ijk\"><figure class=\"eb-advanced-image-wrapper eb-advanced-image-vnm9ijk img-style-square caption-style-1 caption-horizontal-center caption-vertical-bottom bottom zoom-in\" data-id=\"eb-advanced-image-vnm9ijk\"><div class=\"image-wrapper\"><img decoding=\"async\" src=\"https:\/\/www.jode.at\/wp-content\/uploads\/2022\/10\/banner-aluminium-beweglich.webp\" alt=\"\"\/><figcaption>Aluminum profile for window, door, bathroom box<\/figcaption><\/div><\/figure><\/div><\/div>\n\n\n\n<h4 class=\"wp-block-heading\" id=\"billets\" style=\"padding-right:20px;padding-bottom:20px;padding-left:20px\">Billets<\/h4>\n\n\n\n<p style=\"padding-top:0px;padding-right:20px;padding-bottom:40px;padding-left:20px\">We supply our customers with billets according to the international quality standard and respond to customer requests. The main customers for these products are production companies specialising in the manufacture of extruded profiles and solar panels.<\/p>\n<\/div>\n<\/div>\n\n\n\n<div style=\"height:60px\" aria-hidden=\"true\" class=\"wp-block-spacer\"><\/div>\n\n\n\n<div class=\"wp-block-columns is-layout-flex wp-container-core-columns-is-layout-28f84493 wp-block-columns-is-layout-flex\">\n<div class=\"wp-block-column has-background is-layout-flow wp-block-column-is-layout-flow\" style=\"background-color:#ecf0f7\">\n<div class=\"wp-block-essential-blocks-advanced-image\"><div class=\"eb-parent-wrapper eb-parent-eb-advanced-image-70dbeya\"><figure class=\"eb-advanced-image-wrapper eb-advanced-image-70dbeya img-style-square caption-style-1 caption-horizontal-center caption-vertical-bottom bottom zoom-in\" data-id=\"eb-advanced-image-70dbeya\"><div class=\"image-wrapper\"><img decoding=\"async\" src=\"https:\/\/www.jode.at\/wp-content\/uploads\/2022\/10\/aluminium-slabs.webp\" alt=\"\"\/><figcaption>Aluminum profile for window, door, bathroom box<\/figcaption><\/div><\/figure><\/div><\/div>\n\n\n\n<h4 class=\"wp-block-heading\" id=\"slabs\" style=\"padding-top:0px;padding-right:0px;padding-bottom:0px;padding-left:20px\">Slabs<\/h4>\n\n\n\n<p style=\"padding-right:20px;padding-bottom:40px;padding-left:20px\">JODE is the contact for customers when it comes to high quality slabs. Above all, slabs are used by customers from the construction industry, in a wide range of applications, in the manufacture of construction elements. Furthermore, the automotive industry also finds great use for the production of car body parts.<\/p>\n<\/div>\n\n\n\n<div class=\"wp-block-column has-background is-layout-flow wp-block-column-is-layout-flow\" style=\"background-color:#ecf0f7\">\n<div class=\"wp-block-essential-blocks-advanced-image\"><div class=\"eb-parent-wrapper eb-parent-eb-advanced-image-gp6xuel\"><figure class=\"eb-advanced-image-wrapper eb-advanced-image-gp6xuel img-style-square caption-style-1 caption-horizontal-center caption-vertical-bottom bottom zoom-in\" data-id=\"eb-advanced-image-gp6xuel\"><div class=\"image-wrapper\"><img decoding=\"async\" src=\"https:\/\/www.jode.at\/wp-content\/uploads\/2022\/10\/aluminium-ingots-gestappelt.webp\" alt=\"\"\/><figcaption>Aluminum profile for window, door, bathroom box<\/figcaption><\/div><\/figure><\/div><\/div>\n\n\n\n<h4 class=\"wp-block-heading\" id=\"primar-aluminium\" style=\"padding-top:0px;padding-right:0px;padding-bottom:0px;padding-left:20px\">Primary aluminium<\/h4>\n\n\n\n<p style=\"padding-right:20px;padding-bottom:40px;padding-left:20px\">Primary aluminium is used in vehicle construction, mechanical and structural engineering, electronics, solar technology and packaging. JODE serves as a certified supplier of primary aluminium in the form of ingots, sows and T-bars.<\/p>\n<\/div>\n\n\n\n<div class=\"wp-block-column has-background is-layout-flow wp-block-column-is-layout-flow\" style=\"background-color:#ecf0f7\">\n<div class=\"wp-block-essential-blocks-advanced-image\"><div class=\"eb-parent-wrapper eb-parent-eb-advanced-image-su33kd9\"><figure class=\"eb-advanced-image-wrapper eb-advanced-image-su33kd9 img-style-square caption-style-1 caption-horizontal-center caption-vertical-bottom bottom zoom-in\" data-id=\"eb-advanced-image-su33kd9\"><div class=\"image-wrapper\"><img decoding=\"async\" src=\"https:\/\/www.jode.at\/wp-content\/uploads\/2022\/10\/draht-aus-aluminium.webp\" alt=\"\"\/><figcaption>Aluminum profile for window, door, bathroom box<\/figcaption><\/div><\/figure><\/div><\/div>\n\n\n\n<h4 class=\"wp-block-heading\" id=\"aluminiumdraht\" style=\"padding-top:0px;padding-right:0px;padding-bottom:0px;padding-left:20px\">Aluminium wire<\/h4>\n\n\n\n<p style=\"padding-right:20px;padding-bottom:40px;padding-left:20px\">Aluminium wire is mainly used in the production of wires and cables, but is also used as a deoxidising agent in the metallurgical sector. We meet the needs of our customers with the highest quality and convince with our expertise.<\/p>\n<\/div>\n<\/div>\n\n\n\n<div style=\"height:60px\" aria-hidden=\"true\" class=\"wp-block-spacer\"><\/div>\n\n\n\n<div class=\"wp-block-cover alignfull has-parallax\" style=\"min-height:335px;aspect-ratio:unset;\"><span aria-hidden=\"true\" class=\"wp-block-cover__background has-background-dim-100 has-background-dim\" style=\"background-color:#2c4c65\"><\/span><div role=\"img\" class=\"wp-block-cover__image-background wp-image-4762 has-parallax\" style=\"background-position:50% 50%;background-image:url(https:\/\/www.jode.at\/wp-content\/uploads\/2022\/10\/metalle-banner.jpg)\"><\/div><div class=\"wp-block-cover__inner-container is-layout-flow wp-block-cover-is-layout-flow\">\n<h3 class=\"has-text-align-center has-ast-global-color-5-color has-text-color wp-block-heading\" id=\"stetig-wird-daran-gearbeitet-unsere-kapazitaten-zu-erweitern\" style=\"text-transform:none\">We are constantly working on expanding our capacities...&nbsp;<\/h3>\n\n\n\n<p class=\"has-text-align-center has-ast-global-color-5-color has-text-color\">Constantly attracting new distribution partners and pushing the limits of logistics capabilities further and further.&nbsp;<\/p>\n\n\n\n<div class=\"wp-block-buttons is-content-justification-center is-layout-flex wp-container-core-buttons-is-layout-a89b3969 wp-block-buttons-is-layout-flex\">\n<div class=\"wp-block-button\"><a class=\"wp-block-button__link wp-element-button\">Contact us<\/a><\/div>\n<\/div>\n<\/div><\/div>","protected":false},"excerpt":{"rendered":"<p>Unsere Aluminium Erzeugnisse Wir achten bei der Aluminiumproduktion auf die Verwendung von sauberer und erneuerbarer Energie und erm\u00f6glichen einen geringen CO2-Fu\u00dfabdruck. Entdecken Sie unsere wichtigsten Produkte bestehend aus Prim\u00e4raluminium, Aluminiumprofile, Bleche, Billets, Ingots und Slabs bis hin zu Produkten wie Aluminiumdraht. Aluminiumprofile Wir beliefern unsere Kunden mit Standardprofilen, Systemprofilen, Bosch- und Artikelprofilen. Eine gro\u00dfe Auswahl &hellip;<\/p>\n<p class=\"read-more\"> <a class=\"\" href=\"https:\/\/www.jode.at\/en\/aluminium\/\"> <span class=\"screen-reader-text\">Aluminum<\/span> Read More \u00bb<\/a><\/p>","protected":false},"author":1,"featured_media":0,"parent":0,"menu_order":0,"comment_status":"closed","ping_status":"closed","template":"","meta":{"tpgb_global_settings":"","_eb_attr":"EB Garamond,EB Garamond","_gspb_post_css":"@import url(https:\/\/fonts.googleapis.com\/css?family=EB+Garamond);@keyframes gcwidthleftright{0%{width:0%}to{width:100%}}@keyframes gcslidefromtop{0%{transform:translateY(-10px);opacity:0}to{transform:translateY(0);opacity:1}}.gspb-tabs *{box-sizing:border-box!important}.t-btn-container{display:flex;flex-direction:row;width:100%;align-items:center;margin-bottom:-1px;flex-wrap:wrap}.t-btn-container .t-btn{background-origin:border-box;list-style:none;display:inline-flex;align-items:center;margin:0;padding:11px 24px;cursor:pointer;position:relative;transition:all .4s ease-in-out;font-size:20px}.t-btn-container .t-btn .tabsubtitle{font-size:70%;opacity:.7}.gstabs-tabs .t-btn-container .t-btn{border:1px solid transparent;border-top-width:2px}.gstabs-tabs .t-btn-container .t-btn.active{border-color:rgba(206,206,206,.4);border-bottom-color:#fff;background-color:#fff;color:#333}.t-panel-container .t-panel{opacity:0;overflow:hidden;display:none}.t-panel-container .t-panel.active{opacity:1;display:block!important}.t-panel-container{margin-bottom:25px;overflow:hidden;padding:30px}.gstabs-tabs .t-panel-container{border:1px solid rgba(206,206,206,.4);background-color:#fff}.t-btn-container ul{margin:0!important;padding:0!important}.gstabs-underline .t-btn-container .t-btn:after{position:absolute;bottom:0;left:0;content:'';height:3px;width:0;transition:width .5s,left .5s,right .5s}.gstabs-underline .t-btn-container .t-btn.active:after{width:100%;left:0;right:0}.gstabs-pills .t-btn-container .t-btn{margin:0 10px;border:1px solid transparent}.gstabs-vertical{display:flex}.gstabs-vertical .t-btn-container{display:block;width:150px}.gstabs-vertical .t-btn-container .t-btn{margin-bottom:10px;width:150px;border:1px solid transparent}.gstabs-vertical .t-panel-container{flex-grow:1}.t-btn-container .t-btn .gs-image{flex-grow:inherit;margin:0 10px 0 0}.t-btn-container .t-btn img{margin:0;height:25px;min-width:auto}.t-panel-container p:last-of-type{margin-bottom:0}.gspb_tabs-id-gsbp-96bf8871-d2ad .t-btn-container .t-btn .wp-block,body .gspb_tabs-id-gsbp-96bf8871-d2ad .t-btn-container .t-btn{font-weight:400;font-family:EB Garamond,sans-serif;color:#2c4c65}.gspb_tabs-id-gsbp-96bf8871-d2ad .t-btn-container .t-btn:hover .wp-block,body .gspb_tabs-id-gsbp-96bf8871-d2ad .t-btn-container .t-btn:hover{color:#bc2a2e}.gspb_tabs-id-gsbp-96bf8871-d2ad .t-btn-container{justify-content:left}.gspb_tabs-id-gsbp-96bf8871-d2ad .t-btn-container .t-btn{color:#2c4c65}.gspb_tabs-id-gsbp-96bf8871-d2ad .t-btn-container .t-btn.active{color:#2c4c65;border-top-color:#bc2a2e}@media (max-width:575.98px){body .tabscroll .t-btn-container{overflow-x:scroll;flex-wrap:nowrap;scroll-behavior:smooth;scroll-snap-type:x mandatory;width:100%!important;white-space:nowrap;display:block;padding-bottom:15px}.tabscroll .t-btn-container .t-btn{scroll-snap-align:start;white-space:nowrap;width:auto!important;margin-right:10px}.tabscroll .t-btn-container .t-btn.active{box-shadow:none!important}.gstabs-vertical{display:block!important}.gstabs-vertical .t-panel-container{margin-top:25px}.t-btn-container .t-btn{font-size:15px}}","_uag_custom_page_level_css":"","ub_ctt_via":"","site-sidebar-layout":"no-sidebar","site-content-layout":"plain-container","ast-global-header-display":"","ast-main-header-display":"","ast-hfb-above-header-display":"","ast-hfb-below-header-display":"","ast-hfb-mobile-header-display":"","site-post-title":"disabled","ast-breadcrumbs-content":"","ast-featured-img":"disabled","footer-sml-layout":"","theme-transparent-header-meta":"enabled","adv-header-id-meta":"","stick-header-meta":"","header-above-stick-meta":null,"header-main-stick-meta":"","header-below-stick-meta":null,"footnotes":""},"class_list":["post-4750","page","type-page","status-publish","hentry"],"aioseo_notices":[],"featured_image_src":null,"tpgb_featured_images":null,"tpgb_post_meta_info":{"get_date":"October 18, 2022","author_name":"Elena","author_url":"https:\/\/www.jode.at\/en\/author\/elena-stelle-vis-commail-com\/","author_email":"elena.stelle.vis.com@gmail.com","author_website":"https:\/\/www.jode.at","author_description":"","author_facebook":"","author_twitter":"","author_instagram":"","author_role":["administrator"],"author_firstname":"Elena","author_lastname":"Stelle","user_login":"elena.stelle.vis.com@mail.com","author_avatar":"<img alt='' src='https:\/\/secure.gravatar.com\/avatar\/756d2434b26cfa01a838c539baedc2d01f02b0f787451ead21686a7f8f98f50f?s=200&#038;d=mm&#038;r=g' srcset='https:\/\/secure.gravatar.com\/avatar\/756d2434b26cfa01a838c539baedc2d01f02b0f787451ead21686a7f8f98f50f?s=400&#038;d=mm&#038;r=g 2x' class='avatar avatar-200 photo' height='200' width='200' loading='lazy' decoding='async'\/>","author_avatar_url":"https:\/\/secure.gravatar.com\/avatar\/756d2434b26cfa01a838c539baedc2d01f02b0f787451ead21686a7f8f98f50f?s=96&d=mm&r=g","comment_count":0,"post_likes":0,"post_views":0},"tpgb_post_category":[],"uagb_featured_image_src":{"full":false,"thumbnail":false,"medium":false,"medium_large":false,"large":false,"1536x1536":false,"2048x2048":false,"trp-custom-language-flag":false,"tp-image-grid":false},"uagb_author_info":{"display_name":"Elena","author_link":"https:\/\/www.jode.at\/en\/author\/elena-stelle-vis-commail-com\/"},"uagb_comment_info":0,"uagb_excerpt":"Unsere Aluminium Erzeugnisse Wir achten bei der Aluminiumproduktion auf die Verwendung von sauberer und erneuerbarer Energie und erm\u00f6glichen einen geringen CO2-Fu\u00dfabdruck. Entdecken Sie unsere wichtigsten Produkte bestehend aus Prim\u00e4raluminium, Aluminiumprofile, Bleche, Billets, Ingots und Slabs bis hin zu Produkten wie Aluminiumdraht. Aluminiumprofile Wir beliefern unsere Kunden mit Standardprofilen, Systemprofilen, Bosch- und Artikelprofilen. Eine gro\u00dfe Auswahl&hellip;","_links":{"self":[{"href":"https:\/\/www.jode.at\/en\/wp-json\/wp\/v2\/pages\/4750","targetHints":{"allow":["GET"]}}],"collection":[{"href":"https:\/\/www.jode.at\/en\/wp-json\/wp\/v2\/pages"}],"about":[{"href":"https:\/\/www.jode.at\/en\/wp-json\/wp\/v2\/types\/page"}],"author":[{"embeddable":true,"href":"https:\/\/www.jode.at\/en\/wp-json\/wp\/v2\/users\/1"}],"replies":[{"embeddable":true,"href":"https:\/\/www.jode.at\/en\/wp-json\/wp\/v2\/comments?post=4750"}],"version-history":[{"count":33,"href":"https:\/\/www.jode.at\/en\/wp-json\/wp\/v2\/pages\/4750\/revisions"}],"predecessor-version":[{"id":5640,"href":"https:\/\/www.jode.at\/en\/wp-json\/wp\/v2\/pages\/4750\/revisions\/5640"}],"wp:attachment":[{"href":"https:\/\/www.jode.at\/en\/wp-json\/wp\/v2\/media?parent=4750"}],"curies":[{"name":"wp","href":"https:\/\/api.w.org\/{rel}","templated":true}]}}