{"id":5323,"date":"2022-10-20T09:56:13","date_gmt":"2022-10-20T09:56:13","guid":{"rendered":"https:\/\/www.jode.at\/?page_id=5323"},"modified":"2022-10-30T13:42:50","modified_gmt":"2022-10-30T13:42:50","slug":"datenschutz","status":"publish","type":"page","link":"https:\/\/www.jode.at\/en\/datenschutz\/","title":{"rendered":"Data protection"},"content":{"rendered":"<div class=\"wp-block-cover alignfull is-light uag-hide-mob\" style=\"min-height:470px;aspect-ratio:unset;\"><span aria-hidden=\"true\" class=\"wp-block-cover__background has-background-dim-30 has-background-dim\" style=\"background-color:#2c4c65\"><\/span><img loading=\"lazy\" decoding=\"async\" width=\"1920\" height=\"472\" class=\"wp-block-cover__image-background wp-image-5681\" alt=\"\" src=\"https:\/\/www.jode.at\/wp-content\/uploads\/2022\/10\/datenschutz-webseite.webp\" data-object-fit=\"cover\" srcset=\"https:\/\/www.jode.at\/wp-content\/uploads\/2022\/10\/datenschutz-webseite.webp 1920w, https:\/\/www.jode.at\/wp-content\/uploads\/2022\/10\/datenschutz-webseite-300x74.webp 300w, https:\/\/www.jode.at\/wp-content\/uploads\/2022\/10\/datenschutz-webseite-1024x252.webp 1024w, https:\/\/www.jode.at\/wp-content\/uploads\/2022\/10\/datenschutz-webseite-768x189.webp 768w, https:\/\/www.jode.at\/wp-content\/uploads\/2022\/10\/datenschutz-webseite-1536x378.webp 1536w, https:\/\/www.jode.at\/wp-content\/uploads\/2022\/10\/datenschutz-webseite-18x4.webp 18w\" sizes=\"auto, (max-width: 1920px) 100vw, 1920px\" \/><div class=\"wp-block-cover__inner-container is-layout-flow wp-block-cover-is-layout-flow\">\n<h1 class=\"has-ast-global-color-5-color has-text-color wp-block-heading\" id=\"datenschutz\">Data protection<\/h1>\n<\/div><\/div>\n\n\n\n<div class=\"wp-block-cover alignfull is-light uag-hide-desktop uag-hide-tab\" style=\"min-height:370px;aspect-ratio:unset;\"><span aria-hidden=\"true\" class=\"wp-block-cover__background has-background-dim-30 has-background-dim\" style=\"background-color:#2c4c65\"><\/span><img loading=\"lazy\" decoding=\"async\" width=\"900\" height=\"419\" class=\"wp-block-cover__image-background wp-image-5682\" alt=\"\" src=\"https:\/\/www.jode.at\/wp-content\/uploads\/2022\/10\/datenschutz-webseite-2.webp\" data-object-fit=\"cover\" srcset=\"https:\/\/www.jode.at\/wp-content\/uploads\/2022\/10\/datenschutz-webseite-2.webp 900w, https:\/\/www.jode.at\/wp-content\/uploads\/2022\/10\/datenschutz-webseite-2-300x140.webp 300w, https:\/\/www.jode.at\/wp-content\/uploads\/2022\/10\/datenschutz-webseite-2-768x358.webp 768w, https:\/\/www.jode.at\/wp-content\/uploads\/2022\/10\/datenschutz-webseite-2-18x8.webp 18w\" sizes=\"auto, (max-width: 900px) 100vw, 900px\" \/><div class=\"wp-block-cover__inner-container is-layout-flow wp-block-cover-is-layout-flow\">\n<div class=\"wp-block-essential-blocks-advanced-heading\"><div class=\"eb-parent-wrapper eb-parent-eb-advance-heading-a1sprrl\"><div class=\"eb-advance-heading-wrapper eb-advance-heading-a1sprrl button-1\" data-id=\"eb-advance-heading-a1sprrl\"><h2 class=\"eb-ah-title\">Data protection<\/h2><\/div><\/div><\/div>\n<\/div><\/div>\n\n\n\n<div style=\"height:60px\" aria-hidden=\"true\" class=\"wp-block-spacer\"><\/div>\n\n\n\n<div class=\"inherit-container-width wp-block-group has-ast-global-color-4-background-color has-background is-layout-constrained wp-container-core-group-is-layout-69de643f wp-block-group-is-layout-constrained\" style=\"padding-top:40px;padding-right:40px;padding-bottom:40px;padding-left:40px\">\n<h4 class=\"has-text-color wp-block-heading\" id=\"datenschutz-1\" style=\"color:#2c4c65\">Data protection<\/h4>\n\n\n\n<p>Der Schutz der pers\u00f6nlichen Daten ist mir ein gro\u00dfes Anliegen. In den gegenst\u00e4ndlichen Datenschutzinformationen informiere ich Sie \u00fcber die wichtigsten Aspekte der durchgef\u00fchrten Datenverarbeitung.<\/p>\n\n\n\n<p><strong>1. Name und Kontaktdaten des f\u00fcr die Verarbeitung Verantwortlichen<\/strong><\/p>\n\n\n\n<p>Unternehmen: Jode e.U., <br>Adresse: Steinebach 18, 6850 Dornbirn, \u00d6sterreich, <br>Kontakt: office@jode.at, Telefon: +43 5572 203 467<\/p>\n\n\n\n<p>Leitung Rechtsabteilung:<br>Mag. Danijel Nikolic MBL<br>danijel.nikolic@jode.at<\/p>\n\n\n\n<p><strong>2. Erhebung und Speicherung personenbezogener Daten \/ Art und Zweck deren Verwendung<\/strong><\/p>\n\n\n\n<p><strong>a) Besuch der Website<\/strong><\/p>\n\n\n\n<p>Beim Aufruf unserer Website www.jode.at werden durch den auf Ihrem Endger\u00e4t zum Einsatz kommenden Browser automatisch Informationen an den Server unserer Website gesendet. Diese Informationen werden tempor\u00e4r in einem Logfile gespeichert. Folgende Informationen werden dabei ohne Ihr Zutun erfasst und bis zur automatisierten L\u00f6schung gespeichert:<\/p>\n\n\n\n<p>\u2022 IP-Adresse des anfragenden Rechners,<br>\u2022 Datum und Uhrzeit des Zugriffs,<br>\u2022 Name und URL der abgerufenen Datei,<br>\u2022 Website, von der aus der Zugriff erfolgt (Referrer-URL),<br>\u2022 verwendeter Browser und ggf. das Betriebssystem Ihres Rechners sowie der Name Ihres Access-Providers.<\/p>\n\n\n\n<p><strong>b) Cookies<\/strong><\/p>\n\n\n\n<p>Wir setzen auf unserer Website Cookies ein. Hierbei handelt es sich um kleine Dateien, die Ihr Browser automatisch erstellt und die auf Ihrem Endger\u00e4t (Laptop, Tablet, Smartphone o.\u00e4.) gespeichert werden, wenn Sie unsere Website besuchen.<\/p>\n\n\n\n<p>In dem Cookie werden Informationen abgelegt, die sich jeweils im Zusammenhang mit dem spezifisch eingesetzten Endger\u00e4t ergeben. Dies bedeutet jedoch nicht, dass wir dadurch unmittelbar Kenntnis von Ihrer Identit\u00e4t erhalten. Der Einsatz von Cookies dient einerseits dazu, die Nutzung unseres Angebots f\u00fcr Sie besser zu gestalten. So setzen wir sog. Session-Cookies ein, um zu erkennen, dass Sie einzelne Seiten unserer Website bereits besucht haben. Diese werden nach Verlassen unserer Website automatisch gel\u00f6scht.<\/p>\n\n\n\n<p>Dar\u00fcber hinaus setzen wir zur Optimierung der Benutzerfreundlichkeit tempor\u00e4re Cookies ein, die f\u00fcr einen bestimmten festgelegten Zeitraum auf Ihrem Endger\u00e4t gespeichert werden. Besuchen Sie unsere Seite erneut, um unsere Dienste in Anspruch zu nehmen, wird automatisch erkannt, dass Sie bereits auf unserer Website waren und welche Eingaben und Einstellungen Sie get\u00e4tigt haben, um diese nicht noch einmal eingeben zu m\u00fcssen. Zum anderen setzten wir Cookies ein, um die Nutzung einer Website statistisch zu erfassen. Diese Cookies erm\u00f6glichen es uns, bei einem erneuten Besuch unserer Website automatisch zu erkennen, dass Sie bereits bei uns waren. Diese Cookies werden nach einer jeweils definierten Zeit automatisch gel\u00f6scht. Die durch Cookies verarbeiteten Daten sind f\u00fcr die genannten Zwecke zur Wahrung unserer berechtigten Interessen sowie Dritter nach Art. 6 Abs. 1 S. 1 lit. f DSGVO erforderlich.<\/p>\n\n\n\n<p>Die meisten Browser akzeptieren Cookies automatisch. Sie k\u00f6nnen Ihren Browser jedoch so konfigurieren, dass keine Cookies auf Ihrem Computer gespeichert werden oder stets ein Hinweis erscheint, bevor ein neuer Cookie angelegt wird. Die vollst\u00e4ndige Deaktivierung von Cookies kann jedoch dazu f\u00fchren, dass Sie nicht alle Funktionen unserer Website nutzen k\u00f6nnen.<\/p>\n\n\n\n<p><strong>c) Social Media Plug-ins<\/strong><\/p>\n\n\n\n<p>Wir setzen auf unserer Website auf Basis des Art. 6 Abs. 1 lit. f) DSGVO Social Plug-ins der sozialen Netzwerke Facebook, Twitter und Instagram ein, um unser Unternehmen dadurch noch bekannter zu machen. Der dahinterstehende werbliche Zweck ist als berechtigtes Interesse im Sinne der DSGVO anzusehen. Die Verantwortung f\u00fcr den datenschutzkonformen Betrieb ist durch deren jeweiligen Anbieter zu gew\u00e4hrleisten. Die Einbindung dieser Plug-ins durch uns erfolgt im Wege der sogenannten Zwei-Klick-Methode um Besucher unserer Webseite bestm\u00f6glich zu sch\u00fctzen.<\/p>\n\n\n\n<p><strong>d) Facebook<\/strong><\/p>\n\n\n\n<p>Auf unserer Website kommen Social-Media Plugins von Facebook zum Einsatz, um deren Nutzung pers\u00f6nlicher zu gestalten. Hierf\u00fcr nutzen wir den \u201eLIKE\u201c oder \u201eTEILEN\u201c-Button. Es handelt sich dabei um ein Angebot von Facebook. Wenn Sie eine Seite unserem Webauftritt aufrufen, die ein solches Plugin enth\u00e4lt, baut Ihr Browser eine direkte Verbindung mit den Servern von Facebook auf. Der Inhalt des Plugins wird von Facebook direkt an Ihren Browser \u00fcbermittelt und von diesem in die Webseite eingebunden. Durch die Einbindung der Plugins erh\u00e4lt Facebook die Information, dass Ihr Browser die entsprechende Seite unseres Webauftritts aufgerufen hat, auch wenn Sie kein Facebook-Konto besitzen oder gerade nicht bei Facebook eingeloggt sind. Diese Information (einschlie\u00dflich Ihrer IP-Adresse) wird von Ihrem Browser direkt an einen Server von Facebook in den USA \u00fcbermittelt und dort gespeichert. Sind Sie bei Facebook eingeloggt, kann Facebook den Besuch unserer Website Ihrem Facebook-Konto direkt zuordnen. Wenn Sie mit den Plugins interagieren, zum Beispiel den \u201eLIKE\u201c oder \u201eTEILEN\u201c-Button bet\u00e4tigen, wird die entsprechende Information ebenfalls direkt an einen Server von Facebook \u00fcbermittelt und dort gespeichert. Die Informationen werden zudem auf Facebook ver\u00f6ffentlicht und Ihren Facebook-Freunden angezeigt.<\/p>\n\n\n\n<p>Facebook kann diese Informationen zum Zwecke der Werbung, Marktforschung und bedarfsgerechten Gestaltung der Facebook-Seiten benutzen. Hierzu werden von Facebook Nutzungs-, Interessen- und Beziehungsprofile erstellt, z.B. um Ihre Nutzung unserer Website im Hinblick auf die Ihnen bei Facebook eingeblendeten Werbeanzeigen auszuwerten, andere Facebook-Nutzer \u00fcber Ihre Aktivit\u00e4ten auf unserer Website zu informieren und um weitere mit der Nutzung von Facebook verbundene Dienstleistungen zu erbringen. Wenn Sie nicht m\u00f6chten, dass Facebook die \u00fcber unseren Webauftritt gesammelten Daten Ihrem Facebook-Konto zuordnet, m\u00fcssen Sie sich vor Ihrem Besuch unserer Website bei Facebook ausloggen. Zweck und Umfang der Datenerhebung und die weitere Verarbeitung und Nutzung der Daten durch Facebook sowie Ihre diesbez\u00fcglichen Rechte und Einstellungsm\u00f6glichkeiten zum Schutz Ihrer Privatsph\u00e4re entnehmen Sie bitte den Datenschutzhinweisen (https:\/\/www.facebook.com\/about\/privacy\/) von Facebook.<\/p>\n\n\n\n<p><strong>e) Personenbezogene Daten<\/strong><\/p>\n\n\n\n<p>Sobald jemand mit dem Verantwortlichen telefonisch, per Fax oder per Mail in Kontakt tritt und kein Vertragsverh\u00e4ltnis begr\u00fcndet wird, werden die eruierten personenbezogenen Daten f\u00fcr die Dauer von 1 Monat verarbeitet bzw. gespeichert und darauffolgend automatisch gel\u00f6scht.<\/p>\n\n\n\n<p>Entsteht nach Kontaktaufnahme ein Vertragsverh\u00e4ltnis so werden die personenbezogenen Daten ab sofort und f\u00fcr die Dauer von 10 Jahren, ab Erf\u00fcllung des Vertrages in elektronischer und\/oder schriftlicher Form, aus haftungsrechtlichen Gr\u00fcnden, f\u00fcr die Erf\u00fcllung des Vertrages sowie f\u00fcr die Erf\u00fcllung gesetzlicher Verpflichtungen (Artikel 6 Z 1 lit a), b) und c) DSGVO), verarbeitet bzw. gespeichert.<\/p>\n\n\n\n<p>Zu den personenbezogenen Daten z\u00e4hlen:<\/p>\n\n\n\n<p>\u2022 Vorname, Nachname, Titel<br>\u2022 Adresse, Ort<br>\u2022 Telefonnummer, E-Mail-Adresse, Faxnummer<br>\u2022 Bankverbindung, Bankdaten<br>\u2022 Steuerdaten<br>\u2022 Staatsangeh\u00f6rigkeit<br>\u2022 an uns \u00dcbermittelte Unterlagen (sohin Schreiben, Bilder, Videos, Pl\u00e4ne, Skizzen, Notizen udglm) in elektronischer oder schriftlicher Form<br>\u2022 private und gesch\u00e4ftliche Angaben<\/p>\n\n\n\n<p><strong>f.) Google Analytics<\/strong><\/p>\n\n\n\n<p>Unsere Website nutzt den Dienst \u201eGoogle Analytics\u201c, der von der Google Inc., 1600 Amphitheatre Parkway Mountain View, CA 94043, USA, (\u201eGoogle\u201c) angeboten wird, zur Analyse der Websitebenutzung durch Nutzer. Der Dienst verwendet \u201eCookies\u201c-Textdateien, die auf Ihrem Endger\u00e4t gespeichert werden. Die durch die Cookies gesammelten Informationen \u00fcber die Benutzung dieser Website werden im Regelfall an einen Google-Server in den USA gesandt und dort gespeichert.<\/p>\n\n\n\n<p>Wir setzen Google Analytics nur mit aktivierter IP-Anonymisierung ein. Das bedeutet, die IP-Adresse der Nutzer wird von Google innerhalb der Mitgliedsstaaten der Europ\u00e4ischen Union oder in anderen Vertragsstaaten des Abkommens \u00fcber den Europ\u00e4ischen Wirtschaftsraum gek\u00fcrzt. Nur in Ausnahmef\u00e4llen wird die volle IP-Adresse an einen Server von Google in den USA \u00fcbertragen und dort gek\u00fcrzt.<\/p>\n\n\n\n<p>Google wird diese Informationen in unserem Auftrag benutzen, um die Nutzung unserer Website auszuwerten, um Reports \u00fcber die Websiteaktivit\u00e4ten zusammenzustellen und um weitere mit der Websitenutzung und der Internetnutzung verbundene Dienstleistungen uns gegen\u00fcber zu erbringen. In diesen Zwecken liegt auch unser berechtigtes Interesse an der Datenverarbeitung gem\u00e4\u00df Art 6 Abs 1 lit f) DSGVO. Die im Rahmen von Google Analytics von Ihrem Browser \u00fcbermittelte IP-Adresse wird nicht mit anderen Daten von Google zusammengef\u00fchrt.<\/p>\n\n\n\n<p>Sie k\u00f6nnen die Erfassung der durch das Cookie erzeugten und auf ihre Nutzung unserer Website bezogenen Daten (inkl Ihrer IP-Adresse) an Google sowie die Verarbeitung dieser Daten durch Google verhindern, indem Sie das unter dem folgenden Link verf\u00fcgbare Browser-Add-on herunterladen und installieren. Alternativ verhindern Sie mit einem Klick auf diesen Link, dass Google Analytics innerhalb dieser Website Daten \u00fcber Sie erfasst. Ihr Browser muss die Speicherung von Cookies also hierzu grunds\u00e4tzlich erlauben. L\u00f6schen Sie Ihre Cookies regelm\u00e4\u00dfig, ist ein erneuter Klick auf den Link bei jedem Besuch dieser Website n\u00f6tig.<\/p>\n\n\n\n<p>Weitere Informationen zur Datennutzung durch Google finden Sie hier: https:\/\/policies.google.com\/privacy\/partners?hl=de und https:\/\/support.google.com\/analytics\/answer\/6004245?hl=de.<\/p>\n\n\n\n<p><strong>3. Weiterleitung personenbezogener Daten<\/strong><\/p>\n\n\n\n<p>Die unter Punkt 2 lit e erw\u00e4hnten personenbezogenen Daten werden erst nach ausdr\u00fccklicher schriftlicher Zustimmung des Betroffenen bzw. auf Grund gesetzlicher Verpflichtungen an in- und ausl\u00e4ndische Beh\u00f6rden, Gerichte, Notare, Steuerberater, Wirtschaftspr\u00fcfer, Versicherungen, \u00f6ffentliche Einrichtungen, Banken- und Kreditinstitute, und deren Rechtsvertreter und Sachverst\u00e4ndige zur Erf\u00fcllung des Vertrages bzw. aus gesetzlichen Verpflichtungen weitergegeben.<\/p>\n\n\n\n<p><strong>4. Ihre Rechte als Betroffener<\/strong><\/p>\n\n\n\n<p>Der Betroffene hat das Recht auf Auskunft, L\u00f6schung, Einschr\u00e4nkung der Verarbeitung, Berichtigung, Widerspruch und Daten\u00fcbertragung seitens des Verantwortlichen \u00fcber die in Punkt 2 lit e) angef\u00fchrten Daten.<\/p>\n\n\n\n<p>Gem\u00e4\u00df Art. 15 DSGVO hat der Betroffene das Recht Auskunft \u00fcber die vom Verantwortlichen verarbeiteten personenbezogenen Daten zu verlangen. So kann der Betroffene Auskunft \u00fcber die Verarbeitungszwecke, die geplante Speicherdauer, das Bestehen eines Rechts auf Berichtigung, L\u00f6schung, Einschr\u00e4nkung der Verarbeitung oder Widerspruch, das Bestehen eines Beschwerderechts, die Herkunft seiner Daten, sofern diese nicht beim Verantwortlichen erhoben wurden, sowie \u00fcber das Bestehen einer automatisierten Entscheidungsfindung einschlie\u00dflich Profiling und ggf. aussagekr\u00e4ftigen Informationen zu deren Einzelheiten, verlangen.<\/p>\n\n\n\n<p>Gem\u00e4\u00df Art. 17 DSGVO kann der Betroffene die L\u00f6schung seiner gespeicherten personenbezogenen Daten verlangen, soweit nicht die Verarbeitung zur Aus\u00fcbung des Rechts auf freie Meinungs\u00e4u\u00dferung und Information, zur Erf\u00fcllung einer vertraglichen bzw. gesetzlichen Verpflichtung, aus Gr\u00fcnden des \u00f6ffentlichen Interesses oder zur Geltendmachung, Aus\u00fcbung oder Verteidigung von Rechtsanspr\u00fcchen erforderlich ist.<\/p>\n\n\n\n<p>Gem\u00e4\u00df Art. 18 DSGVO kann der Betroffene die Einschr\u00e4nkung der Verarbeitung seiner personenbezogenen Daten verlangen, soweit die Richtigkeit der Daten vom Betroffenen bestritten wird, die Verarbeitung unrechtm\u00e4\u00dfig ist, der Betroffene deren L\u00f6schung ablehnt und der Verantwortliche diese Daten nicht mehr ben\u00f6tigt, der Betroffene jedoch diese zur Geltendmachung, Aus\u00fcbung oder Verteidigung von Rechtsanspr\u00fcchen ben\u00f6tigt oder der Betroffene gem\u00e4\u00df Art. 21 DSGVO Widerspruch gegen die Verarbeitung eingelegt hat.<\/p>\n\n\n\n<p>Sofern die personenbezogenen Daten des Betroffenen auf Grundlage von berechtigten Interessen gem\u00e4\u00df Art. 6 Abs. 1 S. 1 lit. f DSGVO verarbeitet werden, hat der Betroffene das Recht, gem\u00e4\u00df Art. 21 DSGVO Widerspruch gegen die Verarbeitung der personenbezogenen Daten einzulegen, soweit daf\u00fcr Gr\u00fcnde vorliegen, die sich aus seiner besonderen Situation ergeben oder sich der Widerspruch gegen Direktwerbung richtet. Im letzteren Fall hat der Betroffene ein generelles Widerspruchsrecht, das ohne Angabe einer besonderen Situation vom Verantwortlichen umgesetzt wird. M\u00f6chte der Betroffene von seinem Widerrufs- oder Widerspruchsrecht Gebrauch machen, gen\u00fcgt eine E-Mail an office@jode.at<\/p>\n\n\n\n<p>Der Betroffene nimmt weiters zur Kenntnis, dass er das Recht hat, sich bei der zust\u00e4ndigen Aufsichtsbeh\u00f6rde (\u00d6sterreichische Datenschutzbeh\u00f6rde, Wickenburggasse 8, 1080 Wien, Telefon: +43 1 52 152-0, E-Mail: dsb@dsb.gv.at) zu beschweren.<\/p>\n\n\n\n<p>Abh\u00e4ngig vom Umfang des Vertragsverh\u00e4ltnisses ist die Verarbeitung der unter Punkt 2 lit e angef\u00fchrten Daten zur Erf\u00fcllung des Vertrages zwingend erforderlich.<\/p>\n\n\n\n<p><strong>5. Newsletter \u2013 Einwilligung\/Widerspruch<\/strong><\/p>\n\n\n\n<p>Der Verantwortliche versendet nur mit der Einwilligung des Betroffenen oder aufgrund einer gesetzlichen Grundlage eigene Newsletter. Der Newsletter informiert den Betroffenen \u00fcber Produktneuheiten, Marktinformationen udglm.<\/p>\n\n\n\n<p>Durch die Unterfertigung einer gesonderten Erkl\u00e4rung erkl\u00e4rt der Betroffene sich mit dem Empfang des Newsletters einverstanden.<\/p>\n\n\n\n<p><strong>6. Datensicherheit<\/strong><\/p>\n\n\n\n<p>Wir haben entsprechende technische und organisatorische Vorkehrungen getroffen, um Ihre Daten vor unerlaubtem, rechtswidrigem oder auch zuf\u00e4lligem Zugriff, Verarbeitung, Verwendung, Manipulation, Verlust oder Zerst\u00f6rung zu sch\u00fctzen.<\/p>\n\n\n\n<p>Trotz aller unserer ergriffenen Ma\u00dfnahmen kann nicht ausgeschlossen werden, dass Informationen, die Sie uns \u00fcber das Internet bekannt geben, von anderen Personen eingesehen und genutzt werden. Bitte beachten Sie insbesondere, dass unverschl\u00fcsselte E-Mails, die \u00fcber das Internet versendet werden, nicht hinreichend vor der unbefugten Kenntnisnahme durch Dritte gesch\u00fctzt sind. F\u00fcr vertrauliche Informationen empfehlen wir Ihnen daher den Postweg mittels eingeschriebenem Brief oder Dokumentenpost.<\/p>\n<\/div>\n\n\n\n<div style=\"height:60px\" aria-hidden=\"true\" class=\"wp-block-spacer\"><\/div>\n\n\n\n<div class=\"wp-block-cover alignfull has-parallax\" style=\"min-height:335px;aspect-ratio:unset;\"><span aria-hidden=\"true\" class=\"wp-block-cover__background has-background-dim-100 has-background-dim\" style=\"background-color:#2c4c65\"><\/span><div role=\"img\" class=\"wp-block-cover__image-background wp-image-3771 has-parallax\" style=\"background-position:50% 50%;background-image:url(https:\/\/www.jode.at\/wp-content\/uploads\/2022\/10\/jode-screen-office-Kopie-scaled.jpg)\"><\/div><div class=\"wp-block-cover__inner-container is-layout-flow wp-block-cover-is-layout-flow\">\n<h3 class=\"has-text-align-center has-ast-global-color-5-color has-text-color wp-block-heading\" id=\"wir-wollen-neue-wege-finden-um-effektiver-ans-ziel-zu-kommen\" style=\"text-transform:none\"><br>We want to find new ways to reach our goals more effectively.<\/h3>\n\n\n\n<p class=\"has-text-align-center has-ast-global-color-5-color has-text-color\">We are a company with decades of experience<br>on a national and international level.<\/p>\n\n\n\n<div class=\"wp-block-buttons is-content-justification-center is-layout-flex wp-container-core-buttons-is-layout-a89b3969 wp-block-buttons-is-layout-flex\">\n<div class=\"wp-block-button\"><a class=\"wp-block-button__link wp-element-button\" href=\"https:\/\/www.jode.at\/en\/kontakt\/\">Contact us<\/a><\/div>\n<\/div>\n<\/div><\/div>","protected":false},"excerpt":{"rendered":"<p>Datenschutz Der Schutz der pers\u00f6nlichen Daten ist mir ein gro\u00dfes Anliegen. In den gegenst\u00e4ndlichen Datenschutzinformationen informiere ich Sie \u00fcber die wichtigsten Aspekte der durchgef\u00fchrten Datenverarbeitung. 1. Name und Kontaktdaten des f\u00fcr die Verarbeitung Verantwortlichen Unternehmen: Jode e.U., Adresse: Steinebach 18, 6850 Dornbirn, \u00d6sterreich, Kontakt: office@jode.at, Telefon: +43 5572 203 467 Leitung Rechtsabteilung:Mag. Danijel Nikolic MBLdanijel.nikolic@jode.at &hellip;<\/p>\n<p class=\"read-more\"> <a class=\"\" href=\"https:\/\/www.jode.at\/en\/datenschutz\/\"> <span class=\"screen-reader-text\">Data protection<\/span> Read More \u00bb<\/a><\/p>","protected":false},"author":1,"featured_media":0,"parent":0,"menu_order":0,"comment_status":"closed","ping_status":"closed","template":"","meta":{"tpgb_global_settings":"","_eb_attr":"EB Garamond,EB Garamond","_gspb_post_css":"#gspb_iconBox-id-gsbp-7eaf5f06-42a3 svg{width:72px}body #gspb_iconBox-id-gsbp-7eaf5f06-42a3{align-items:stretch;justify-content:center;display:flex}body #gspb_iconBox-id-gsbp-7eaf5f06-42a3 svg{height:20px!important;width:20px!important;min-width:20px;overflow:visible;fill:var(--gs-colortwo)!important}#gspb_iconBox-id-gsbp-7eaf5f06-42a3 svg path{fill:var(--gs-colortwo)!important}#gspb_iconBox-id-gsbp-7eaf5f06-42a3 svg:hover path,body #gspb_iconBox-id-gsbp-7eaf5f06-42a3 svg:hover{fill:#2184f9!important}","_uag_custom_page_level_css":"","ub_ctt_via":"","site-sidebar-layout":"no-sidebar","site-content-layout":"plain-container","ast-global-header-display":"","ast-main-header-display":"","ast-hfb-above-header-display":"","ast-hfb-below-header-display":"","ast-hfb-mobile-header-display":"","site-post-title":"disabled","ast-breadcrumbs-content":"","ast-featured-img":"disabled","footer-sml-layout":"","theme-transparent-header-meta":"enabled","adv-header-id-meta":"","stick-header-meta":"","header-above-stick-meta":"","header-main-stick-meta":"","header-below-stick-meta":"","footnotes":""},"class_list":["post-5323","page","type-page","status-publish","hentry"],"aioseo_notices":[],"featured_image_src":null,"tpgb_featured_images":null,"tpgb_post_meta_info":{"get_date":"October 20, 2022","author_name":"Elena","author_url":"https:\/\/www.jode.at\/en\/author\/elena-stelle-vis-commail-com\/","author_email":"elena.stelle.vis.com@gmail.com","author_website":"https:\/\/www.jode.at","author_description":"","author_facebook":"","author_twitter":"","author_instagram":"","author_role":["administrator"],"author_firstname":"Elena","author_lastname":"Stelle","user_login":"elena.stelle.vis.com@mail.com","author_avatar":"<img alt='' src='https:\/\/secure.gravatar.com\/avatar\/756d2434b26cfa01a838c539baedc2d01f02b0f787451ead21686a7f8f98f50f?s=200&#038;d=mm&#038;r=g' srcset='https:\/\/secure.gravatar.com\/avatar\/756d2434b26cfa01a838c539baedc2d01f02b0f787451ead21686a7f8f98f50f?s=400&#038;d=mm&#038;r=g 2x' class='avatar avatar-200 photo' height='200' width='200' loading='lazy' decoding='async'\/>","author_avatar_url":"https:\/\/secure.gravatar.com\/avatar\/756d2434b26cfa01a838c539baedc2d01f02b0f787451ead21686a7f8f98f50f?s=96&d=mm&r=g","comment_count":0,"post_likes":0,"post_views":0},"tpgb_post_category":[],"uagb_featured_image_src":{"full":false,"thumbnail":false,"medium":false,"medium_large":false,"large":false,"1536x1536":false,"2048x2048":false,"trp-custom-language-flag":false,"tp-image-grid":false},"uagb_author_info":{"display_name":"Elena","author_link":"https:\/\/www.jode.at\/en\/author\/elena-stelle-vis-commail-com\/"},"uagb_comment_info":0,"uagb_excerpt":"Datenschutz Der Schutz der pers\u00f6nlichen Daten ist mir ein gro\u00dfes Anliegen. In den gegenst\u00e4ndlichen Datenschutzinformationen informiere ich Sie \u00fcber die wichtigsten Aspekte der durchgef\u00fchrten Datenverarbeitung. 1. Name und Kontaktdaten des f\u00fcr die Verarbeitung Verantwortlichen Unternehmen: Jode e.U., Adresse: Steinebach 18, 6850 Dornbirn, \u00d6sterreich, Kontakt: office@jode.at, Telefon: +43 5572 203 467 Leitung Rechtsabteilung:Mag. Danijel Nikolic MBLdanijel.nikolic@jode.at&hellip;","_links":{"self":[{"href":"https:\/\/www.jode.at\/en\/wp-json\/wp\/v2\/pages\/5323","targetHints":{"allow":["GET"]}}],"collection":[{"href":"https:\/\/www.jode.at\/en\/wp-json\/wp\/v2\/pages"}],"about":[{"href":"https:\/\/www.jode.at\/en\/wp-json\/wp\/v2\/types\/page"}],"author":[{"embeddable":true,"href":"https:\/\/www.jode.at\/en\/wp-json\/wp\/v2\/users\/1"}],"replies":[{"embeddable":true,"href":"https:\/\/www.jode.at\/en\/wp-json\/wp\/v2\/comments?post=5323"}],"version-history":[{"count":4,"href":"https:\/\/www.jode.at\/en\/wp-json\/wp\/v2\/pages\/5323\/revisions"}],"predecessor-version":[{"id":5683,"href":"https:\/\/www.jode.at\/en\/wp-json\/wp\/v2\/pages\/5323\/revisions\/5683"}],"wp:attachment":[{"href":"https:\/\/www.jode.at\/en\/wp-json\/wp\/v2\/media?parent=5323"}],"curies":[{"name":"wp","href":"https:\/\/api.w.org\/{rel}","templated":true}]}}