{"id":5729,"date":"2023-01-30T14:34:30","date_gmt":"2023-01-30T14:34:30","guid":{"rendered":"https:\/\/www.jode.at\/?page_id=5729"},"modified":"2023-02-03T10:34:29","modified_gmt":"2023-02-03T10:34:29","slug":"jobs","status":"publish","type":"page","link":"https:\/\/www.jode.at\/en\/jobs\/","title":{"rendered":"Jobs"},"content":{"rendered":"<div class=\"wp-block-cover alignfull is-light uag-hide-mob\" style=\"min-height:470px;aspect-ratio:unset;\"><span aria-hidden=\"true\" class=\"wp-block-cover__background has-background-dim-30 has-background-dim\" style=\"background-color:#2c4c65\"><\/span><img loading=\"lazy\" decoding=\"async\" width=\"1920\" height=\"705\" class=\"wp-block-cover__image-background wp-image-5730\" alt=\"\" src=\"https:\/\/www.jode.at\/wp-content\/uploads\/2023\/01\/consulting-jobs.webp\" data-object-fit=\"cover\" srcset=\"https:\/\/www.jode.at\/wp-content\/uploads\/2023\/01\/consulting-jobs.webp 1920w, https:\/\/www.jode.at\/wp-content\/uploads\/2023\/01\/consulting-jobs-300x110.webp 300w, https:\/\/www.jode.at\/wp-content\/uploads\/2023\/01\/consulting-jobs-1024x376.webp 1024w, https:\/\/www.jode.at\/wp-content\/uploads\/2023\/01\/consulting-jobs-768x282.webp 768w, https:\/\/www.jode.at\/wp-content\/uploads\/2023\/01\/consulting-jobs-1536x564.webp 1536w, https:\/\/www.jode.at\/wp-content\/uploads\/2023\/01\/consulting-jobs-18x7.webp 18w\" sizes=\"auto, (max-width: 1920px) 100vw, 1920px\" \/><div class=\"wp-block-cover__inner-container is-layout-flow wp-block-cover-is-layout-flow\">\n<h1 class=\"has-ast-global-color-5-color has-text-color wp-block-heading\" id=\"jobs\">Jobs<\/h1>\n<\/div><\/div>\n\n\n\n<div class=\"wp-block-cover alignfull is-light uag-hide-desktop uag-hide-tab\" style=\"min-height:370px;aspect-ratio:unset;\"><span aria-hidden=\"true\" class=\"wp-block-cover__background has-background-dim-30 has-background-dim\" style=\"background-color:#2c4c65\"><\/span><img loading=\"lazy\" decoding=\"async\" width=\"900\" height=\"595\" class=\"wp-block-cover__image-background wp-image-5670\" alt=\"\" src=\"https:\/\/www.jode.at\/wp-content\/uploads\/2022\/10\/consulting-2-people.webp\" data-object-fit=\"cover\" srcset=\"https:\/\/www.jode.at\/wp-content\/uploads\/2022\/10\/consulting-2-people.webp 900w, https:\/\/www.jode.at\/wp-content\/uploads\/2022\/10\/consulting-2-people-300x198.webp 300w, https:\/\/www.jode.at\/wp-content\/uploads\/2022\/10\/consulting-2-people-768x508.webp 768w, https:\/\/www.jode.at\/wp-content\/uploads\/2022\/10\/consulting-2-people-18x12.webp 18w\" sizes=\"auto, (max-width: 900px) 100vw, 900px\" \/><div class=\"wp-block-cover__inner-container is-layout-flow wp-block-cover-is-layout-flow\">\n<div class=\"wp-block-essential-blocks-advanced-heading\"><div class=\"eb-parent-wrapper eb-parent-eb-advance-heading-t09dduj\"><div class=\"eb-advance-heading-wrapper eb-advance-heading-t09dduj button-1\" data-id=\"eb-advance-heading-t09dduj\"><h2 class=\"eb-ah-title\"><br>Jobs<\/h2><\/div><\/div><\/div>\n<\/div><\/div>\n\n\n\n<div style=\"height:100px\" aria-hidden=\"true\" class=\"wp-block-spacer\"><\/div>\n\n\n\n<div class=\"inherit-container-width wp-block-group has-ast-global-color-4-background-color has-background is-layout-constrained wp-container-core-group-is-layout-69de643f wp-block-group-is-layout-constrained\" style=\"padding-top:40px;padding-right:40px;padding-bottom:40px;padding-left:40px\">\n<h4 class=\"has-text-color wp-block-heading\" id=\"starke-mit-uns-den-globalen-handel-von-rohstoffen-waren-und-gutern-werde-teil-von-jode\" style=\"color:#2c4c65;text-transform:none\">St\u00e4rke mit uns den globalen Handel von Rohstoffen, Waren und G\u00fctern. Werde Teil von JODE.<\/h4>\n\n\n\n<p>Werden Sie Teil unseres Teams und seien Sie ein Teil eines dynamischen und schnell wachsenden Unternehmens in der Rohstoffhandelsbranche. In unserem Unternehmen glauben wir an eine kollaborative und offene Arbeitsumgebung, in der Mitarbeiter wachsen und sich beruflich entwickeln k\u00f6nnen. Als weltweit agierendes Unternehmen bieten wir zahlreiche M\u00f6glichkeiten f\u00fcr internationale Exposition und Karriereentwicklung. Wenn Sie auf der Suche nach einer neuen Herausforderung sind und einen neuen Weg mit vielen Opportunit\u00e4ten beschreiten wollen, bewerben Sie sich jetzt und gehen Sie den n\u00e4chsten Schritt in Ihrer Karriere bei uns.<\/p>\n<\/div>\n\n\n\n<div style=\"height:60px\" aria-hidden=\"true\" class=\"wp-block-spacer\"><\/div>\n\n\n\n<h3 class=\"wp-block-heading\" id=\"bewerben-sie-sich-noch-heute-bei-jode-1\">Bewerben Sie sich noch heute bei JODE!<\/h3>\n\n\n\n<div class=\"wp-block-columns has-ast-global-color-5-background-color has-background is-layout-flex wp-container-core-columns-is-layout-28f84493 wp-block-columns-is-layout-flex\">\n<div class=\"wp-block-column is-layout-flow wp-block-column-is-layout-flow\">\n<h4 class=\"has-ast-global-color-4-background-color has-text-color has-background wp-block-heading\" id=\"trader-vollzeit-100\" style=\"color:#2c4c65;margin-top:0px;margin-bottom:0;text-transform:none\">Trader f\u00fcr Handel mit Aluminium, Vollzeit 100%<\/h4>\n\n\n\n<p>Wir suchen eine\/n erfahrene\/n Rohstoffh\u00e4ndler\/in, die unser Verkaufsteam unterst\u00fctzt. Die Aufgaben umfassen den internationalen Handel mit Aluminium, das Aufbauen von nachhaltigen Gesch\u00e4ftsbeziehungen sowie das das Erweitern unser bestehendes Kunden- und Lieferantenportfolio. Des Weiteren ist das Verfolgen und Interpretieren von Marktentwicklungen und der B\u00f6rse ein wichtiger Bestandteil der Aufgaben.&nbsp;<\/p>\n\n\n\n<div id=\"gspb_button-id-gsbp-4357e3e1-db78\" class=\"gspb_button_wrapper gspb_button-id-gsbp-4357e3e1-db78 wp-block-greenshift-blocks-button\"><a class=\"gspb-buttonbox\" href=\"https:\/\/www.jode.at\/en\/trader-aluminium\/\" rel=\"noopener\"><span class=\"gspb-buttonbox-textwrap\"><span class=\"gspb-buttonbox-text\"><span class=\"gspb-buttonbox-title\">Jetzt bewerben!<\/span><\/span><\/span><\/a><\/div>\n\n\n\n<div style=\"height:60px\" aria-hidden=\"true\" class=\"wp-block-spacer\"><\/div>\n<\/div>\n\n\n\n<div class=\"wp-block-column is-layout-flow wp-block-column-is-layout-flow\">\n<h4 class=\"has-ast-global-color-4-background-color has-text-color has-background wp-block-heading\" id=\"buchhalter-in-teilzet-40-60\" style=\"color:#2c4c65;margin-top:0px;margin-bottom:0;text-transform:none\">Buchhalter\/in, Teilzet 40-60%<\/h4>\n\n\n\n<p>Wir suchen eine\/n erfahrene\/n Buchhalter\/in, die unser Team unterst\u00fctzt. Die Aufgaben umfassen die Erstellung von Finanzbuchhaltungen, die Abwicklung von Zahlungen, das Nachgehen von offenen Positionen, die Erstellung von Monats- und Jahresabschl\u00fcssen sowie die Unterst\u00fctzung bei der Erstellung von Rechnungen.<\/p>\n\n\n\n<div id=\"gspb_button-id-gsbp-cd978734-72dc\" class=\"gspb_button_wrapper gspb_button-id-gsbp-cd978734-72dc wp-block-greenshift-blocks-button\"><a class=\"gspb-buttonbox\" href=\"https:\/\/www.jode.at\/en\/buchhalter\/\" rel=\"noopener\"><span class=\"gspb-buttonbox-textwrap\"><span class=\"gspb-buttonbox-text\"><span class=\"gspb-buttonbox-title\">Jetzt bewerben!<\/span><\/span><\/span><\/a><\/div>\n\n\n\n<div style=\"height:60px\" aria-hidden=\"true\" class=\"wp-block-spacer\"><\/div>\n<\/div>\n<\/div>\n\n\n\n<div class=\"wp-block-columns has-ast-global-color-5-background-color has-background is-layout-flex wp-container-core-columns-is-layout-28f84493 wp-block-columns-is-layout-flex\">\n<div class=\"wp-block-column is-layout-flow wp-block-column-is-layout-flow\">\n<h4 class=\"has-ast-global-color-4-background-color has-text-color has-background wp-block-heading\" id=\"lkw-fahrer-vollzeit-100\" style=\"color:#2c4c65;margin-top:0px;margin-bottom:0;text-transform:none\">LKW Fahrer, Vollzeit 100%<\/h4>\n\n\n\n<p>Wir suchen eine\/n erfahrene\/n Lastwagenfahrer\/in, der\/die unser Team unterst\u00fctzt. Zu Ihren Aufgaben geh\u00f6rt das F\u00fchren von schweren Motorfahrzeugen und Spezialger\u00e4ten sowie das Durchf\u00fchren des Parkdienstes an den Fahrzeugen.<\/p>\n\n\n\n<div id=\"gspb_button-id-gsbp-ab73af19-c37f\" class=\"gspb_button_wrapper gspb_button-id-gsbp-ab73af19-c37f wp-block-greenshift-blocks-button\"><a class=\"gspb-buttonbox\" href=\"https:\/\/www.jode.at\/en\/lkw-fahrer-vollzeit\/\" rel=\"noopener\"><span class=\"gspb-buttonbox-textwrap\"><span class=\"gspb-buttonbox-text\"><span class=\"gspb-buttonbox-title\">Jetzt bewerben!<\/span><\/span><\/span><\/a><\/div>\n\n\n\n<div style=\"height:60px\" aria-hidden=\"true\" class=\"wp-block-spacer\"><\/div>\n<\/div>\n\n\n\n<div class=\"wp-block-column is-layout-flow wp-block-column-is-layout-flow\">\n<h4 class=\"has-ast-global-color-4-background-color has-text-color has-background wp-block-heading\" id=\"trader-im-holzbereich-vollzeit-100\" style=\"color:#2c4c65;margin-top:0px;margin-bottom:0;text-transform:none\">Trader im Holzbereich, Vollzeit 100%<\/h4>\n\n\n\n<p>Wir suchen eine\/n erfahrene\/n Rohstoffh\u00e4ndler\/in, die unser Verkaufsteam unterst\u00fctzt. Die Aufgaben umfassen den internationalen Handel mit Holz, das Aufbauen von nachhaltigen Gesch\u00e4ftsbeziehungen sowie das das Erweitern unser bestehendes Kunden- und Lieferantenportfolio. Des Weiteren ist das Verfolgen und Interpretieren von Marktentwicklungen und der B\u00f6rse ein wichtiger Bestandteil der Aufgaben.<br><\/p>\n\n\n\n<div id=\"gspb_button-id-gsbp-499a770a-47e7\" class=\"gspb_button_wrapper gspb_button-id-gsbp-499a770a-47e7 wp-block-greenshift-blocks-button\"><a class=\"gspb-buttonbox\" href=\"https:\/\/www.jode.at\/en\/trader-holzbereich\/\" rel=\"noopener\"><span class=\"gspb-buttonbox-textwrap\"><span class=\"gspb-buttonbox-text\"><span class=\"gspb-buttonbox-title\">Jetzt bewerben!<\/span><\/span><\/span><\/a><\/div>\n\n\n\n<div style=\"height:60px\" aria-hidden=\"true\" class=\"wp-block-spacer\"><\/div>\n<\/div>\n<\/div>\n\n\n\n<div class=\"wp-block-columns has-ast-global-color-5-background-color has-background is-layout-flex wp-container-core-columns-is-layout-28f84493 wp-block-columns-is-layout-flex\">\n<div class=\"wp-block-column is-layout-flow wp-block-column-is-layout-flow\">\n<h4 class=\"has-ast-global-color-4-background-color has-text-color has-background wp-block-heading\" id=\"trader-fur-handel-mit-sekundarmaterial-vollzeit-100\" style=\"color:#2c4c65;margin-top:0px;margin-bottom:0;text-transform:none\">Trader f\u00fcr Handel mit Sekund\u00e4rmaterial , Vollzeit 100%<\/h4>\n\n\n\n<p>Wir suchen eine\/n erfahrene\/n Rohstoffh\u00e4ndler\/in, die unser Verkaufsteam am Standort Dornbirn unterst\u00fctzt. Die Aufgaben umfassen den internationalen Handel mit Sekund\u00e4rmaterial, das Aufbauen von nachhaltigen Gesch\u00e4ftsbeziehungen sowie das das Erweitern unser bestehendes Kunden- und Lieferantenportfolio. Des Weiteren ist das Verfolgen und Interpretieren von Marktentwicklungen und der B\u00f6rse ein wichtiger Bestandteil der Aufgaben.<\/p>\n\n\n\n<div id=\"gspb_button-id-gsbp-43d0b086-fc16\" class=\"gspb_button_wrapper gspb_button-id-gsbp-43d0b086-fc16 wp-block-greenshift-blocks-button\"><a class=\"gspb-buttonbox\" href=\"https:\/\/www.jode.at\/en\/trader-handel-sekundaermaterial\/\" rel=\"noopener\"><span class=\"gspb-buttonbox-textwrap\"><span class=\"gspb-buttonbox-text\"><span class=\"gspb-buttonbox-title\">Jetzt bewerben!<\/span><\/span><\/span><\/a><\/div>\n\n\n\n<div style=\"height:60px\" aria-hidden=\"true\" class=\"wp-block-spacer\"><\/div>\n<\/div>\n<\/div>\n\n\n\n<div class=\"wp-block-cover alignfull has-parallax\" style=\"min-height:335px;aspect-ratio:unset;\"><span aria-hidden=\"true\" class=\"wp-block-cover__background has-background-dim-100 has-background-dim\" style=\"background-color:#2c4c65\"><\/span><div role=\"img\" class=\"wp-block-cover__image-background wp-image-3876 has-parallax\" style=\"background-position:50% 50%;background-image:url(https:\/\/www.jode.at\/wp-content\/uploads\/2022\/10\/title-text-textfield.png)\"><\/div><div class=\"wp-block-cover__inner-container is-layout-flow wp-block-cover-is-layout-flow\">\n<h3 class=\"has-text-align-center has-ast-global-color-5-color has-text-color wp-block-heading\" id=\"wir-wollen-neue-wege-finden-um-effektiver-ans-ziel-zu-kommen\" style=\"text-transform:none\"><br>We want to find new ways to reach our goals more effectively.<\/h3>\n\n\n\n<p class=\"has-text-align-center has-ast-global-color-5-color has-text-color\">We are a company with decades of experience<br>on a national and international level.<\/p>\n\n\n\n<div class=\"wp-block-buttons is-content-justification-center is-layout-flex wp-container-core-buttons-is-layout-a89b3969 wp-block-buttons-is-layout-flex\">\n<div class=\"wp-block-button\"><a class=\"wp-block-button__link wp-element-button\" href=\"https:\/\/www.jode.at\/en\/kontakt\/\">Contact us<\/a><\/div>\n<\/div>\n<\/div><\/div>","protected":false},"excerpt":{"rendered":"<p>St\u00e4rke mit uns den globalen Handel von Rohstoffen, Waren und G\u00fctern. Werde Teil von JODE. Werden Sie Teil unseres Teams und seien Sie ein Teil eines dynamischen und schnell wachsenden Unternehmens in der Rohstoffhandelsbranche. In unserem Unternehmen glauben wir an eine kollaborative und offene Arbeitsumgebung, in der Mitarbeiter wachsen und sich beruflich entwickeln k\u00f6nnen. Als &hellip;<\/p>\n<p class=\"read-more\"> <a class=\"\" href=\"https:\/\/www.jode.at\/en\/jobs\/\"> <span class=\"screen-reader-text\">Jobs<\/span> Read More \u00bb<\/a><\/p>","protected":false},"author":1,"featured_media":0,"parent":0,"menu_order":0,"comment_status":"closed","ping_status":"closed","template":"","meta":{"tpgb_global_settings":"","_eb_attr":"EB Garamond,EB Garamond","_gspb_post_css":"@import url(https:\/\/fonts.googleapis.com\/css?family=EB+Garamond:500|EB+Garamond|EB+Garamond:500|EB+Garamond|EB+Garamond:500|EB+Garamond|EB+Garamond:500|EB+Garamond|EB+Garamond:500|EB+Garamond);.gspb_button-id-gsbp-4357e3e1-db78,.gspb_button-id-gsbp-43d0b086-fc16,.gspb_button-id-gsbp-499a770a-47e7,.gspb_button-id-gsbp-ab73af19-c37f,.gspb_button-id-gsbp-cd978734-72dc{display:flex;justify-content:flex-start}.gspb_button-id-gsbp-4357e3e1-db78>.gspb-buttonbox{display:inline-block;text-decoration:none!important;color:#fff;line-height:16px;position:relative;z-index:0;cursor:pointer;box-sizing:border-box}.gspb_button-id-gsbp-4357e3e1-db78 .gspb-buttonbox-text{display:flex;flex-direction:column}.gspb_button-id-gsbp-4357e3e1-db78>.gspb-buttonbox{margin-top:0;padding:15px 20px;background-color:#0d1826;width:auto;border-color:#0d1826;border-width:5px;box-shadow:0 15px 25px 0 rgba(0,0,0,.1)}.gspb_button-id-gsbp-4357e3e1-db78>.gspb-buttonbox,.gspb_button-id-gsbp-4357e3e1-db78>.gspb-buttonbox .wp-block{font-family:EB Garamond,sans-serif;font-size:18px;font-weight:custom!important}.gspb_button-id-gsbp-4357e3e1-db78>.gspb-buttonbox,.gspb_button-id-gsbp-4357e3e1-db78>.gspb-buttonbox>.gspb_backgroundOverlay{border-top-left-radius:8px;border-top-right-radius:8px;border-bottom-right-radius:8px;border-bottom-left-radius:8px}.gspb_button-id-gsbp-cd978734-72dc>.gspb-buttonbox{display:inline-block;text-decoration:none!important;color:#fff;line-height:16px;position:relative;z-index:0;cursor:pointer;box-sizing:border-box}.gspb_button-id-gsbp-cd978734-72dc .gspb-buttonbox-text{display:flex;flex-direction:column}.gspb_button-id-gsbp-cd978734-72dc>.gspb-buttonbox{margin-top:0;padding:15px 20px;background-color:#0d1826;width:auto;border-color:#0d1826;border-width:5px;box-shadow:0 15px 25px 0 rgba(0,0,0,.1)}.gspb_button-id-gsbp-cd978734-72dc>.gspb-buttonbox,.gspb_button-id-gsbp-cd978734-72dc>.gspb-buttonbox .wp-block{font-family:EB Garamond,sans-serif;font-size:18px;font-weight:custom!important}.gspb_button-id-gsbp-cd978734-72dc>.gspb-buttonbox,.gspb_button-id-gsbp-cd978734-72dc>.gspb-buttonbox>.gspb_backgroundOverlay{border-top-left-radius:8px;border-top-right-radius:8px;border-bottom-right-radius:8px;border-bottom-left-radius:8px}.gspb_button-id-gsbp-43d0b086-fc16>.gspb-buttonbox{display:inline-block;text-decoration:none!important;color:#fff;line-height:16px;position:relative;z-index:0;cursor:pointer;box-sizing:border-box}.gspb_button-id-gsbp-43d0b086-fc16 .gspb-buttonbox-text{display:flex;flex-direction:column}.gspb_button-id-gsbp-43d0b086-fc16>.gspb-buttonbox{margin-top:0;padding:15px 20px;background-color:#0d1826;width:auto;border-color:#0d1826;border-width:5px;box-shadow:0 15px 25px 0 rgba(0,0,0,.1)}.gspb_button-id-gsbp-43d0b086-fc16>.gspb-buttonbox,.gspb_button-id-gsbp-43d0b086-fc16>.gspb-buttonbox .wp-block{font-family:EB Garamond,sans-serif;font-size:18px;font-weight:custom!important}.gspb_button-id-gsbp-43d0b086-fc16>.gspb-buttonbox,.gspb_button-id-gsbp-43d0b086-fc16>.gspb-buttonbox>.gspb_backgroundOverlay{border-top-left-radius:8px;border-top-right-radius:8px;border-bottom-right-radius:8px;border-bottom-left-radius:8px}.gspb_button-id-gsbp-ab73af19-c37f>.gspb-buttonbox{display:inline-block;text-decoration:none!important;color:#fff;line-height:16px;position:relative;z-index:0;cursor:pointer;box-sizing:border-box}.gspb_button-id-gsbp-ab73af19-c37f .gspb-buttonbox-text{display:flex;flex-direction:column}.gspb_button-id-gsbp-ab73af19-c37f>.gspb-buttonbox{margin-top:0;padding:15px 20px;background-color:#0d1826;width:auto;border-color:#0d1826;border-width:5px;box-shadow:0 15px 25px 0 rgba(0,0,0,.1)}.gspb_button-id-gsbp-ab73af19-c37f>.gspb-buttonbox,.gspb_button-id-gsbp-ab73af19-c37f>.gspb-buttonbox .wp-block{font-family:EB Garamond,sans-serif;font-size:18px;font-weight:custom!important}.gspb_button-id-gsbp-ab73af19-c37f>.gspb-buttonbox,.gspb_button-id-gsbp-ab73af19-c37f>.gspb-buttonbox>.gspb_backgroundOverlay{border-top-left-radius:8px;border-top-right-radius:8px;border-bottom-right-radius:8px;border-bottom-left-radius:8px}.gspb_button-id-gsbp-499a770a-47e7>.gspb-buttonbox{display:inline-block;text-decoration:none!important;color:#fff;line-height:16px;position:relative;z-index:0;cursor:pointer;box-sizing:border-box}.gspb_button-id-gsbp-499a770a-47e7 .gspb-buttonbox-text{display:flex;flex-direction:column}.gspb_button-id-gsbp-499a770a-47e7>.gspb-buttonbox{margin-top:0;padding:15px 20px;background-color:#0d1826;width:auto;border-color:#0d1826;border-width:5px;box-shadow:0 15px 25px 0 rgba(0,0,0,.1)}.gspb_button-id-gsbp-499a770a-47e7>.gspb-buttonbox,.gspb_button-id-gsbp-499a770a-47e7>.gspb-buttonbox .wp-block{font-family:EB Garamond,sans-serif;font-size:18px;font-weight:custom!important}.gspb_button-id-gsbp-499a770a-47e7>.gspb-buttonbox,.gspb_button-id-gsbp-499a770a-47e7>.gspb-buttonbox>.gspb_backgroundOverlay{border-top-left-radius:8px;border-top-right-radius:8px;border-bottom-right-radius:8px;border-bottom-left-radius:8px}","_uag_custom_page_level_css":"","ub_ctt_via":"","site-sidebar-layout":"no-sidebar","site-content-layout":"plain-container","ast-global-header-display":"","ast-main-header-display":"","ast-hfb-above-header-display":"","ast-hfb-below-header-display":"","ast-hfb-mobile-header-display":"","site-post-title":"disabled","ast-breadcrumbs-content":"","ast-featured-img":"disabled","footer-sml-layout":"","theme-transparent-header-meta":"enabled","adv-header-id-meta":"","stick-header-meta":"","header-above-stick-meta":"","header-main-stick-meta":"","header-below-stick-meta":"","footnotes":""},"class_list":["post-5729","page","type-page","status-publish","hentry"],"aioseo_notices":[],"featured_image_src":null,"tpgb_featured_images":null,"tpgb_post_meta_info":{"get_date":"January 30, 2023","author_name":"Elena","author_url":"https:\/\/www.jode.at\/en\/author\/elena-stelle-vis-commail-com\/","author_email":"elena.stelle.vis.com@gmail.com","author_website":"https:\/\/www.jode.at","author_description":"","author_facebook":"","author_twitter":"","author_instagram":"","author_role":["administrator"],"author_firstname":"Elena","author_lastname":"Stelle","user_login":"elena.stelle.vis.com@mail.com","author_avatar":"<img alt='' src='https:\/\/secure.gravatar.com\/avatar\/756d2434b26cfa01a838c539baedc2d01f02b0f787451ead21686a7f8f98f50f?s=200&#038;d=mm&#038;r=g' srcset='https:\/\/secure.gravatar.com\/avatar\/756d2434b26cfa01a838c539baedc2d01f02b0f787451ead21686a7f8f98f50f?s=400&#038;d=mm&#038;r=g 2x' class='avatar avatar-200 photo' height='200' width='200' loading='lazy' decoding='async'\/>","author_avatar_url":"https:\/\/secure.gravatar.com\/avatar\/756d2434b26cfa01a838c539baedc2d01f02b0f787451ead21686a7f8f98f50f?s=96&d=mm&r=g","comment_count":0,"post_likes":0,"post_views":0},"tpgb_post_category":[],"uagb_featured_image_src":{"full":false,"thumbnail":false,"medium":false,"medium_large":false,"large":false,"1536x1536":false,"2048x2048":false,"trp-custom-language-flag":false,"tp-image-grid":false},"uagb_author_info":{"display_name":"Elena","author_link":"https:\/\/www.jode.at\/en\/author\/elena-stelle-vis-commail-com\/"},"uagb_comment_info":0,"uagb_excerpt":"St\u00e4rke mit uns den globalen Handel von Rohstoffen, Waren und G\u00fctern. Werde Teil von JODE. Werden Sie Teil unseres Teams und seien Sie ein Teil eines dynamischen und schnell wachsenden Unternehmens in der Rohstoffhandelsbranche. In unserem Unternehmen glauben wir an eine kollaborative und offene Arbeitsumgebung, in der Mitarbeiter wachsen und sich beruflich entwickeln k\u00f6nnen. Als&hellip;","_links":{"self":[{"href":"https:\/\/www.jode.at\/en\/wp-json\/wp\/v2\/pages\/5729","targetHints":{"allow":["GET"]}}],"collection":[{"href":"https:\/\/www.jode.at\/en\/wp-json\/wp\/v2\/pages"}],"about":[{"href":"https:\/\/www.jode.at\/en\/wp-json\/wp\/v2\/types\/page"}],"author":[{"embeddable":true,"href":"https:\/\/www.jode.at\/en\/wp-json\/wp\/v2\/users\/1"}],"replies":[{"embeddable":true,"href":"https:\/\/www.jode.at\/en\/wp-json\/wp\/v2\/comments?post=5729"}],"version-history":[{"count":27,"href":"https:\/\/www.jode.at\/en\/wp-json\/wp\/v2\/pages\/5729\/revisions"}],"predecessor-version":[{"id":5851,"href":"https:\/\/www.jode.at\/en\/wp-json\/wp\/v2\/pages\/5729\/revisions\/5851"}],"wp:attachment":[{"href":"https:\/\/www.jode.at\/en\/wp-json\/wp\/v2\/media?parent=5729"}],"curies":[{"name":"wp","href":"https:\/\/api.w.org\/{rel}","templated":true}]}}