{"id":5784,"date":"2023-02-01T14:20:01","date_gmt":"2023-02-01T14:20:01","guid":{"rendered":"https:\/\/www.jode.at\/?page_id=5784"},"modified":"2023-02-03T10:09:30","modified_gmt":"2023-02-03T10:09:30","slug":"trader-aluminium","status":"publish","type":"page","link":"https:\/\/www.jode.at\/en\/trader-aluminium\/","title":{"rendered":"Trader Aluminium"},"content":{"rendered":"<div style=\"height:228px\" aria-hidden=\"true\" class=\"wp-block-spacer\"><\/div>\n\n\n\n<div class=\"inherit-container-width wp-block-group has-ast-global-color-4-background-color has-background is-layout-constrained wp-container-core-group-is-layout-69de643f wp-block-group-is-layout-constrained\" style=\"padding-top:40px;padding-right:40px;padding-bottom:40px;padding-left:40px\">\n<h4 class=\"has-text-color wp-block-heading\" id=\"starke-mit-uns-den-globalen-handel-von-rohstoffen-waren-und-gutern-werde-teil-von-jode\" style=\"color:#2c4c65;text-transform:none\">St\u00e4rke mit uns den globalen Handel von Rohstoffen, Waren und G\u00fctern. Werde Teil von JODE.<\/h4>\n\n\n\n<p>Werden Sie Teil unseres Teams und seien Sie ein Teil eines dynamischen und schnell wachsenden Unternehmens in der Rohstoffhandelsbranche. In unserem Unternehmen glauben wir an eine kollaborative und offene Arbeitsumgebung, in der Mitarbeiter wachsen und sich beruflich entwickeln k\u00f6nnen. Als weltweit agierendes Unternehmen bieten wir zahlreiche M\u00f6glichkeiten f\u00fcr internationale Exposition und Karriereentwicklung. Wenn Sie auf der Suche nach einer neuen Herausforderung sind und einen neuen Weg mit vielen Opportunit\u00e4ten beschreiten wollen, bewerben Sie sich jetzt und gehen Sie den n\u00e4chsten Schritt in Ihrer Karriere bei uns.<\/p>\n<\/div>\n\n\n\n<div style=\"height:60px\" aria-hidden=\"true\" class=\"wp-block-spacer\"><\/div>\n\n\n\n<div id=\"gspb_button-id-gsbp-0618fcec-7314\" class=\"gspb_button_wrapper gspb_button-id-gsbp-0618fcec-7314 wp-block-greenshift-blocks-button\"><a class=\"gspb-buttonbox\" href=\"https:\/\/www.jode.at\/en\/jobs\/\" rel=\"noopener\"><span class=\"gspb-buttonbox-textwrap\"><span class=\"gspb-buttonbox-icon\"><svg class=\"\" style=\"display:inline-block;vertical-align:middle\" width=\"15\" height=\"15\" viewbox=\"0 0 512 1024\" xmlns=\"http:\/\/www.w3.org\/2000\/svg\"><path style=\"fill:#565D66\" d=\"M476.95 951.070l14.142-14.14c9.372-9.372 9.372-24.568 0-33.942l-390.986-390.988 390.986-390.988c9.372-9.372 9.372-24.568 0-33.942l-14.142-14.14c-9.372-9.372-24.568-9.372-33.94 0l-422.102 422.1c-9.372 9.372-9.372 24.568 0 33.942l422.102 422.1c9.372 9.372 24.568 9.372 33.94-0.002z\"><\/path><\/svg><\/span><span class=\"gspb-buttonbox-text\"><span class=\"gspb-buttonbox-title\">Zu den Stellenanzeigen<\/span><\/span><\/span><\/a><\/div>\n\n\n\n<div class=\"wp-block-columns has-ast-global-color-5-background-color has-background is-layout-flex wp-container-core-columns-is-layout-28f84493 wp-block-columns-is-layout-flex\">\n<div class=\"wp-block-column is-layout-flow wp-block-column-is-layout-flow\">\n<h4 class=\"has-ast-global-color-4-background-color has-text-color has-background wp-block-heading\" id=\"trader-fur-handel-mit-aluminium-vollzeit-100\" style=\"color:#2c4c65;margin-top:0px;margin-bottom:0;text-transform:none\">Trader f\u00fcr Handel mit Aluminium, Vollzeit 100%<\/h4>\n\n\n\n<p><strong>Festanstellung Vollzeit&nbsp;<\/strong><\/p>\n\n\n\n<p><strong>JODE<\/strong>&nbsp;ist einer der global f\u00fchrenden Vermarkter von Rohstoffen, Waren und G\u00fctern. Durch die jahrzehntelange Erfahrung von JODE und dem international gespannten Netzwerk an Lieferanten, k\u00f6nnen sich Unternehmen aus der gesamten Industrie auf uns als Partner f\u00fcr Ihr Unternehmen verlassen.<\/p>\n\n\n\n<p>Unser Erfolg besteht auf einem standfesten Fundament, das \u00fcber lange Zeit aufgebaut wurde und der j\u00e4hrlich erzielte Erfolg und das extrem starke Wachstum spiegelt dies wider.&nbsp;<\/p>\n\n\n\n<p>Wir suchen eine\/n erfahrene\/n Rohstoffh\u00e4ndler\/in, die unser Verkaufsteam unterst\u00fctzt. Die Aufgaben umfassen den internationalen Handel mit Aluminium, das Aufbauen von nachhaltigen Gesch\u00e4ftsbeziehungen sowie das das Erweitern unser bestehendes Kunden- und Lieferantenportfolio. Des Weiteren ist das Verfolgen und Interpretieren von Marktentwicklungen und der B\u00f6rse ein wichtiger Bestandteil der Aufgaben.&nbsp;<\/p>\n\n\n\n<p><strong>Anforderungen:<\/strong><\/p>\n\n\n\n<ul class=\"wp-block-list\">\n<li>Berufserfahrung im Verkauf und idealerweise auch im Einkauf<\/li>\n\n\n\n<li>Erfahrung im Metallbereich<\/li>\n\n\n\n<li>Flie\u00dfend Englisch und Deutsch, weitere Sprachen von Vorteil<\/li>\n\n\n\n<li>Starke und sichere Verkaufspers\u00f6nlichkeit mit der F\u00e4higkeit Gesch\u00e4fte abzuschlie\u00dfen<\/li>\n\n\n\n<li>Selbstst\u00e4ndige und genaue Arbeitsweise, vernetztes Denken und belastbar<\/li>\n\n\n\n<li>Gesch\u00e4ftsreisen zwischen 20% und 40%&nbsp;<\/li>\n<\/ul>\n\n\n\n<p><strong>Was wir bieten:<\/strong><\/p>\n\n\n\n<ul class=\"wp-block-list\">\n<li>Mitwirken in einem der am schnellst wachsenden Unternehmen<\/li>\n\n\n\n<li>Gro\u00dfe Freiheiten und extreme Opportunit\u00e4ten neues zu lernen und aufzusteigen<\/li>\n\n\n\n<li>Modernes B\u00fcro inklusive eigenen modernen Arbeitsmittel<\/li>\n\n\n\n<li>Kostenlose Getr\u00e4nke sowie Kaffee und ein gro\u00dfartiges Team<\/li>\n\n\n\n<li>Erlebnisreiche Firmenevents die auch \u00f6fter mal im Ausland stattfinden<\/li>\n\n\n\n<li>Solider Grundgehalt mit einer hohen motivierenden Provision<\/li>\n<\/ul>\n\n\n\n<p>Wir bieten eine abwechslungsreiche T\u00e4tigkeit in einem dynamischen Team sowie die M\u00f6glichkeit zur pers\u00f6nlichen und fachlichen Weiterentwicklung. Wenn Sie Interesse haben, in einem abwechslungsreichen, motivierenden und spannenden Unternehmen mitzuwirken, dann bewerben Sie sich bitte mit Ihren vollst\u00e4ndigen Bewerbungsunterlagen per E-Mail auf office@jode.at. Wir freuen uns auf Ihre Bewerbung.<\/p>\n\n\n\n<div id=\"gspb_button-id-gsbp-964564ee-cc47\" class=\"gspb_button_wrapper gspb_button-id-gsbp-964564ee-cc47 wp-block-greenshift-blocks-button\"><a class=\"gspb-buttonbox\" href=\"https:\/\/www.jode.at\/wp-content\/uploads\/2023\/02\/Stellenangebot-JODE-Trader-Alu.pdf\" rel=\"noopener\"><span class=\"gspb-buttonbox-textwrap\"><span class=\"gspb-buttonbox-icon\"><svg class=\"\" style=\"display:inline-block;vertical-align:middle\" width=\"15\" height=\"15\" viewbox=\"0 0 1024 1024\" xmlns=\"http:\/\/www.w3.org\/2000\/svg\"><path style=\"fill:#565D66\" d=\"M432 0h160c26.6 0 48 21.4 48 48v336h175.4c35.6 0 53.4 43 28.2 68.2l-304.2 304.4c-15 15-39.6 15-54.6 0l-304.6-304.4c-25.2-25.2-7.4-68.2 28.2-68.2h175.6v-336c0-26.6 21.4-48 48-48zM1024 752v224c0 26.6-21.4 48-48 48h-928c-26.6 0-48-21.4-48-48v-224c0-26.6 21.4-48 48-48h293.4l98 98c40.2 40.2 105 40.2 145.2 0l98-98h293.4c26.6 0 48 21.4 48 48zM776 928c0-22-18-40-40-40s-40 18-40 40 18 40 40 40 40-18 40-40zM904 928c0-22-18-40-40-40s-40 18-40 40 18 40 40 40 40-18 40-40z\"><\/path><\/svg><\/span><span class=\"gspb-buttonbox-text\"><span class=\"gspb-buttonbox-title\">Download PDF <\/span><\/span><\/span><\/a><\/div>\n\n\n\n<div id=\"gspb_button-id-gsbp-79b2ec44-e955\" class=\"gspb_button_wrapper gspb_button-id-gsbp-79b2ec44-e955 wp-block-greenshift-blocks-button\"><a class=\"gspb-buttonbox\" href=\"mailto:office@jode.at\" rel=\"noopener\"><span class=\"gspb-buttonbox-textwrap\"><span class=\"gspb-buttonbox-text\"><span class=\"gspb-buttonbox-title\">Jetzt bewerben!<\/span><\/span><\/span><\/a><\/div>\n\n\n\n<div style=\"height:60px\" aria-hidden=\"true\" class=\"wp-block-spacer\"><\/div>\n<\/div>\n<\/div>\n\n\n\n<div class=\"wp-block-cover alignfull has-parallax\" style=\"min-height:335px;aspect-ratio:unset;\"><span aria-hidden=\"true\" class=\"wp-block-cover__background has-background-dim-100 has-background-dim\" style=\"background-color:#2c4c65\"><\/span><div role=\"img\" class=\"wp-block-cover__image-background wp-image-3876 has-parallax\" style=\"background-position:50% 50%;background-image:url(https:\/\/www.jode.at\/wp-content\/uploads\/2022\/10\/title-text-textfield.png)\"><\/div><div class=\"wp-block-cover__inner-container is-layout-flow wp-block-cover-is-layout-flow\">\n<h3 class=\"has-text-align-center has-ast-global-color-5-color has-text-color wp-block-heading\" id=\"wir-wollen-neue-wege-finden-um-effektiver-ans-ziel-zu-kommen\" style=\"text-transform:none\"><br>We want to find new ways to reach our goals more effectively.<\/h3>\n\n\n\n<p class=\"has-text-align-center has-ast-global-color-5-color has-text-color\">We are a company with decades of experience<br>on a national and international level.<\/p>\n\n\n\n<div class=\"wp-block-buttons is-content-justification-center is-layout-flex wp-container-core-buttons-is-layout-a89b3969 wp-block-buttons-is-layout-flex\">\n<div class=\"wp-block-button\"><a class=\"wp-block-button__link wp-element-button\" href=\"https:\/\/www.jode.at\/en\/kontakt\/\">Contact us<\/a><\/div>\n<\/div>\n<\/div><\/div>","protected":false},"excerpt":{"rendered":"<p>St\u00e4rke mit uns den globalen Handel von Rohstoffen, Waren und G\u00fctern. Werde Teil von JODE. Werden Sie Teil unseres Teams und seien Sie ein Teil eines dynamischen und schnell wachsenden Unternehmens in der Rohstoffhandelsbranche. In unserem Unternehmen glauben wir an eine kollaborative und offene Arbeitsumgebung, in der Mitarbeiter wachsen und sich beruflich entwickeln k\u00f6nnen. Als &hellip;<\/p>\n<p class=\"read-more\"> <a class=\"\" href=\"https:\/\/www.jode.at\/en\/trader-aluminium\/\"> <span class=\"screen-reader-text\">Trader Aluminium<\/span> Read More \u00bb<\/a><\/p>","protected":false},"author":1,"featured_media":0,"parent":0,"menu_order":0,"comment_status":"closed","ping_status":"closed","template":"","meta":{"tpgb_global_settings":"","_eb_attr":"EB Garamond,EB Garamond","_gspb_post_css":"@import url(https:\/\/fonts.googleapis.com\/css?family=EB+Garamond:500|EB+Garamond|EB+Garamond:500|EB+Garamond|EB+Garamond:500|EB+Garamond);.gspb_button-id-gsbp-0618fcec-7314,.gspb_button-id-gsbp-79b2ec44-e955,.gspb_button-id-gsbp-964564ee-cc47{display:flex;justify-content:flex-start}.gspb_button-id-gsbp-0618fcec-7314>.gspb-buttonbox{display:inline-block;text-decoration:none!important;color:#fff;line-height:16px;position:relative;z-index:0;cursor:pointer;box-sizing:border-box}.gspb_button-id-gsbp-0618fcec-7314 .gspb-buttonbox-text{display:flex;flex-direction:column}.gspb_button-id-gsbp-0618fcec-7314 .gspb-buttonbox-icon svg,.gspb_button-id-gsbp-0618fcec-7314 .gspb-buttonbox-icon svg path,.gspb_button-id-gsbp-964564ee-cc47 .gspb-buttonbox-icon svg,.gspb_button-id-gsbp-964564ee-cc47 .gspb-buttonbox-icon svg path{fill:var(--ast-global-color-5)!important}.gspb_button-id-gsbp-0618fcec-7314 .gspb-buttonbox-icon svg:hover,.gspb_button-id-gsbp-0618fcec-7314 .gspb-buttonbox-icon svg:hover path,.gspb_button-id-gsbp-0618fcec-7314>.gspb-buttonbox:hover .gspb-buttonbox-icon svg,.gspb_button-id-gsbp-0618fcec-7314>.gspb-buttonbox:hover .gspb-buttonbox-icon svg path,.gspb_button-id-gsbp-964564ee-cc47 .gspb-buttonbox-icon svg:hover,.gspb_button-id-gsbp-964564ee-cc47 .gspb-buttonbox-icon svg:hover path,.gspb_button-id-gsbp-964564ee-cc47>.gspb-buttonbox:hover .gspb-buttonbox-icon svg,.gspb_button-id-gsbp-964564ee-cc47>.gspb-buttonbox:hover .gspb-buttonbox-icon svg path{fill:var(--ast-global-color-8)!important}.gspb_button-id-gsbp-0618fcec-7314>.gspb-buttonbox>.gspb-buttonbox-textwrap{display:flex;flex-direction:row;align-items:center}.gspb_button-id-gsbp-0618fcec-7314 .gspb-buttonbox-icon{margin-right:13px}.gspb_button-id-gsbp-0618fcec-7314>.gspb-buttonbox{margin-top:0;padding:15px 20px;background-color:#2c4c65;width:auto;border-color:#0d1826;border-width:5px;box-shadow:0 15px 25px 0 rgba(0,0,0,.1)}.gspb_button-id-gsbp-0618fcec-7314>.gspb-buttonbox,.gspb_button-id-gsbp-0618fcec-7314>.gspb-buttonbox .wp-block{font-family:EB Garamond,sans-serif;font-size:18px;font-weight:custom!important}.gspb_button-id-gsbp-0618fcec-7314>.gspb-buttonbox,.gspb_button-id-gsbp-0618fcec-7314>.gspb-buttonbox>.gspb_backgroundOverlay{border-top-left-radius:8px;border-top-right-radius:8px;border-bottom-right-radius:8px;border-bottom-left-radius:8px}.gspb_button-id-gsbp-964564ee-cc47>.gspb-buttonbox{display:inline-block;text-decoration:none!important;color:#fff;line-height:16px;position:relative;z-index:0;cursor:pointer;box-sizing:border-box}.gspb_button-id-gsbp-964564ee-cc47 .gspb-buttonbox-text{display:flex;flex-direction:column}.gspb_button-id-gsbp-964564ee-cc47>.gspb-buttonbox>.gspb-buttonbox-textwrap{display:flex;flex-direction:row;align-items:center}.gspb_button-id-gsbp-964564ee-cc47 .gspb-buttonbox-icon{margin-right:13px}.gspb_button-id-gsbp-964564ee-cc47>.gspb-buttonbox{margin-top:0;padding:15px 20px;background-color:#00000047;width:auto;border-color:#0d1826;border-width:5px;box-shadow:0 15px 25px 0 rgba(0,0,0,.1)}.gspb_button-id-gsbp-964564ee-cc47>.gspb-buttonbox,.gspb_button-id-gsbp-964564ee-cc47>.gspb-buttonbox .wp-block{font-family:EB Garamond,sans-serif;font-size:18px;font-weight:custom!important}.gspb_button-id-gsbp-964564ee-cc47>.gspb-buttonbox,.gspb_button-id-gsbp-964564ee-cc47>.gspb-buttonbox>.gspb_backgroundOverlay{border-top-left-radius:8px;border-top-right-radius:8px;border-bottom-right-radius:8px;border-bottom-left-radius:8px}.gspb_button-id-gsbp-79b2ec44-e955>.gspb-buttonbox{display:inline-block;text-decoration:none!important;color:#fff;line-height:16px;position:relative;z-index:0;cursor:pointer;box-sizing:border-box}.gspb_button-id-gsbp-79b2ec44-e955 .gspb-buttonbox-text{display:flex;flex-direction:column}.gspb_button-id-gsbp-79b2ec44-e955>.gspb-buttonbox{margin-top:0;padding:15px 20px;background-color:#000;width:auto;border-color:#0d1826;border-width:5px;box-shadow:0 15px 25px 0 rgba(0,0,0,.1)}.gspb_button-id-gsbp-79b2ec44-e955>.gspb-buttonbox,.gspb_button-id-gsbp-79b2ec44-e955>.gspb-buttonbox .wp-block{font-family:EB Garamond,sans-serif;font-size:18px;font-weight:custom!important}.gspb_button-id-gsbp-79b2ec44-e955>.gspb-buttonbox,.gspb_button-id-gsbp-79b2ec44-e955>.gspb-buttonbox>.gspb_backgroundOverlay{border-top-left-radius:8px;border-top-right-radius:8px;border-bottom-right-radius:8px;border-bottom-left-radius:8px}","_uag_custom_page_level_css":"","ub_ctt_via":"","site-sidebar-layout":"no-sidebar","site-content-layout":"plain-container","ast-global-header-display":"","ast-main-header-display":"","ast-hfb-above-header-display":"","ast-hfb-below-header-display":"","ast-hfb-mobile-header-display":"","site-post-title":"disabled","ast-breadcrumbs-content":"","ast-featured-img":"disabled","footer-sml-layout":"","theme-transparent-header-meta":"enabled","adv-header-id-meta":"","stick-header-meta":"","header-above-stick-meta":"","header-main-stick-meta":"","header-below-stick-meta":"","footnotes":""},"class_list":["post-5784","page","type-page","status-publish","hentry"],"aioseo_notices":[],"featured_image_src":null,"tpgb_featured_images":null,"tpgb_post_meta_info":{"get_date":"February 1, 2023","author_name":"Elena","author_url":"https:\/\/www.jode.at\/en\/author\/elena-stelle-vis-commail-com\/","author_email":"elena.stelle.vis.com@gmail.com","author_website":"https:\/\/www.jode.at","author_description":"","author_facebook":"","author_twitter":"","author_instagram":"","author_role":["administrator"],"author_firstname":"Elena","author_lastname":"Stelle","user_login":"elena.stelle.vis.com@mail.com","author_avatar":"<img alt='' src='https:\/\/secure.gravatar.com\/avatar\/756d2434b26cfa01a838c539baedc2d01f02b0f787451ead21686a7f8f98f50f?s=200&#038;d=mm&#038;r=g' srcset='https:\/\/secure.gravatar.com\/avatar\/756d2434b26cfa01a838c539baedc2d01f02b0f787451ead21686a7f8f98f50f?s=400&#038;d=mm&#038;r=g 2x' class='avatar avatar-200 photo' height='200' width='200' loading='lazy' decoding='async'\/>","author_avatar_url":"https:\/\/secure.gravatar.com\/avatar\/756d2434b26cfa01a838c539baedc2d01f02b0f787451ead21686a7f8f98f50f?s=96&d=mm&r=g","comment_count":0,"post_likes":0,"post_views":0},"tpgb_post_category":[],"uagb_featured_image_src":{"full":false,"thumbnail":false,"medium":false,"medium_large":false,"large":false,"1536x1536":false,"2048x2048":false,"trp-custom-language-flag":false,"tp-image-grid":false},"uagb_author_info":{"display_name":"Elena","author_link":"https:\/\/www.jode.at\/en\/author\/elena-stelle-vis-commail-com\/"},"uagb_comment_info":0,"uagb_excerpt":"St\u00e4rke mit uns den globalen Handel von Rohstoffen, Waren und G\u00fctern. Werde Teil von JODE. Werden Sie Teil unseres Teams und seien Sie ein Teil eines dynamischen und schnell wachsenden Unternehmens in der Rohstoffhandelsbranche. In unserem Unternehmen glauben wir an eine kollaborative und offene Arbeitsumgebung, in der Mitarbeiter wachsen und sich beruflich entwickeln k\u00f6nnen. Als&hellip;","_links":{"self":[{"href":"https:\/\/www.jode.at\/en\/wp-json\/wp\/v2\/pages\/5784","targetHints":{"allow":["GET"]}}],"collection":[{"href":"https:\/\/www.jode.at\/en\/wp-json\/wp\/v2\/pages"}],"about":[{"href":"https:\/\/www.jode.at\/en\/wp-json\/wp\/v2\/types\/page"}],"author":[{"embeddable":true,"href":"https:\/\/www.jode.at\/en\/wp-json\/wp\/v2\/users\/1"}],"replies":[{"embeddable":true,"href":"https:\/\/www.jode.at\/en\/wp-json\/wp\/v2\/comments?post=5784"}],"version-history":[{"count":10,"href":"https:\/\/www.jode.at\/en\/wp-json\/wp\/v2\/pages\/5784\/revisions"}],"predecessor-version":[{"id":5844,"href":"https:\/\/www.jode.at\/en\/wp-json\/wp\/v2\/pages\/5784\/revisions\/5844"}],"wp:attachment":[{"href":"https:\/\/www.jode.at\/en\/wp-json\/wp\/v2\/media?parent=5784"}],"curies":[{"name":"wp","href":"https:\/\/api.w.org\/{rel}","templated":true}]}}